{"id":5,"date":"2024-07-03T16:00:06","date_gmt":"2024-07-03T14:00:06","guid":{"rendered":"https:\/\/2024.crtt.net\/imagerie-medicale\/?page_id=5"},"modified":"2026-01-08T22:04:23","modified_gmt":"2026-01-08T21:04:23","slug":"prendre-rv","status":"publish","type":"page","link":"https:\/\/crtt.net\/imagerie-medicale\/prendre-rv\/","title":{"rendered":"Prenez RDV en ligne"},"content":{"rendered":"\t\t<div data-elementor-type=\"wp-page\" data-elementor-id=\"5\" class=\"elementor elementor-5\" data-elementor-post-type=\"page\">\n\t\t\t\t<div class=\"elementor-element elementor-element-4b675f0 e-con-full e-flex e-con e-parent\" data-id=\"4b675f0\" data-element_type=\"container\">\n\t\t<div class=\"elementor-element elementor-element-13c35cc e-con-full e-flex e-con e-child\" data-id=\"13c35cc\" data-element_type=\"container\">\n\t\t\t\t<div class=\"elementor-element elementor-element-c95b250 elementor-widget elementor-widget-html\" data-id=\"c95b250\" data-element_type=\"widget\" data-widget_type=\"html.default\">\n\t\t\t\t<div class=\"elementor-widget-container\">\n\t\t\t\t\t\n\n<iframe style=\"height: 800px; min-height: 600px; width: 100%;\" src=\"https:\/\/partners.doctolib.fr\/centre-d-imagerie-medicale\/versailles\/crtt-versailles?locale=fr\" scrolling=\"auto\"><\/iframe><script src=\"https:\/\/www.doctolib.fr:443\/js\/iframeResizer.js\" nonce=\"\"><\/script>\n\n\n<script nonce=\"\">\niFrameResize({\n    scrolling: true, \n    checkOrigin: false \n});\n<\/script>\n\t\t\t\t<\/div>\n\t\t\t\t<\/div>\n\t\t\t\t<\/div>\n\t\t<div class=\"elementor-element elementor-element-aa5a1be e-con-full e-flex e-con e-child\" data-id=\"aa5a1be\" data-element_type=\"container\">\n\t\t<div class=\"elementor-element elementor-element-fcddcfd e-con-full e-flex e-con e-child\" data-id=\"fcddcfd\" data-element_type=\"container\">\n\t\t\t\t<div class=\"elementor-element elementor-element-0480931 elementor-align-start elementor-icon-list--layout-traditional elementor-list-item-link-full_width elementor-widget elementor-widget-icon-list\" data-id=\"0480931\" data-element_type=\"widget\" data-widget_type=\"icon-list.default\">\n\t\t\t\t<div class=\"elementor-widget-container\">\n\t\t\t\t\t\t\t<ul class=\"elementor-icon-list-items\">\n\t\t\t\t\t\t\t<li class=\"elementor-icon-list-item\">\n\t\t\t\t\t\t\t\t\t\t\t<span class=\"elementor-icon-list-icon\">\n\t\t\t\t\t\t\t<svg aria-hidden=\"true\" class=\"e-font-icon-svg e-fas-arrow-left\" viewBox=\"0 0 448 512\" xmlns=\"http:\/\/www.w3.org\/2000\/svg\"><path d=\"M257.5 445.1l-22.2 22.2c-9.4 9.4-24.6 9.4-33.9 0L7 273c-9.4-9.4-9.4-24.6 0-33.9L201.4 44.7c9.4-9.4 24.6-9.4 33.9 0l22.2 22.2c9.5 9.5 9.3 25-.4 34.3L136.6 216H424c13.3 0 24 10.7 24 24v32c0 13.3-10.7 24-24 24H136.6l120.5 114.8c9.8 9.3 10 24.8.4 34.3z\"><\/path><\/svg>\t\t\t\t\t\t<\/span>\n\t\t\t\t\t\t\t\t\t\t<span class=\"elementor-icon-list-text\">Prenez rendez vous sur Doctolib<\/span>\n\t\t\t\t\t\t\t\t\t<\/li>\n\t\t\t\t\t\t<\/ul>\n\t\t\t\t\t\t<\/div>\n\t\t\t\t<\/div>\n\t\t\t\t<div class=\"elementor-element elementor-element-7d86b11 elementor-widget elementor-widget-text-editor\" data-id=\"7d86b11\" data-element_type=\"widget\" data-widget_type=\"text-editor.default\">\n\t\t\t\t<div class=\"elementor-widget-container\">\n\t\t\t\t\t\t\t\t\t<p><span style=\"color: #4d91d1;\"><strong>Certains examens ne sont pas indiqu\u00e9s<\/strong><\/span> car ils n\u00e9cessitent un \u00e9change avec notre secr\u00e9tariat m\u00e9dical pour r\u00e9server votre rendez-vous.<br \/>Il s\u2019agit notamment des\u00a0:<\/p><ul><li>Infiltrations, arthroscanners,<\/li><li>IRM pancr\u00e9atiques, abdominales et c\u00e9r\u00e9brales,<\/li><li>Cytoponctions, st\u00e9r\u00e9otaxies,<\/li><li>Hysterosalpingographies.<\/li><\/ul><p>Pour ces examens, nous vous invitons \u00e0 prendre contact avec le secr\u00e9tariat m\u00e9dical.<\/p>\t\t\t\t\t\t\t\t<\/div>\n\t\t\t\t<\/div>\n\t\t\t\t<div class=\"elementor-element elementor-element-dc7f665 elementor-widget elementor-widget-text-editor\" data-id=\"dc7f665\" data-element_type=\"widget\" data-widget_type=\"text-editor.default\">\n\t\t\t\t<div class=\"elementor-widget-container\">\n\t\t\t\t\t\t\t\t\t<p><span style=\"color: #4d91d1;\"><strong>Pour ces examens, ou la prise de plusieurs rendez-vous dans la m\u00eame journ\u00e9e, nous vous invitons \u00e0 prendre contact avec notre secr\u00e9tariat m\u00e9dical :<\/strong><\/span><\/p>\t\t\t\t\t\t\t\t<\/div>\n\t\t\t\t<\/div>\n\t\t\t\t<div class=\"elementor-element elementor-element-69ccd20 elementor-icon-list--layout-traditional elementor-list-item-link-full_width elementor-widget elementor-widget-icon-list\" data-id=\"69ccd20\" data-element_type=\"widget\" data-widget_type=\"icon-list.default\">\n\t\t\t\t<div class=\"elementor-widget-container\">\n\t\t\t\t\t\t\t<ul class=\"elementor-icon-list-items\">\n\t\t\t\t\t\t\t<li class=\"elementor-icon-list-item\">\n\t\t\t\t\t\t\t\t\t\t\t<span class=\"elementor-icon-list-icon\">\n\t\t\t\t\t\t\t<svg aria-hidden=\"true\" class=\"e-font-icon-svg e-fas-phone-alt\" viewBox=\"0 0 512 512\" xmlns=\"http:\/\/www.w3.org\/2000\/svg\"><path d=\"M497.39 361.8l-112-48a24 24 0 0 0-28 6.9l-49.6 60.6A370.66 370.66 0 0 1 130.6 204.11l60.6-49.6a23.94 23.94 0 0 0 6.9-28l-48-112A24.16 24.16 0 0 0 122.6.61l-104 24A24 24 0 0 0 0 48c0 256.5 207.9 464 464 464a24 24 0 0 0 23.4-18.6l24-104a24.29 24.29 0 0 0-14.01-27.6z\"><\/path><\/svg>\t\t\t\t\t\t<\/span>\n\t\t\t\t\t\t\t\t\t\t<span class=\"elementor-icon-list-text\">par t\u00e9l\u00e9phone : 01&nbsp;71&nbsp;59&nbsp;52&nbsp;00 <br>Du lundi \u00e0 vendredi de 8h \u00e0 19h et le samedi de 8h30 \u00e0 13h<\/span>\n\t\t\t\t\t\t\t\t\t<\/li>\n\t\t\t\t\t\t\t\t<li class=\"elementor-icon-list-item\">\n\t\t\t\t\t\t\t\t\t\t\t<span class=\"elementor-icon-list-icon\">\n\t\t\t\t\t\t\t<svg aria-hidden=\"true\" class=\"e-font-icon-svg e-fab-wpforms\" viewBox=\"0 0 448 512\" xmlns=\"http:\/\/www.w3.org\/2000\/svg\"><path d=\"M448 75.2v361.7c0 24.3-19 43.2-43.2 43.2H43.2C19.3 480 0 461.4 0 436.8V75.2C0 51.1 18.8 32 43.2 32h361.7c24 0 43.1 18.8 43.1 43.2zm-37.3 361.6V75.2c0-3-2.6-5.8-5.8-5.8h-9.3L285.3 144 224 94.1 162.8 144 52.5 69.3h-9.3c-3.2 0-5.8 2.8-5.8 5.8v361.7c0 3 2.6 5.8 5.8 5.8h361.7c3.2.1 5.8-2.7 5.8-5.8zM150.2 186v37H76.7v-37h73.5zm0 74.4v37.3H76.7v-37.3h73.5zm11.1-147.3l54-43.7H96.8l64.5 43.7zm210 72.9v37h-196v-37h196zm0 74.4v37.3h-196v-37.3h196zm-84.6-147.3l64.5-43.7H232.8l53.9 43.7zM371.3 335v37.3h-99.4V335h99.4z\"><\/path><\/svg>\t\t\t\t\t\t<\/span>\n\t\t\t\t\t\t\t\t\t\t<span class=\"elementor-icon-list-text\">En remplissant le formulaire ci-dessous<\/span>\n\t\t\t\t\t\t\t\t\t<\/li>\n\t\t\t\t\t\t<\/ul>\n\t\t\t\t\t\t<\/div>\n\t\t\t\t<\/div>\n\t\t\t\t<\/div>\n\t\t\t\t<\/div>\n\t\t\t\t<\/div>\n\t\t<div class=\"elementor-element elementor-element-ed8ba97 e-con-full e-flex e-con e-parent\" data-id=\"ed8ba97\" data-element_type=\"container\" id=\"form\">\n\t\t<div class=\"elementor-element elementor-element-669aec2 e-con-full e-flex e-con e-child\" data-id=\"669aec2\" data-element_type=\"container\">\n\t\t\t\t<div class=\"elementor-element elementor-element-0c53091 elementor-widget__width-initial elementor-button-align-stretch elementor-widget elementor-widget-form\" data-id=\"0c53091\" data-element_type=\"widget\" data-settings=\"{&quot;button_width&quot;:&quot;50&quot;,&quot;step_next_label&quot;:&quot;Suivant&quot;,&quot;step_previous_label&quot;:&quot;Pr\\u00e9c\\u00e9dent&quot;,&quot;step_type&quot;:&quot;number_text&quot;,&quot;step_icon_shape&quot;:&quot;circle&quot;}\" data-widget_type=\"form.default\">\n\t\t\t\t<div class=\"elementor-widget-container\">\n\t\t\t\t\t\t\t<form class=\"elementor-form\" method=\"post\" name=\"Prendre rendez-vous\" aria-label=\"Prendre rendez-vous\">\n\t\t\t<input type=\"hidden\" name=\"post_id\" value=\"5\"\/>\n\t\t\t<input type=\"hidden\" name=\"form_id\" value=\"0c53091\"\/>\n\t\t\t<input type=\"hidden\" name=\"referer_title\" value=\"Prenez RDV en ligne - CRTT - imagerie m\u00e9dicale\" \/>\n\n\t\t\t\t\t\t\t<input type=\"hidden\" name=\"queried_id\" value=\"5\"\/>\n\t\t\t\n\t\t\t<div class=\"elementor-form-fields-wrapper elementor-labels-above\">\n\t\t\t\t\t\t\t\t<div class=\"elementor-field-type-text elementor-field-group elementor-column elementor-field-group-name elementor-col-100\">\n\t\t\t\t\t\t\t\t\t\t\t\t<label for=\"form-field-name\" class=\"elementor-field-label\">\n\t\t\t\t\t\t\t\tNom\t\t\t\t\t\t\t<\/label>\n\t\t\t\t\t\t\t\t\t\t\t\t\t\t<input size=\"1\" type=\"text\" name=\"form_fields[name]\" id=\"form-field-name\" class=\"elementor-field elementor-size-sm  elementor-field-textual\">\n\t\t\t\t\t\t\t\t\t\t\t<\/div>\n\t\t\t\t\t\t\t\t<div class=\"elementor-field-type-text elementor-field-group elementor-column elementor-field-group-field_56cbcd7 elementor-col-100\">\n\t\t\t\t\t\t\t\t\t\t\t\t<label for=\"form-field-field_56cbcd7\" class=\"elementor-field-label\">\n\t\t\t\t\t\t\t\tPr\u00e9nom\t\t\t\t\t\t\t<\/label>\n\t\t\t\t\t\t\t\t\t\t\t\t\t\t<input size=\"1\" type=\"text\" name=\"form_fields[field_56cbcd7]\" id=\"form-field-field_56cbcd7\" class=\"elementor-field elementor-size-sm  elementor-field-textual\">\n\t\t\t\t\t\t\t\t\t\t\t<\/div>\n\t\t\t\t\t\t\t\t<div class=\"elementor-field-type-email elementor-field-group elementor-column elementor-field-group-email elementor-col-100 elementor-field-required elementor-mark-required\">\n\t\t\t\t\t\t\t\t\t\t\t\t<label for=\"form-field-email\" class=\"elementor-field-label\">\n\t\t\t\t\t\t\t\tE-mail\t\t\t\t\t\t\t<\/label>\n\t\t\t\t\t\t\t\t\t\t\t\t\t\t<input size=\"1\" type=\"email\" name=\"form_fields[email]\" id=\"form-field-email\" class=\"elementor-field elementor-size-sm  elementor-field-textual\" required=\"required\">\n\t\t\t\t\t\t\t\t\t\t\t<\/div>\n\t\t\t\t\t\t\t\t<div class=\"elementor-field-type-tel elementor-field-group elementor-column elementor-field-group-field_2bbf15d elementor-col-100\">\n\t\t\t\t\t\t\t\t\t\t\t\t<label for=\"form-field-field_2bbf15d\" class=\"elementor-field-label\">\n\t\t\t\t\t\t\t\tT\u00e9l\u00e9phone\t\t\t\t\t\t\t<\/label>\n\t\t\t\t\t\t\t\t<input size=\"1\" type=\"tel\" name=\"form_fields[field_2bbf15d]\" id=\"form-field-field_2bbf15d\" class=\"elementor-field elementor-size-sm  elementor-field-textual\" pattern=\"[0-9()#&amp;+*-=.]+\" title=\"Seuls les caract\u00e8res de num\u00e9ros de t\u00e9l\u00e9phone (#, -, *, etc.) sont accept\u00e9s.\">\n\n\t\t\t\t\t\t<\/div>\n\t\t\t\t\t\t\t\t<div class=\"elementor-field-type-checkbox elementor-field-group elementor-column elementor-field-group-type_examen elementor-col-100\">\n\t\t\t\t\t\t\t\t\t\t\t\t<label for=\"form-field-type_examen\" class=\"elementor-field-label\">\n\t\t\t\t\t\t\t\tType d'examen\t\t\t\t\t\t\t<\/label>\n\t\t\t\t\t\t<div class=\"elementor-field-subgroup  elementor-subgroup-inline\"><span class=\"elementor-field-option\"><input type=\"checkbox\" value=\"Radiologie\" id=\"form-field-type_examen-0\" name=\"form_fields[type_examen][]\"> <label for=\"form-field-type_examen-0\">Radiologie<\/label><\/span><span class=\"elementor-field-option\"><input type=\"checkbox\" value=\"Mammographie\" id=\"form-field-type_examen-1\" name=\"form_fields[type_examen][]\"> <label for=\"form-field-type_examen-1\">Mammographie<\/label><\/span><span class=\"elementor-field-option\"><input type=\"checkbox\" value=\"Panoramique dentaire\" id=\"form-field-type_examen-2\" name=\"form_fields[type_examen][]\"> <label for=\"form-field-type_examen-2\">Panoramique dentaire<\/label><\/span><span class=\"elementor-field-option\"><input type=\"checkbox\" value=\"Ost\u00e9odensitom\u00e9trie\" id=\"form-field-type_examen-3\" name=\"form_fields[type_examen][]\"> <label for=\"form-field-type_examen-3\">Ost\u00e9odensitom\u00e9trie<\/label><\/span><span class=\"elementor-field-option\"><input type=\"checkbox\" value=\"\u00c9chographie\" id=\"form-field-type_examen-4\" name=\"form_fields[type_examen][]\"> <label for=\"form-field-type_examen-4\">\u00c9chographie<\/label><\/span><span class=\"elementor-field-option\"><input type=\"checkbox\" value=\"Doppler\" id=\"form-field-type_examen-5\" name=\"form_fields[type_examen][]\"> <label for=\"form-field-type_examen-5\">Doppler<\/label><\/span><span class=\"elementor-field-option\"><input type=\"checkbox\" value=\"Scanner\" id=\"form-field-type_examen-6\" name=\"form_fields[type_examen][]\"> <label for=\"form-field-type_examen-6\">Scanner<\/label><\/span><span class=\"elementor-field-option\"><input type=\"checkbox\" value=\"I.R.M.\" id=\"form-field-type_examen-7\" name=\"form_fields[type_examen][]\"> <label for=\"form-field-type_examen-7\">I.R.M.<\/label><\/span><\/div>\t\t\t\t<\/div>\n\t\t\t\t\t\t\t\t<div class=\"elementor-field-type-text elementor-field-group elementor-column elementor-field-group-field_cd20fa5 elementor-col-100 elementor-field-required elementor-mark-required\">\n\t\t\t\t\t\t\t\t\t\t\t\t<label for=\"form-field-field_cd20fa5\" class=\"elementor-field-label\">\n\t\t\t\t\t\t\t\tPr\u00e9cisez votre demande\t\t\t\t\t\t\t<\/label>\n\t\t\t\t\t\t\t\t\t\t\t\t\t\t<input size=\"1\" type=\"text\" name=\"form_fields[field_cd20fa5]\" id=\"form-field-field_cd20fa5\" class=\"elementor-field elementor-size-sm  elementor-field-textual\" required=\"required\">\n\t\t\t\t\t\t\t\t\t\t\t<\/div>\n\t\t\t\t\t\t\t\t<div class=\"elementor-field-type-textarea elementor-field-group elementor-column elementor-field-group-message elementor-col-100 elementor-field-required elementor-mark-required\">\n\t\t\t\t\t\t\t\t\t\t\t\t<label for=\"form-field-message\" class=\"elementor-field-label\">\n\t\t\t\t\t\t\t\tMessage\t\t\t\t\t\t\t<\/label>\n\t\t\t\t\t\t<textarea class=\"elementor-field-textual elementor-field  elementor-size-sm\" name=\"form_fields[message]\" id=\"form-field-message\" rows=\"4\" placeholder=\"Veuillez nous indiquer vos pr\u00e9ferences d&#039;horaires\" required=\"required\"><\/textarea>\t\t\t\t<\/div>\n\t\t\t\t\t\t\t\t<div class=\"elementor-field-type-text\">\n\t\t\t\t\t<input size=\"1\" type=\"text\" name=\"form_fields[field_94e8391]\" id=\"form-field-field_94e8391\" class=\"elementor-field elementor-size-sm \" style=\"display:none !important;\">\t\t\t\t<\/div>\n\t\t\t\t\t\t\t\t<div class=\"elementor-field-type-recaptcha_v3 elementor-field-group elementor-column elementor-field-group-field_72d3899 elementor-col-100 recaptcha_v3-bottomleft\">\n\t\t\t\t\t<div class=\"elementor-field\" id=\"form-field-field_72d3899\"><div class=\"elementor-g-recaptcha\" data-sitekey=\"6LfQ2GoqAAAAACerIcJYV_YJPrde3FbsUpuwEdZX\" data-type=\"v3\" data-action=\"Form\" data-badge=\"bottomleft\" data-size=\"invisible\"><\/div><\/div>\t\t\t\t<\/div>\n\t\t\t\t\t\t\t\t<div class=\"elementor-field-group elementor-column elementor-field-type-submit elementor-col-50 e-form__buttons\">\n\t\t\t\t\t<button class=\"elementor-button elementor-size-sm\" type=\"submit\">\n\t\t\t\t\t\t<span class=\"elementor-button-content-wrapper\">\n\t\t\t\t\t\t\t\t\t\t\t\t\t\t\t\t\t\t\t\t\t\t<span class=\"elementor-button-text\">Envoyer<\/span>\n\t\t\t\t\t\t\t\t\t\t\t\t\t<\/span>\n\t\t\t\t\t<\/button>\n\t\t\t\t<\/div>\n\t\t\t<\/div>\n\t\t<\/form>\n\t\t\t\t\t\t<\/div>\n\t\t\t\t<\/div>\n\t\t\t\t<\/div>\n\t\t\t\t<\/div>\n\t\t\t\t<\/div>\n\t\t","protected":false},"excerpt":{"rendered":"<p>Prenez rendez vous sur Doctolib Certains examens ne sont pas indiqu\u00e9s car ils n\u00e9cessitent un \u00e9change avec notre secr\u00e9tariat m\u00e9dical pour r\u00e9server votre rendez-vous.Il s\u2019agit notamment des\u00a0: Infiltrations, arthroscanners, IRM pancr\u00e9atiques, abdominales et c\u00e9r\u00e9brales, Cytoponctions, st\u00e9r\u00e9otaxies, Hysterosalpingographies. Pour ces examens, nous vous invitons \u00e0 prendre contact avec le secr\u00e9tariat m\u00e9dical. Pour ces examens, ou la [&hellip;]<\/p>\n","protected":false},"author":1,"featured_media":0,"parent":0,"menu_order":0,"comment_status":"closed","ping_status":"closed","template":"","meta":{"footnotes":""},"class_list":["post-5","page","type-page","status-publish","hentry"],"_links":{"self":[{"href":"https:\/\/crtt.net\/imagerie-medicale\/wp-json\/wp\/v2\/pages\/5","targetHints":{"allow":["GET"]}}],"collection":[{"href":"https:\/\/crtt.net\/imagerie-medicale\/wp-json\/wp\/v2\/pages"}],"about":[{"href":"https:\/\/crtt.net\/imagerie-medicale\/wp-json\/wp\/v2\/types\/page"}],"author":[{"embeddable":true,"href":"https:\/\/crtt.net\/imagerie-medicale\/wp-json\/wp\/v2\/users\/1"}],"replies":[{"embeddable":true,"href":"https:\/\/crtt.net\/imagerie-medicale\/wp-json\/wp\/v2\/comments?post=5"}],"version-history":[{"count":84,"href":"https:\/\/crtt.net\/imagerie-medicale\/wp-json\/wp\/v2\/pages\/5\/revisions"}],"predecessor-version":[{"id":1054,"href":"https:\/\/crtt.net\/imagerie-medicale\/wp-json\/wp\/v2\/pages\/5\/revisions\/1054"}],"wp:attachment":[{"href":"https:\/\/crtt.net\/imagerie-medicale\/wp-json\/wp\/v2\/media?parent=5"}],"curies":[{"name":"wp","href":"https:\/\/api.w.org\/{rel}","templated":true}]}}