{"id":214,"date":"2024-07-10T11:08:37","date_gmt":"2024-07-10T09:08:37","guid":{"rendered":"https:\/\/2024.crtt.net\/imagerie-medicale\/?page_id=214"},"modified":"2024-10-24T13:26:17","modified_gmt":"2024-10-24T11:26:17","slug":"recrutement","status":"publish","type":"page","link":"https:\/\/crtt.net\/imagerie-medicale\/presentation-du-crtt\/recrutement\/","title":{"rendered":"Recrutement"},"content":{"rendered":"\t\t<div data-elementor-type=\"wp-page\" data-elementor-id=\"214\" class=\"elementor elementor-214\" data-elementor-post-type=\"page\">\n\t\t\t\t<div class=\"elementor-element elementor-element-0ce754b e-con-full e-flex e-con e-parent\" data-id=\"0ce754b\" data-element_type=\"container\">\n\t\t\t\t<div class=\"elementor-element elementor-element-4609a68 elementor-widget elementor-widget-heading\" data-id=\"4609a68\" data-element_type=\"widget\" data-widget_type=\"heading.default\">\n\t\t\t\t<div class=\"elementor-widget-container\">\n\t\t\t\t\t<h2 class=\"elementor-heading-title elementor-size-default\">Recrutement  <\/h2>\t\t\t\t<\/div>\n\t\t\t\t<\/div>\n\t\t\t\t<\/div>\n\t\t<div class=\"elementor-element elementor-element-ea8bc64 e-con-full e-flex e-con e-parent\" data-id=\"ea8bc64\" data-element_type=\"container\">\n\t\t<div class=\"elementor-element elementor-element-0fcda65 e-con-full e-flex e-con e-child\" data-id=\"0fcda65\" data-element_type=\"container\">\n\t\t\t\t<div class=\"elementor-element elementor-element-034bee1 elementor-widget elementor-widget-text-editor\" data-id=\"034bee1\" data-element_type=\"widget\" data-widget_type=\"text-editor.default\">\n\t\t\t\t<div class=\"elementor-widget-container\">\n\t\t\t\t\t\t\t\t\t<p>Notre groupe proc\u00e8de r\u00e9guli\u00e8rement \u00e0 des embauches en raison de son d\u00e9veloppement\u00a0:<\/p><ul><li>H\u00f4tesses \/ H\u00f4tes d\u2019accueil<\/li><li>Secr\u00e9taires m\u00e9dicales\/aux<\/li><li>Manipulateurs \/ manipulatrices<\/li><\/ul><p>\u00a0<\/p><p>Vous pouvez envoyer votre candidature spontan\u00e9e en d\u00e9posant vos CV et lettre de motivation<\/p><h5>Ou par courrier<\/h5><p>Monsieur Jean Marc NAILLOU<br \/>CRTT Imagerie M\u00e9dicale<br \/>7 bis B rue de la Porte de Buc<br \/>78000 Versailles<\/p>\t\t\t\t\t\t\t\t<\/div>\n\t\t\t\t<\/div>\n\t\t\t\t<\/div>\n\t\t<div class=\"elementor-element elementor-element-296d819 e-con-full e-flex e-con e-child\" data-id=\"296d819\" data-element_type=\"container\">\n\t\t\t\t<div class=\"elementor-element elementor-element-5cbfb22 elementor-widget elementor-widget-form\" data-id=\"5cbfb22\" data-element_type=\"widget\" data-settings=\"{&quot;button_width&quot;:&quot;50&quot;,&quot;step_next_label&quot;:&quot;Suivant&quot;,&quot;step_previous_label&quot;:&quot;Pr\\u00e9c\\u00e9dent&quot;,&quot;step_type&quot;:&quot;number_text&quot;,&quot;step_icon_shape&quot;:&quot;circle&quot;}\" data-widget_type=\"form.default\">\n\t\t\t\t<div class=\"elementor-widget-container\">\n\t\t\t\t\t\t\t<form class=\"elementor-form\" method=\"post\" name=\"Nouveau formulaire\" aria-label=\"Nouveau formulaire\">\n\t\t\t<input type=\"hidden\" name=\"post_id\" value=\"214\"\/>\n\t\t\t<input type=\"hidden\" name=\"form_id\" value=\"5cbfb22\"\/>\n\t\t\t<input type=\"hidden\" name=\"referer_title\" value=\"Recrutement - CRTT - imagerie m\u00e9dicale\" \/>\n\n\t\t\t\t\t\t\t<input type=\"hidden\" name=\"queried_id\" value=\"214\"\/>\n\t\t\t\n\t\t\t<div class=\"elementor-form-fields-wrapper elementor-labels-above\">\n\t\t\t\t\t\t\t\t<div class=\"elementor-field-type-text elementor-field-group elementor-column elementor-field-group-name elementor-col-100 elementor-field-required elementor-mark-required\">\n\t\t\t\t\t\t\t\t\t\t\t\t<label for=\"form-field-name\" class=\"elementor-field-label\">\n\t\t\t\t\t\t\t\tNom\t\t\t\t\t\t\t<\/label>\n\t\t\t\t\t\t\t\t\t\t\t\t\t\t<input size=\"1\" type=\"text\" name=\"form_fields[name]\" id=\"form-field-name\" class=\"elementor-field elementor-size-xs  elementor-field-textual\" placeholder=\"Nom\" required=\"required\">\n\t\t\t\t\t\t\t\t\t\t\t<\/div>\n\t\t\t\t\t\t\t\t<div class=\"elementor-field-type-email elementor-field-group elementor-column elementor-field-group-email_c elementor-col-100 elementor-field-required elementor-mark-required\">\n\t\t\t\t\t\t\t\t\t\t\t\t<label for=\"form-field-email_c\" class=\"elementor-field-label\">\n\t\t\t\t\t\t\t\tE-mail\t\t\t\t\t\t\t<\/label>\n\t\t\t\t\t\t\t\t\t\t\t\t\t\t<input size=\"1\" type=\"email\" name=\"form_fields[email_c]\" id=\"form-field-email_c\" class=\"elementor-field elementor-size-xs  elementor-field-textual\" placeholder=\"E-mail\" required=\"required\">\n\t\t\t\t\t\t\t\t\t\t\t<\/div>\n\t\t\t\t\t\t\t\t<div class=\"elementor-field-type-textarea elementor-field-group elementor-column elementor-field-group-message elementor-col-100\">\n\t\t\t\t\t\t\t\t\t\t\t\t<label for=\"form-field-message\" class=\"elementor-field-label\">\n\t\t\t\t\t\t\t\tMessage\t\t\t\t\t\t\t<\/label>\n\t\t\t\t\t\t<textarea class=\"elementor-field-textual elementor-field  elementor-size-xs\" name=\"form_fields[message]\" id=\"form-field-message\" rows=\"4\" placeholder=\"Message\"><\/textarea>\t\t\t\t<\/div>\n\t\t\t\t\t\t\t\t<div class=\"elementor-field-type-radio elementor-field-group elementor-column elementor-field-group-field_c1957c1 elementor-col-100 elementor-field-required elementor-mark-required\">\n\t\t\t\t\t\t\t\t\t\t\t\t<label for=\"form-field-field_c1957c1\" class=\"elementor-field-label\">\n\t\t\t\t\t\t\t\tPoste recherch\u00e9\t\t\t\t\t\t\t<\/label>\n\t\t\t\t\t\t<div class=\"elementor-field-subgroup  elementor-subgroup-inline\"><span class=\"elementor-field-option\"><input type=\"radio\" value=\"H\u00f4tesse d&#039;accueil\" id=\"form-field-field_c1957c1-0\" name=\"form_fields[field_c1957c1]\" required=\"required\"> <label for=\"form-field-field_c1957c1-0\">H\u00f4tesse d'accueil<\/label><\/span><span class=\"elementor-field-option\"><input type=\"radio\" value=\"Secr\u00e9taire m\u00e9dicale\" id=\"form-field-field_c1957c1-1\" name=\"form_fields[field_c1957c1]\" required=\"required\"> <label for=\"form-field-field_c1957c1-1\">Secr\u00e9taire m\u00e9dicale<\/label><\/span><span class=\"elementor-field-option\"><input type=\"radio\" value=\"Manipulateur - Manipulatrice\" id=\"form-field-field_c1957c1-2\" name=\"form_fields[field_c1957c1]\" required=\"required\"> <label for=\"form-field-field_c1957c1-2\">Manipulateur - Manipulatrice<\/label><\/span><span class=\"elementor-field-option\"><input type=\"radio\" value=\"Autre\" id=\"form-field-field_c1957c1-3\" name=\"form_fields[field_c1957c1]\" required=\"required\"> <label for=\"form-field-field_c1957c1-3\">Autre<\/label><\/span><\/div>\t\t\t\t<\/div>\n\t\t\t\t\t\t\t\t<div class=\"elementor-field-type-upload elementor-field-group elementor-column elementor-field-group-CV elementor-col-50 elementor-field-required elementor-mark-required\">\n\t\t\t\t\t\t\t\t\t\t\t\t<label for=\"form-field-CV\" class=\"elementor-field-label\">\n\t\t\t\t\t\t\t\tJoindre CV (PDF)\t\t\t\t\t\t\t<\/label>\n\t\t\t\t\t\t\t\t<input type=\"file\" name=\"form_fields[CV]\" id=\"form-field-CV\" class=\"elementor-field elementor-size-xs  elementor-upload-field\" required=\"required\" data-maxsize=\"1\" data-maxsize-message=\"Ce fichier d\u00e9passe la taille maximale autoris\u00e9e.\">\n\n\t\t\t\t\t\t<\/div>\n\t\t\t\t\t\t\t\t<div class=\"elementor-field-type-upload elementor-field-group elementor-column elementor-field-group-field_5955c88 elementor-col-50 elementor-field-required elementor-mark-required\">\n\t\t\t\t\t\t\t\t\t\t\t\t<label for=\"form-field-field_5955c88\" class=\"elementor-field-label\">\n\t\t\t\t\t\t\t\tJoindre lettre de motivation  (PDF)\t\t\t\t\t\t\t<\/label>\n\t\t\t\t\t\t\t\t<input type=\"file\" name=\"form_fields[field_5955c88]\" id=\"form-field-field_5955c88\" class=\"elementor-field elementor-size-xs  elementor-upload-field\" required=\"required\">\n\n\t\t\t\t\t\t<\/div>\n\t\t\t\t\t\t\t\t<div class=\"elementor-field-type-text\">\n\t\t\t\t\t<input size=\"1\" type=\"text\" name=\"form_fields[field_f0156e0]\" id=\"form-field-field_f0156e0\" class=\"elementor-field elementor-size-xs \" style=\"display:none !important;\">\t\t\t\t<\/div>\n\t\t\t\t\t\t\t\t<div class=\"elementor-field-type-recaptcha_v3 elementor-field-group elementor-column elementor-field-group-field_a2e89de elementor-col-100 recaptcha_v3-bottomleft\">\n\t\t\t\t\t<div class=\"elementor-field\" id=\"form-field-field_a2e89de\"><div class=\"elementor-g-recaptcha\" data-sitekey=\"6LfQ2GoqAAAAACerIcJYV_YJPrde3FbsUpuwEdZX\" data-type=\"v3\" data-action=\"Form\" data-badge=\"bottomleft\" data-size=\"invisible\"><\/div><\/div>\t\t\t\t<\/div>\n\t\t\t\t\t\t\t\t<div class=\"elementor-field-group elementor-column elementor-field-type-submit elementor-col-50 e-form__buttons\">\n\t\t\t\t\t<button class=\"elementor-button elementor-size-sm\" type=\"submit\">\n\t\t\t\t\t\t<span class=\"elementor-button-content-wrapper\">\n\t\t\t\t\t\t\t\t\t\t\t\t\t\t\t\t\t\t\t\t\t\t<span class=\"elementor-button-text\">Envoyer<\/span>\n\t\t\t\t\t\t\t\t\t\t\t\t\t<\/span>\n\t\t\t\t\t<\/button>\n\t\t\t\t<\/div>\n\t\t\t<\/div>\n\t\t<\/form>\n\t\t\t\t\t\t<\/div>\n\t\t\t\t<\/div>\n\t\t\t\t<\/div>\n\t\t\t\t<\/div>\n\t\t\t\t<\/div>\n\t\t","protected":false},"excerpt":{"rendered":"<p>Recrutement Notre groupe proc\u00e8de r\u00e9guli\u00e8rement \u00e0 des embauches en raison de son d\u00e9veloppement\u00a0: H\u00f4tesses \/ H\u00f4tes d\u2019accueil Secr\u00e9taires m\u00e9dicales\/aux Manipulateurs \/ manipulatrices \u00a0 Vous pouvez envoyer votre candidature spontan\u00e9e en d\u00e9posant vos CV et lettre de motivation Ou par courrier Monsieur Jean Marc NAILLOUCRTT Imagerie M\u00e9dicale7 bis B rue de la Porte de Buc78000 Versailles<\/p>\n","protected":false},"author":1,"featured_media":0,"parent":206,"menu_order":0,"comment_status":"closed","ping_status":"closed","template":"","meta":{"footnotes":""},"class_list":["post-214","page","type-page","status-publish","hentry"],"_links":{"self":[{"href":"https:\/\/crtt.net\/imagerie-medicale\/wp-json\/wp\/v2\/pages\/214","targetHints":{"allow":["GET"]}}],"collection":[{"href":"https:\/\/crtt.net\/imagerie-medicale\/wp-json\/wp\/v2\/pages"}],"about":[{"href":"https:\/\/crtt.net\/imagerie-medicale\/wp-json\/wp\/v2\/types\/page"}],"author":[{"embeddable":true,"href":"https:\/\/crtt.net\/imagerie-medicale\/wp-json\/wp\/v2\/users\/1"}],"replies":[{"embeddable":true,"href":"https:\/\/crtt.net\/imagerie-medicale\/wp-json\/wp\/v2\/comments?post=214"}],"version-history":[{"count":31,"href":"https:\/\/crtt.net\/imagerie-medicale\/wp-json\/wp\/v2\/pages\/214\/revisions"}],"predecessor-version":[{"id":1002,"href":"https:\/\/crtt.net\/imagerie-medicale\/wp-json\/wp\/v2\/pages\/214\/revisions\/1002"}],"up":[{"embeddable":true,"href":"https:\/\/crtt.net\/imagerie-medicale\/wp-json\/wp\/v2\/pages\/206"}],"wp:attachment":[{"href":"https:\/\/crtt.net\/imagerie-medicale\/wp-json\/wp\/v2\/media?parent=214"}],"curies":[{"name":"wp","href":"https:\/\/api.w.org\/{rel}","templated":true}]}}