{"id":204,"date":"2024-07-10T11:06:42","date_gmt":"2024-07-10T09:06:42","guid":{"rendered":"https:\/\/2024.crtt.net\/imagerie-medicale\/?page_id=204"},"modified":"2024-09-13T16:56:45","modified_gmt":"2024-09-13T14:56:45","slug":"plan-dacces","status":"publish","type":"page","link":"https:\/\/crtt.net\/imagerie-medicale\/plan-dacces\/","title":{"rendered":"Plan d\u2019acc\u00e8s"},"content":{"rendered":"\t\t<div data-elementor-type=\"wp-page\" data-elementor-id=\"204\" class=\"elementor elementor-204\" data-elementor-post-type=\"page\">\n\t\t\t\t<div class=\"elementor-element elementor-element-8dec62e e-con-full e-flex e-con e-parent\" data-id=\"8dec62e\" data-element_type=\"container\">\n\t\t<div class=\"elementor-element elementor-element-4a1339f e-con-full e-flex e-con e-child\" data-id=\"4a1339f\" data-element_type=\"container\">\n\t\t\t\t<div class=\"elementor-element elementor-element-085e101 elementor-view-default elementor-mobile-position-block-start elementor-widget elementor-widget-icon-box\" data-id=\"085e101\" data-element_type=\"widget\" data-widget_type=\"icon-box.default\">\n\t\t\t\t<div class=\"elementor-widget-container\">\n\t\t\t\t\t\t\t<div class=\"elementor-icon-box-wrapper\">\n\n\t\t\t\t\t\t<div class=\"elementor-icon-box-icon\">\n\t\t\t\t<span  class=\"elementor-icon\">\n\t\t\t\t<svg aria-hidden=\"true\" class=\"e-font-icon-svg e-fas-location-arrow\" viewBox=\"0 0 512 512\" xmlns=\"http:\/\/www.w3.org\/2000\/svg\"><path d=\"M444.52 3.52L28.74 195.42c-47.97 22.39-31.98 92.75 19.19 92.75h175.91v175.91c0 51.17 70.36 67.17 92.75 19.19l191.9-415.78c15.99-38.39-25.59-79.97-63.97-63.97z\"><\/path><\/svg>\t\t\t\t<\/span>\n\t\t\t<\/div>\n\t\t\t\n\t\t\t\t\t\t<div class=\"elementor-icon-box-content\">\n\n\t\t\t\t\t\t\t\t\t<h3 class=\"elementor-icon-box-title\">\n\t\t\t\t\t\t<span  >\n\t\t\t\t\t\t\t CRTT <br>Centre d\u2019imagerie m\u00e9dicale\t\t\t\t\t\t<\/span>\n\t\t\t\t\t<\/h3>\n\t\t\t\t\n\t\t\t\t\t\t\t\t\t<p class=\"elementor-icon-box-description\">\n\t\t\t\t\t\t\n<b>Clinique des Franciscaines <br>\nH\u00f4pital Priv\u00e9 de Versailles  <\/b><br>\n7bis rue de la Porte de Buc  <br>\n78000 Versailles  <br> <br>\nT\u00e9l\u00e9phone : 01 71 59 52 00\t\t\t\t\t<\/p>\n\t\t\t\t\n\t\t\t<\/div>\n\t\t\t\n\t\t<\/div>\n\t\t\t\t\t\t<\/div>\n\t\t\t\t<\/div>\n\t\t\t\t<div class=\"elementor-element elementor-element-a1ba9d9 elementor-widget elementor-widget-text-editor\" data-id=\"a1ba9d9\" data-element_type=\"widget\" data-widget_type=\"text-editor.default\">\n\t\t\t\t<div class=\"elementor-widget-container\">\n\t\t\t\t\t\t\t\t\t<p>Le service d\u2019imagerie du CRTT est implant\u00e9 au rez-de-chauss\u00e9e de l\u2019H\u00f4pital Priv\u00e9 de Versailles-Clinique des Franciscaines.<\/p>\t\t\t\t\t\t\t\t<\/div>\n\t\t\t\t<\/div>\n\t\t\t\t<\/div>\n\t\t<div class=\"elementor-element elementor-element-d7dbb02 e-con-full e-flex e-con e-child\" data-id=\"d7dbb02\" data-element_type=\"container\">\n\t\t\t\t<div class=\"elementor-element elementor-element-75a407a elementor-widget elementor-widget-google_maps\" data-id=\"75a407a\" data-element_type=\"widget\" data-widget_type=\"google_maps.default\">\n\t\t\t\t<div class=\"elementor-widget-container\">\n\t\t\t\t\t\t\t<div class=\"elementor-custom-embed\">\n\t\t\t<iframe loading=\"lazy\"\n\t\t\t\t\tsrc=\"https:\/\/maps.google.com\/maps?q=7bis%20rue%20de%20la%20Porte%20de%20Buc%2078000%20Versailles&#038;t=m&#038;z=13&#038;output=embed&#038;iwloc=near\"\n\t\t\t\t\ttitle=\"7bis rue de la Porte de Buc 78000 Versailles\"\n\t\t\t\t\taria-label=\"7bis rue de la Porte de Buc 78000 Versailles\"\n\t\t\t><\/iframe>\n\t\t<\/div>\n\t\t\t\t\t\t<\/div>\n\t\t\t\t<\/div>\n\t\t\t\t<\/div>\n\t\t\t\t<\/div>\n\t\t<div class=\"elementor-element elementor-element-1fb5f3d e-flex e-con-boxed e-con e-parent\" data-id=\"1fb5f3d\" data-element_type=\"container\">\n\t\t\t\t\t<div class=\"e-con-inner\">\n\t\t\t\t<div class=\"elementor-element elementor-element-839dedf elementor-widget elementor-widget-heading\" data-id=\"839dedf\" data-element_type=\"widget\" data-widget_type=\"heading.default\">\n\t\t\t\t<div class=\"elementor-widget-container\">\n\t\t\t\t\t<h2 class=\"elementor-heading-title elementor-size-default\">Comment se rendre au CRTT Versailles<\/h2>\t\t\t\t<\/div>\n\t\t\t\t<\/div>\n\t\t\t\t\t<\/div>\n\t\t\t\t<\/div>\n\t\t<div class=\"elementor-element elementor-element-22d4aaf e-con-full e-flex e-con e-parent\" data-id=\"22d4aaf\" data-element_type=\"container\">\n\t\t<div class=\"elementor-element elementor-element-ef25850 e-con-full e-flex e-con e-child\" data-id=\"ef25850\" data-element_type=\"container\">\n\t\t\t\t<div class=\"elementor-element elementor-element-da0edf3 elementor-widget elementor-widget-text-editor\" data-id=\"da0edf3\" data-element_type=\"widget\" data-widget_type=\"text-editor.default\">\n\t\t\t\t<div class=\"elementor-widget-container\">\n\t\t\t\t\t\t\t\t\t<h3>En voiture<\/h3><p>Pour rejoindre le CRTT de Versailles par la route\u00a0<a href=\"https:\/\/www.google.com\/maps\/dir\/\/7+Rue+de+la+Porte+de+Buc,+78000+Versailles,+France?dg=dbrw&amp;newdg=1\" target=\"_blank\" rel=\"noopener\">consultez le plan d\u2019acc\u00e8s.<br \/><\/a>Un parking payant se trouve au sous-sol de la clinique.<\/p><h3>Par la S.N.C.F. ou en R.E.R.<\/h3><ul><li>Gare SNCF Versailles Rive Droite : puis bus<\/li><li>Gare SNCF Versailles-Ch\u00e2teau-Rive Gauche : puis bus<\/li><\/ul><p>Bus\u00a0: Arr\u00eat Cour de Buc ou gare de Versailles Chantiers<\/p>\t\t\t\t\t\t\t\t<\/div>\n\t\t\t\t<\/div>\n\t\t\t\t<\/div>\n\t\t<div class=\"elementor-element elementor-element-18f72da e-con-full e-flex e-con e-child\" data-id=\"18f72da\" data-element_type=\"container\">\n\t\t\t\t<div class=\"elementor-element elementor-element-ba4673d elementor-widget elementor-widget-text-editor\" data-id=\"ba4673d\" data-element_type=\"widget\" data-widget_type=\"text-editor.default\">\n\t\t\t\t<div class=\"elementor-widget-container\">\n\t\t\t\t\t\t\t\t\t<h3>En autobus<\/h3>\n<ul>\n \t<li><strong>Ligne B : Rocquencourt INRIA\u00a0&lt;-&gt; Versailles Porchefontaine<\/strong>\nArr\u00eat Providence : puis 5-7 minutes \u00e0 pied (monter la rue Porte de Buc)<\/li>\n \t<li><strong>Ligne G : Pershing\u00a0&lt;-&gt; Gare des Chantiers<\/strong>\nArr\u00eat Gare des chantiers : puis 10-15 minutes \u00e0 pied\u00a0(descendre la rue des Chantiers et tourner \u00e0 droite sous le pont de chemin de fer dans la rue de la Porte de Buc)<\/li>\n \t<li><strong>Lignes 261 262 et 263\u00a0: Versailles &lt;-&gt; Buc<\/strong>\nArr\u00eat Cour de Buc<\/li>\n<\/ul>\n<h3>Informations<\/h3>\n<ul>\n \t<li><strong>Lignes B G<\/strong>\n<a href=\"http:\/\/www.phebus.tm.fr\/%3Ewww.phebus.tm.fr%3C\/a%3E%3C\/li%3E%3Cli%3E%3Cstrong%3ELignes%20261,%20262,%20263%3C\/strong%3E%3Cbr%20\/%3E%3Ca%20href=\" target=\"_blank\" rel=\"noopener\">www.savac-transports.fr\/lignes-regulieres\/vos-horaires<\/a><\/li>\n<\/ul>\t\t\t\t\t\t\t\t<\/div>\n\t\t\t\t<\/div>\n\t\t\t\t<\/div>\n\t\t\t\t<\/div>\n\t\t\t\t<\/div>\n\t\t","protected":false},"excerpt":{"rendered":"<p>CRTT Centre d\u2019imagerie m\u00e9dicale Clinique des Franciscaines H\u00f4pital Priv\u00e9 de Versailles 7bis rue de la Porte de Buc 78000 Versailles T\u00e9l\u00e9phone : 01 71 59 52 00 Le service d\u2019imagerie du CRTT est implant\u00e9 au rez-de-chauss\u00e9e de l\u2019H\u00f4pital Priv\u00e9 de Versailles-Clinique des Franciscaines. Comment se rendre au CRTT Versailles En voiture Pour rejoindre le CRTT [&hellip;]<\/p>\n","protected":false},"author":1,"featured_media":0,"parent":0,"menu_order":0,"comment_status":"closed","ping_status":"closed","template":"","meta":{"footnotes":""},"class_list":["post-204","page","type-page","status-publish","hentry"],"_links":{"self":[{"href":"https:\/\/crtt.net\/imagerie-medicale\/wp-json\/wp\/v2\/pages\/204","targetHints":{"allow":["GET"]}}],"collection":[{"href":"https:\/\/crtt.net\/imagerie-medicale\/wp-json\/wp\/v2\/pages"}],"about":[{"href":"https:\/\/crtt.net\/imagerie-medicale\/wp-json\/wp\/v2\/types\/page"}],"author":[{"embeddable":true,"href":"https:\/\/crtt.net\/imagerie-medicale\/wp-json\/wp\/v2\/users\/1"}],"replies":[{"embeddable":true,"href":"https:\/\/crtt.net\/imagerie-medicale\/wp-json\/wp\/v2\/comments?post=204"}],"version-history":[{"count":28,"href":"https:\/\/crtt.net\/imagerie-medicale\/wp-json\/wp\/v2\/pages\/204\/revisions"}],"predecessor-version":[{"id":930,"href":"https:\/\/crtt.net\/imagerie-medicale\/wp-json\/wp\/v2\/pages\/204\/revisions\/930"}],"wp:attachment":[{"href":"https:\/\/crtt.net\/imagerie-medicale\/wp-json\/wp\/v2\/media?parent=204"}],"curies":[{"name":"wp","href":"https:\/\/api.w.org\/{rel}","templated":true}]}}