{"id":202,"date":"2024-07-10T11:06:05","date_gmt":"2024-07-10T09:06:05","guid":{"rendered":"https:\/\/2024.crtt.net\/imagerie-medicale\/?page_id=202"},"modified":"2024-11-06T16:34:37","modified_gmt":"2024-11-06T15:34:37","slug":"les-medecins","status":"publish","type":"page","link":"https:\/\/crtt.net\/imagerie-medicale\/les-medecins\/","title":{"rendered":"Les m\u00e9decins"},"content":{"rendered":"\t\t<div data-elementor-type=\"wp-page\" data-elementor-id=\"202\" class=\"elementor elementor-202\" data-elementor-post-type=\"page\">\n\t\t\t\t<div class=\"elementor-element elementor-element-6d154b6 e-con-full e-flex e-con e-parent\" data-id=\"6d154b6\" data-element_type=\"container\">\n\t\t<div class=\"elementor-element elementor-element-4b3ec1d e-con-full e-flex elementor-invisible e-con e-child\" data-id=\"4b3ec1d\" data-element_type=\"container\" data-settings=\"{&quot;animation&quot;:&quot;fadeInUp&quot;}\">\n\t\t<div class=\"elementor-element elementor-element-39d24c3 e-con-full e-flex e-con e-child\" data-id=\"39d24c3\" data-element_type=\"container\">\n\t\t\t\t<div class=\"elementor-element elementor-element-19be9ed elementor-widget elementor-widget-heading\" data-id=\"19be9ed\" data-element_type=\"widget\" data-widget_type=\"heading.default\">\n\t\t\t\t<div class=\"elementor-widget-container\">\n\t\t\t\t\t<h2 class=\"elementor-heading-title elementor-size-default\">L\u2019\u00e9quipe m\u00e9dicale<\/h2>\t\t\t\t<\/div>\n\t\t\t\t<\/div>\n\t\t\t\t<\/div>\n\t\t\t\t<\/div>\n\t\t\t\t<\/div>\n\t\t<div class=\"elementor-element elementor-element-1651d8f doctors e-con-full e-flex e-con e-parent\" data-id=\"1651d8f\" data-element_type=\"container\" data-settings=\"{&quot;background_background&quot;:&quot;classic&quot;}\">\n\t\t\t\t<div class=\"elementor-element elementor-element-ebf33ef elementor-widget__width-initial elementor-hidden-mobile elementor-widget elementor-widget-image\" data-id=\"ebf33ef\" data-element_type=\"widget\" data-widget_type=\"image.default\">\n\t\t\t\t<div class=\"elementor-widget-container\">\n\t\t\t\t\t\t\t\t\t\t\t\t\t\t\t<img fetchpriority=\"high\" decoding=\"async\" width=\"300\" height=\"200\" src=\"https:\/\/crtt.net\/imagerie-medicale\/wp-content\/uploads\/sites\/2\/2024\/09\/Mammographie-Versailles-300x200-1.png\" class=\"attachment-large size-large wp-image-415\" alt=\"CRTT - \u00e9quipe m\u00e9dicale\" title=\"|\">\t\t\t\t\t\t\t\t\t\t\t\t\t\t\t<\/div>\n\t\t\t\t<\/div>\n\t\t\t\t<div class=\"elementor-element elementor-element-ef421f1 elementor-widget__width-initial elementor-widget elementor-widget-image\" data-id=\"ef421f1\" data-element_type=\"widget\" data-widget_type=\"image.default\">\n\t\t\t\t<div class=\"elementor-widget-container\">\n\t\t\t\t\t\t\t\t\t\t\t\t\t\t\t<img decoding=\"async\" width=\"300\" height=\"200\" src=\"https:\/\/crtt.net\/imagerie-medicale\/wp-content\/uploads\/sites\/2\/2024\/09\/IRM-docteurs.jpg\" class=\"attachment-large size-large wp-image-417\" alt=\"|\" title=\"|\">\t\t\t\t\t\t\t\t\t\t\t\t\t\t\t<\/div>\n\t\t\t\t<\/div>\n\t\t\t\t<div class=\"elementor-element elementor-element-6b83819 elementor-widget__width-initial elementor-hidden-mobile elementor-widget elementor-widget-image\" data-id=\"6b83819\" data-element_type=\"widget\" data-widget_type=\"image.default\">\n\t\t\t\t<div class=\"elementor-widget-container\">\n\t\t\t\t\t\t\t\t\t\t\t\t\t\t\t<img decoding=\"async\" width=\"300\" height=\"200\" src=\"https:\/\/crtt.net\/imagerie-medicale\/wp-content\/uploads\/sites\/2\/2024\/09\/CRTT-medecin-300x200-1.png\" class=\"attachment-large size-large wp-image-418\" alt=\"|\" title=\"|\">\t\t\t\t\t\t\t\t\t\t\t\t\t\t\t<\/div>\n\t\t\t\t<\/div>\n\t\t\t\t<div class=\"elementor-element elementor-element-5acc065 elementor-widget__width-initial elementor-widget elementor-widget-image-box\" data-id=\"5acc065\" data-element_type=\"widget\" data-widget_type=\"image-box.default\">\n\t\t\t\t<div class=\"elementor-widget-container\">\n\t\t\t\t\t<div class=\"elementor-image-box-wrapper\"><div class=\"elementor-image-box-content\"><h5 class=\"elementor-image-box-title\">Dr. Eric Meary<\/h5><p class=\"elementor-image-box-description\">Radiologiste qualifi\u00e9<br>\nAncien interne, ancien chef de clinique<br>\nM\u00e9decin assistant des H\u00f4pitaux de Paris<br>Ancien praticien hospitalier neuro-radiologie Paris Sainte-Anne<br>\n<span style=\"font-size:80%;font-style: italic\">Conventionn\u00e9 secteur 2 *<\/span><\/p><\/div><\/div>\t\t\t\t<\/div>\n\t\t\t\t<\/div>\n\t\t\t\t<div class=\"elementor-element elementor-element-121a5e9 elementor-widget__width-initial elementor-widget elementor-widget-image-box\" data-id=\"121a5e9\" data-element_type=\"widget\" data-widget_type=\"image-box.default\">\n\t\t\t\t<div class=\"elementor-widget-container\">\n\t\t\t\t\t<div class=\"elementor-image-box-wrapper\"><div class=\"elementor-image-box-content\"><h5 class=\"elementor-image-box-title\">Dr. Atossa Minoui<\/h5><p class=\"elementor-image-box-description\">Dipl\u00f4m\u00e9e de radiodiagnostic et d\u2019imagerie m\u00e9dicale<br>\nAncien interne, ancien chef de clinique<br>\nM\u00e9decin assistant des H\u00f4pitaux de Paris<br>\nAttach\u00e9e \u00e0 l\u2019H\u00f4pital Cochin<br>\n<span style=\"font-size:80%;font-style: italic\">Conventionn\u00e9 secteur 2 *<\/span><\/p><\/div><\/div>\t\t\t\t<\/div>\n\t\t\t\t<\/div>\n\t\t\t\t<div class=\"elementor-element elementor-element-7113c3c elementor-widget__width-initial elementor-widget elementor-widget-image-box\" data-id=\"7113c3c\" data-element_type=\"widget\" data-widget_type=\"image-box.default\">\n\t\t\t\t<div class=\"elementor-widget-container\">\n\t\t\t\t\t<div class=\"elementor-image-box-wrapper\"><div class=\"elementor-image-box-content\"><h5 class=\"elementor-image-box-title\">Dr. Pascale Bernier-Prioux<\/h5><p class=\"elementor-image-box-description\">Dipl\u00f4m\u00e9e de radiodiagnostic et d\u2019imagerie m\u00e9dicale<br>\nAncien interne, ancien chef de clinique<br>\nM\u00e9decin assistant des H\u00f4pitaux de Paris<br>\nAncien praticien associ\u00e9 \u00e0 l\u2019HEPG\n<br>\n<span style=\"font-size:80%;font-style: italic\">Conventionn\u00e9 secteur 2 *<\/span><\/p><\/div><\/div>\t\t\t\t<\/div>\n\t\t\t\t<\/div>\n\t\t\t\t<div class=\"elementor-element elementor-element-28ee1e2 elementor-widget__width-initial elementor-widget elementor-widget-image-box\" data-id=\"28ee1e2\" data-element_type=\"widget\" data-widget_type=\"image-box.default\">\n\t\t\t\t<div class=\"elementor-widget-container\">\n\t\t\t\t\t<div class=\"elementor-image-box-wrapper\"><div class=\"elementor-image-box-content\"><h5 class=\"elementor-image-box-title\">Dr Dominique Guillot<\/h5><p class=\"elementor-image-box-description\">Dipl\u00f4m\u00e9 de radioth\u00e9rapie<br>\nDipl\u00f4m\u00e9e de radiodiagnostic et d\u2019imagerie m\u00e9dicale<br>\nAncien sp\u00e9cialiste du service de sant\u00e9 des arm\u00e9es\n<br>\n<span style=\"font-size:80%;font-style: italic\">Conventionn\u00e9 secteur 2 *<\/span><\/p><\/div><\/div>\t\t\t\t<\/div>\n\t\t\t\t<\/div>\n\t\t\t\t<div class=\"elementor-element elementor-element-bd8943b elementor-widget__width-initial elementor-widget elementor-widget-image-box\" data-id=\"bd8943b\" data-element_type=\"widget\" data-widget_type=\"image-box.default\">\n\t\t\t\t<div class=\"elementor-widget-container\">\n\t\t\t\t\t<div class=\"elementor-image-box-wrapper\"><div class=\"elementor-image-box-content\"><h5 class=\"elementor-image-box-title\">Dr. David Yun<\/h5><p class=\"elementor-image-box-description\">Dipl\u00f4m\u00e9 de<br> radiodiagnostic et d\u2019imagerie m\u00e9dicale\nAncien interne, ancien chef de clinique<br>\nM\u00e9decin assistant des H\u00f4pitaux de Paris\n<br>\n<span style=\"font-size:80%;font-style: italic\">Conventionn\u00e9 secteur 2 *<\/span><\/p><\/div><\/div>\t\t\t\t<\/div>\n\t\t\t\t<\/div>\n\t\t\t\t<div class=\"elementor-element elementor-element-06ff06a elementor-widget__width-initial elementor-widget elementor-widget-image-box\" data-id=\"06ff06a\" data-element_type=\"widget\" data-widget_type=\"image-box.default\">\n\t\t\t\t<div class=\"elementor-widget-container\">\n\t\t\t\t\t<div class=\"elementor-image-box-wrapper\"><div class=\"elementor-image-box-content\"><h5 class=\"elementor-image-box-title\">Dr. Aline Mirat<\/h5><p class=\"elementor-image-box-description\">Dipl\u00f4m\u00e9e de radiodiagnostic et d\u2019imagerie m\u00e9dicale<br>\nAncien interne, ancien chef de clinique\nM\u00e9decin assistant des H\u00f4pitaux de Paris<br>\nAttach\u00e9e \u00e0 l\u2019H\u00f4pital Cochin\n<br>\n<span style=\"font-size:80%;font-style: italic\">Conventionn\u00e9 secteur 2 *<\/span><\/p><\/div><\/div>\t\t\t\t<\/div>\n\t\t\t\t<\/div>\n\t\t\t\t<div class=\"elementor-element elementor-element-2c27250 elementor-widget__width-initial elementor-widget elementor-widget-image-box\" data-id=\"2c27250\" data-element_type=\"widget\" data-widget_type=\"image-box.default\">\n\t\t\t\t<div class=\"elementor-widget-container\">\n\t\t\t\t\t<div class=\"elementor-image-box-wrapper\"><div class=\"elementor-image-box-content\"><h5 class=\"elementor-image-box-title\">Dr. Laurence Catherine-Daguerre<\/h5><p class=\"elementor-image-box-description\">Dipl\u00f4m\u00e9e de radiodiagnostic et d\u2019imagerie m\u00e9dicale<br>\nAncien interne, ancien chef de clinique<br>\nM\u00e9decin assistant des H\u00f4pitaux de Paris<br>\nAncien attach\u00e9e \u00e0 l h\u00f4pital Antoine Becl\u00e8re\n<br>\n<span style=\"font-size:80%;font-style: italic\">Conventionn\u00e9 secteur 2 *<\/span><\/p><\/div><\/div>\t\t\t\t<\/div>\n\t\t\t\t<\/div>\n\t\t\t\t<div class=\"elementor-element elementor-element-34aedbb elementor-widget__width-initial elementor-widget elementor-widget-image-box\" data-id=\"34aedbb\" data-element_type=\"widget\" data-widget_type=\"image-box.default\">\n\t\t\t\t<div class=\"elementor-widget-container\">\n\t\t\t\t\t<div class=\"elementor-image-box-wrapper\"><div class=\"elementor-image-box-content\"><h5 class=\"elementor-image-box-title\">Dr George Rafek<\/h5><p class=\"elementor-image-box-description\">Dipl\u00f4m\u00e9e de radiodiagnostic\nAncien assistant des H\u00f4pitaux de Paris<br>Attach\u00e9 \u00e0 l'h\u00f4pital B\u00e9cl\u00e8re\n<br>\n<span style=\"font-size:80%;font-style: italic\">Conventionn\u00e9 secteur 2 *<\/span><\/p><\/div><\/div>\t\t\t\t<\/div>\n\t\t\t\t<\/div>\n\t\t\t\t<div class=\"elementor-element elementor-element-c501f16 elementor-widget__width-initial elementor-widget elementor-widget-image-box\" data-id=\"c501f16\" data-element_type=\"widget\" data-widget_type=\"image-box.default\">\n\t\t\t\t<div class=\"elementor-widget-container\">\n\t\t\t\t\t<div class=\"elementor-image-box-wrapper\"><div class=\"elementor-image-box-content\"><h5 class=\"elementor-image-box-title\">Dr. Rapha\u00ebl Levy<\/h5><p class=\"elementor-image-box-description\">Dipl\u00f4m\u00e9 de radiodiagnostic et d\u2019imagerie m\u00e9dicale\n<br>\n<span style=\"font-size:80%;font-style: italic\">Conventionn\u00e9 secteur 2 *<\/span>\n\n<\/p><\/div><\/div>\t\t\t\t<\/div>\n\t\t\t\t<\/div>\n\t\t\t\t<div class=\"elementor-element elementor-element-3c49119 elementor-widget__width-initial elementor-widget elementor-widget-image-box\" data-id=\"3c49119\" data-element_type=\"widget\" data-widget_type=\"image-box.default\">\n\t\t\t\t<div class=\"elementor-widget-container\">\n\t\t\t\t\t<div class=\"elementor-image-box-wrapper\"><div class=\"elementor-image-box-content\"><h5 class=\"elementor-image-box-title\">Dr. Yasmine Boutarfa<\/h5><p class=\"elementor-image-box-description\">Dipl\u00f4m\u00e9e de radiodiagnostic et d\u2019\u00e9chographie\n<br>\n<span style=\"font-size:80%;font-style: italic\">Conventionn\u00e9 secteur 2 *<\/span><\/p><\/div><\/div>\t\t\t\t<\/div>\n\t\t\t\t<\/div>\n\t\t\t\t<div class=\"elementor-element elementor-element-29beb92 elementor-widget__width-initial elementor-widget elementor-widget-image-box\" data-id=\"29beb92\" data-element_type=\"widget\" data-widget_type=\"image-box.default\">\n\t\t\t\t<div class=\"elementor-widget-container\">\n\t\t\t\t\t<div class=\"elementor-image-box-wrapper\"><div class=\"elementor-image-box-content\"><h5 class=\"elementor-image-box-title\">Dr. David Peyrassou<\/h5><p class=\"elementor-image-box-description\">Dipl\u00f4m\u00e9 de radiodiagnostic et d\u2019\u00e9chographie\n<br>\n<span style=\"font-size:80%;font-style: italic\">Conventionn\u00e9 secteur 2 *<\/span><\/p><\/div><\/div>\t\t\t\t<\/div>\n\t\t\t\t<\/div>\n\t\t\t\t<div class=\"elementor-element elementor-element-8685836 elementor-widget__width-initial elementor-widget elementor-widget-image-box\" data-id=\"8685836\" data-element_type=\"widget\" data-widget_type=\"image-box.default\">\n\t\t\t\t<div class=\"elementor-widget-container\">\n\t\t\t\t\t<div class=\"elementor-image-box-wrapper\"><div class=\"elementor-image-box-content\"><h5 class=\"elementor-image-box-title\">Dr. Fran\u00e7ois Tachet<\/h5><p class=\"elementor-image-box-description\">Dipl\u00f4m\u00e9 de radiodiagnostic et d\u2019imagerie m\u00e9dicale<br>\nAncien interne, ancien chef de clinique\nM\u00e9decin assistant des H\u00f4pitaux de Paris\n<br>\n<span style=\"font-size:80%;font-style: italic\">Conventionn\u00e9 Secteur 2 OPTAM *<\/span><\/p><\/div><\/div>\t\t\t\t<\/div>\n\t\t\t\t<\/div>\n\t\t\t\t<\/div>\n\t\t<div class=\"elementor-element elementor-element-d38ace4 e-con-full e-flex e-con e-parent\" data-id=\"d38ace4\" data-element_type=\"container\">\n\t\t\t\t<div class=\"elementor-element elementor-element-a0a270e elementor-widget elementor-widget-heading\" data-id=\"a0a270e\" data-element_type=\"widget\" data-widget_type=\"heading.default\">\n\t\t\t\t<div class=\"elementor-widget-container\">\n\t\t\t\t\t<h3 class=\"elementor-heading-title elementor-size-default\">Les honoraires de votre m\u00e9decin<\/h3>\t\t\t\t<\/div>\n\t\t\t\t<\/div>\n\t\t\t\t<div class=\"elementor-element elementor-element-28d82fc elementor-widget elementor-widget-template\" data-id=\"28d82fc\" data-element_type=\"widget\" data-widget_type=\"template.default\">\n\t\t\t\t<div class=\"elementor-widget-container\">\n\t\t\t\t\t\t\t<div class=\"elementor-template\">\n\t\t\t\t\t<div data-elementor-type=\"container\" data-elementor-id=\"617\" class=\"elementor elementor-617\" data-elementor-post-type=\"elementor_library\">\n\t\t\t\t<div role=\"region\" aria-labelledby=\"e-n-accordion-item-2413\" class=\"elementor-element elementor-element-2e08051 e-con-full e-flex e-con e-parent\" data-id=\"2e08051\" data-element_type=\"container\">\n\t\t\t\t<div class=\"elementor-element elementor-element-c65751c elementor-widget elementor-widget-text-editor\" data-id=\"c65751c\" data-element_type=\"widget\" data-widget_type=\"text-editor.default\">\n\t\t\t\t<div class=\"elementor-widget-container\">\n\t\t\t\t\t\t\t\t\t<p>Les m\u00e9decins du CRTT exercent dans le cadre de la convention m\u00e9dicale sign\u00e9e entre les syndicats m\u00e9dicaux et les caisses d\u2019assurance maladie :<\/p><ul><li>soit en secteur 2 avec libre choix des honoraires<\/li><li>soit en Secteur Optionnel (Optam) autorisant le choix des honoraires<\/li><\/ul>\t\t\t\t\t\t\t\t<\/div>\n\t\t\t\t<\/div>\n\t\t\t\t<\/div>\n\t\t<div role=\"region\" aria-labelledby=\"e-n-accordion-item-2413\" class=\"elementor-element elementor-element-eac979d e-con-full e-flex e-con e-parent\" data-id=\"eac979d\" data-element_type=\"container\">\n\t\t\t\t<div class=\"elementor-element elementor-element-42efb03 elementor-widget elementor-widget-text-editor\" data-id=\"42efb03\" data-element_type=\"widget\" data-widget_type=\"text-editor.default\">\n\t\t\t\t<div class=\"elementor-widget-container\">\n\t\t\t\t\t\t\t\t\t<p><strong>Secteur II<\/strong><\/p>\t\t\t\t\t\t\t\t<\/div>\n\t\t\t\t<\/div>\n\t\t\t\t<\/div>\n\t\t<div role=\"region\" aria-labelledby=\"e-n-accordion-item-2413\" class=\"elementor-element elementor-element-c782b7b e-flex e-con-boxed e-con e-parent\" data-id=\"c782b7b\" data-element_type=\"container\">\n\t\t\t\t\t<div class=\"e-con-inner\">\n\t\t\t\t<div class=\"elementor-element elementor-element-ad0feab elementor-widget elementor-widget-text-editor\" data-id=\"ad0feab\" data-element_type=\"widget\" data-widget_type=\"text-editor.default\">\n\t\t\t\t<div class=\"elementor-widget-container\">\n\t\t\t\t\t\t\t\t\t<ul><li>Dr. Eric Meary<\/li><li>Dr. Atossa Minoui<\/li><li>Dr. Pascale Bernier-Prioux<\/li><li>Dr. Dominique Guillot<\/li><li>Dr. David Yun<\/li><li>Dr. Aline Mirat<\/li><li>Dr. Laurence Catherine-Daguerre<\/li><li>Dr George Rafek<\/li><li>Dr. Rapha\u00ebl Levy<\/li><li>Dr. Yasmine Boutarfa<\/li><li>Dr. David Peyrassou<\/li><\/ul>\t\t\t\t\t\t\t\t<\/div>\n\t\t\t\t<\/div>\n\t\t\t\t\t<\/div>\n\t\t\t\t<\/div>\n\t\t<div role=\"region\" aria-labelledby=\"e-n-accordion-item-2413\" class=\"elementor-element elementor-element-4f6fb7a e-con-full e-flex e-con e-parent\" data-id=\"4f6fb7a\" data-element_type=\"container\">\n\t\t\t\t<div class=\"elementor-element elementor-element-14b5190 elementor-widget elementor-widget-text-editor\" data-id=\"14b5190\" data-element_type=\"widget\" data-widget_type=\"text-editor.default\">\n\t\t\t\t<div class=\"elementor-widget-container\">\n\t\t\t\t\t\t\t\t\t<p><strong>Secteur Optionnel (Optam)<\/strong><\/p><ul><li>Dr. Fran\u00e7ois Tachet<\/li><\/ul>\t\t\t\t\t\t\t\t<\/div>\n\t\t\t\t<\/div>\n\t\t\t\t<\/div>\n\t\t<div role=\"region\" aria-labelledby=\"e-n-accordion-item-2413\" class=\"elementor-element elementor-element-26abff5 e-con-full e-flex e-con e-parent\" data-id=\"26abff5\" data-element_type=\"container\">\n\t\t\t\t<div class=\"elementor-element elementor-element-77258f3 elementor-widget elementor-widget-text-editor\" data-id=\"77258f3\" data-element_type=\"widget\" data-widget_type=\"text-editor.default\">\n\t\t\t\t<div class=\"elementor-widget-container\">\n\t\t\t\t\t\t\t\t\t<p>Il est conventionn\u00e9 \u00ab <strong>secteur II<\/strong>\u00a0\u00bb.<\/p><p>Ses honoraires peuvent \u00eatre sup\u00e9rieurs \u00e0 ceux fix\u00e9s par la convention m\u00e9dicale. Pour tous les actes sont pratiqu\u00e9s des tarifs d\u2019honoraires d\u00e9termin\u00e9s par le praticien. Le remboursement s\u2019effectue sur la base des honoraires conventionn\u00e9s. Votre m\u00e9decin vous donnera pr\u00e9alablement toutes les informations sur les honoraires qu\u2019il compte pratiquer.<\/p><p>Les m\u00e9decins en \u00ab\u00a0<strong>secteur II<\/strong>\u00a0\u00bb peuvent pratiquer des d\u00e9passements d\u2019honoraires allant de 10 \u20ac pour les actes courants \u00e0 80 \u20ac pour les actes sp\u00e9cialis\u00e9s.<\/p><p>Nous sommes \u00e0 votre disposition pour toute pr\u00e9cision tarifaire pr\u00e9alable.<\/p><p>Les d\u00e9passements d\u2019honoraires sont affich\u00e9s dans nos accueils.<\/p><p>Tout examen sup\u00e9rieur \u00e0 70 euros fait l\u2019objet d\u2019un devis \u00e9crit pr\u00e9alable.<\/p>\t\t\t\t\t\t\t\t<\/div>\n\t\t\t\t<\/div>\n\t\t\t\t<\/div>\n\t\t\t\t<\/div>\n\t\t\t\t<\/div>\n\t\t\t\t\t\t<\/div>\n\t\t\t\t<\/div>\n\t\t\t\t<\/div>\n\t\t\t\t<\/div>\n\t\t","protected":false},"excerpt":{"rendered":"<p>L\u2019\u00e9quipe m\u00e9dicale Dr. Eric Meary Radiologiste qualifi\u00e9 Ancien interne, ancien chef de clinique M\u00e9decin assistant des H\u00f4pitaux de ParisAncien praticien hospitalier neuro-radiologie Paris Sainte-Anne Conventionn\u00e9 secteur 2 * Dr. Atossa Minoui Dipl\u00f4m\u00e9e de radiodiagnostic et d\u2019imagerie m\u00e9dicale Ancien interne, ancien chef de clinique M\u00e9decin assistant des H\u00f4pitaux de Paris Attach\u00e9e \u00e0 l\u2019H\u00f4pital Cochin Conventionn\u00e9 secteur [&hellip;]<\/p>\n","protected":false},"author":1,"featured_media":0,"parent":0,"menu_order":0,"comment_status":"closed","ping_status":"closed","template":"elementor_theme","meta":{"footnotes":""},"class_list":["post-202","page","type-page","status-publish","hentry"],"_links":{"self":[{"href":"https:\/\/crtt.net\/imagerie-medicale\/wp-json\/wp\/v2\/pages\/202","targetHints":{"allow":["GET"]}}],"collection":[{"href":"https:\/\/crtt.net\/imagerie-medicale\/wp-json\/wp\/v2\/pages"}],"about":[{"href":"https:\/\/crtt.net\/imagerie-medicale\/wp-json\/wp\/v2\/types\/page"}],"author":[{"embeddable":true,"href":"https:\/\/crtt.net\/imagerie-medicale\/wp-json\/wp\/v2\/users\/1"}],"replies":[{"embeddable":true,"href":"https:\/\/crtt.net\/imagerie-medicale\/wp-json\/wp\/v2\/comments?post=202"}],"version-history":[{"count":52,"href":"https:\/\/crtt.net\/imagerie-medicale\/wp-json\/wp\/v2\/pages\/202\/revisions"}],"predecessor-version":[{"id":1011,"href":"https:\/\/crtt.net\/imagerie-medicale\/wp-json\/wp\/v2\/pages\/202\/revisions\/1011"}],"wp:attachment":[{"href":"https:\/\/crtt.net\/imagerie-medicale\/wp-json\/wp\/v2\/media?parent=202"}],"curies":[{"name":"wp","href":"https:\/\/api.w.org\/{rel}","templated":true}]}}