{"id":691,"date":"2012-08-30T15:52:37","date_gmt":"2012-08-30T15:52:37","guid":{"rendered":"http:\/\/michelongas.com\/?p=691"},"modified":"2012-08-30T15:52:37","modified_gmt":"2012-08-30T15:52:37","slug":"un-psychologue-pour-nous-aider-ma-famille-et-moi-face-au-cancer-2","status":"publish","type":"page","link":"https:\/\/crtt.net\/cancerologie\/faq\/un-psychologue-pour-nous-aider-ma-famille-et-moi-face-au-cancer-2\/","title":{"rendered":"Un psychologue pour nous aider, ma famille et moi, face au cancer"},"content":{"rendered":"<p>Cette vid\u00e9o raconte ce que les \u00e9changes avec un psychologue apportent \u00e0 un homme ayant un cancer de la prostate.<\/p>\n<p>Il a\u00a0choisi ce soutien pour exprimer ses doutes et y trouver des r\u00e9ponses, parler de la mort, tout en pr\u00e9servant sa famille.<\/p>\n<p>Le\u00a0psychologue lui a permis de parler de sa maladie et de la gu\u00e9rison.<\/p>\n<div style=\"text-align: center\">[raw]<!--[if !IE]&gt; &lt;--><\/p>\n<p>Flash not installed<\/p>\n<p><!--&gt; &lt;![endif]-->[\/raw]<\/div>\n<hr \/>\n<p>Article S\u00e9lectionn\u00e9\u00a0pour vous \u00a0par les\u00a0docteurs\u00a0<strong>Erick Chirat,\u00a0Laurence Vitu-Loas et \u00a0Anne Thiellet<\/strong><\/p>\n<p><strong>Informations sur le document<\/strong><\/p>\n<p><img decoding=\"async\" alt=\"\" src=\"\/cancerologie\/wp-content\/uploads\/sites\/3\/2024\/09\/docvitae.png\" width=\"150px\" height=\"50px\" \/><\/p>\n<p>Docvitae\u00ae est une marque d\u00e9pos\u00e9e de Merck &amp; Corp., filiale de Merck &amp; Co., Inc., Whitehouse Station, NJ, USA.<\/p>\n","protected":false},"excerpt":{"rendered":"<p>Cette vid\u00e9o raconte ce que les \u00e9changes avec un psychologue apportent \u00e0 un homme ayant un cancer de la prostate. Il a\u00a0choisi ce soutien pour exprimer ses doutes et y trouver des r\u00e9ponses, parler de la mort, tout en pr\u00e9servant sa famille. Le\u00a0psychologue lui a permis de parler de sa maladie et de la gu\u00e9rison. [&hellip;]<\/p>\n","protected":false},"author":1,"featured_media":0,"parent":55,"menu_order":0,"comment_status":"closed","ping_status":"closed","template":"","meta":{"footnotes":""},"class_list":["post-691","page","type-page","status-publish","hentry"],"_links":{"self":[{"href":"https:\/\/crtt.net\/cancerologie\/wp-json\/wp\/v2\/pages\/691","targetHints":{"allow":["GET"]}}],"collection":[{"href":"https:\/\/crtt.net\/cancerologie\/wp-json\/wp\/v2\/pages"}],"about":[{"href":"https:\/\/crtt.net\/cancerologie\/wp-json\/wp\/v2\/types\/page"}],"author":[{"embeddable":true,"href":"https:\/\/crtt.net\/cancerologie\/wp-json\/wp\/v2\/users\/1"}],"replies":[{"embeddable":true,"href":"https:\/\/crtt.net\/cancerologie\/wp-json\/wp\/v2\/comments?post=691"}],"version-history":[{"count":0,"href":"https:\/\/crtt.net\/cancerologie\/wp-json\/wp\/v2\/pages\/691\/revisions"}],"up":[{"embeddable":true,"href":"https:\/\/crtt.net\/cancerologie\/wp-json\/wp\/v2\/pages\/55"}],"wp:attachment":[{"href":"https:\/\/crtt.net\/cancerologie\/wp-json\/wp\/v2\/media?parent=691"}],"curies":[{"name":"wp","href":"https:\/\/api.w.org\/{rel}","templated":true}]}}