{"id":677,"date":"2012-08-30T15:28:08","date_gmt":"2012-08-30T15:28:08","guid":{"rendered":"http:\/\/michelongas.com\/?p=677"},"modified":"2012-08-30T15:28:08","modified_gmt":"2012-08-30T15:28:08","slug":"prise-en-charge-dun-melanome-ce-que-je-dois-savoir-2","status":"publish","type":"page","link":"https:\/\/crtt.net\/cancerologie\/faq\/prise-en-charge-dun-melanome-ce-que-je-dois-savoir-2\/","title":{"rendered":"Prise en charge d&rsquo;un m\u00e9lanome : ce que je dois savoir"},"content":{"rendered":"<p><strong>Le m\u00e9lanome est un cancer de la peau. Il n\u00e9cessite une prise en charge rapide pour limiter son extension \u00e0 d\u2019autres<\/strong>\u00a0<strong>organes.<\/strong><\/p>\n<h3>Un m\u00e9lanome vient de m\u2019\u00eatre diagnostiqu\u00e9, de quoi s\u2019agit-il ?<\/h3>\n<p style=\"text-align: justify\">Le m\u00e9lanome est un cancer cutan\u00e9. Il s\u2019agit d\u2019une tumeur canc\u00e9reuse qui se d\u00e9veloppe \u00e0 partir d\u2019un certain type de cellules de la\u00a0peau appel\u00e9es m\u00e9lanocytes. Ces cellules sont situ\u00e9es, pour la plupart, au niveau de la peau. Souvent le m\u00e9lanome correspond \u00e0 un\u00a0grain de beaut\u00e9 qui se modifie. Il s\u2019agit d\u2019une petite tache qui se d\u00e9veloppe sur une partie de la peau. Cette tache s\u2019\u00e9tend, change de \u00a0forme et de couleur. Elle peut ensuite s\u2019\u00e9paissir.<\/p>\n<p style=\"text-align: justify\">Le m\u00e9lanome n\u2019est pas d\u00e9tectable par une prise de sang. Les signes du m\u00e9lanome cutan\u00e9 ne sont visibles que sur la peau. Mais il\u00a0existe aussi des m\u00e9lanomes muqueux peu visibles.<\/p>\n<p style=\"text-align: justify\">Les m\u00e9lanomes peuvent survenir \u00e0 tout \u00e2ge, mais sont plus fr\u00e9quents apr\u00e8s 20 ans. Ils connaissent un pic vers 40-50 ans. Ils\u00a0peuvent \u00e9voluer rapidement.<\/p>\n<h3>Comment mon m\u00e9lanome peut-il \u00e9voluer ?<\/h3>\n<p style=\"text-align: justify\">Il existe diff\u00e9rents stades de m\u00e9lanome. Un traitement pr\u00e9coce permet une gu\u00e9rison totale. Lorsqu\u2019un m\u00e9lanome n\u2019est pas trait\u00e9, il\u00a0risque de se propager \u00e0 d\u2019autres organes. Il est donc important de faire le diagnostic tr\u00e8s pr\u00e9cocement et de l\u2019enlever\u00a0chirurgicalement pour \u00e9viter que les cellules canc\u00e9reuses ne se propagent aux ganglions proches (ganglions inguinaux situ\u00e9s pr\u00e8s\u00a0de l\u2019aine, ganglions axillaires situ\u00e9s sous les bras ou ganglions cervicaux et <br \/>sus-claviculaires situ\u00e9s au niveau du cou), puis \u00e0\u00a0d\u2019autres parties du corps comme le cerveau, le foie, les poumons, les os\u2026<\/p>\n<h3>Comment mon m\u00e9lanome va-t-il \u00eatre trait\u00e9 ?<\/h3>\n<p style=\"text-align: justify\">La chirurgie reste aujourd\u2019hui le seul traitement du m\u00e9lanome, s\u2019il est localis\u00e9. Il s\u2019agit de l\u2019ablation de la l\u00e9sion cutan\u00e9e. La\u00a0radioth\u00e9rapie et la chimioth\u00e9rapie ne sont pas utilis\u00e9es \u00e0 ce stade de m\u00e9lanome localis\u00e9. Parfois, on peut proposer, apr\u00e8s la\u00a0chirurgie, un traitement par interf\u00e9ron, dont le m\u00e9decin vous expliquera les effets secondaires possibles (fatigue ou \u00e9tat grippal).<br \/>Dans tous les cas, diff\u00e9rents sp\u00e9cialistes \u00e9tudieront votre dossier afin de d\u00e9finir le traitement le mieux adapt\u00e9 \u00e0 votre situation\u00a0pr\u00e9cise. Apr\u00e8s en avoir discut\u00e9 avec vous, ce traitement va \u00eatre consign\u00e9 dans votre PPS (programme personnalis\u00e9 de soins), qui\u00a0vous sera remis. Il sera \u00e9galement d\u00e9cid\u00e9 dans quel \u00e9tablissement vous serez pris en charge.<\/p>\n<h3>Je dois me faire op\u00e9rer de mon m\u00e9lanome, comment l\u2019op\u00e9ration se d\u00e9roule-t-elle ?<\/h3>\n<p style=\"text-align: justify\">Pour faire le diagnostic, vous avez le plus souvent d\u00e9j\u00e0 subi une premi\u00e8re intervention chirurgicale minime, appel\u00e9e ex\u00e9r\u00e8se, qui a\u00a0consist\u00e9 \u00e0 \u00f4ter la tumeur.\u00a0<\/p>\n<p style=\"text-align: justify\">Vous allez maintenant subir une seconde op\u00e9ration, \u00e0 but th\u00e9rapeutique cette fois, appel\u00e9e ex\u00e9r\u00e8se \u00e9largie. C\u2019est un traitement local\u00a0de votre cancer qui a pour but d\u2019enlever la peau autour de la tumeur pour enlever toutes les cellules canc\u00e9reuses et r\u00e9duire les\u00a0risques de r\u00e9cidive.<\/p>\n<p style=\"text-align: justify\">En pratique, selon les cas, le chirurgien va enlever autour de votre premi\u00e8re cicatrice une zone de peau suppl\u00e9mentaire (pas plus de\u00a03 cm de chaque c\u00f4t\u00e9). Il est possible qu\u2019il enl\u00e8ve aussi des ganglions lymphatiques susceptibles d\u2019\u00eatre touch\u00e9s ; on parle alors de\u00a0curage. Il proc\u00e8de ensuite \u00e0 la suture de la plaie, \u00e0 l\u2019application de pansements sp\u00e9ciaux favorisant la cicatrisation ou, le cas\u00a0\u00e9ch\u00e9ant, \u00e0 une greffe de peau sur la zone op\u00e9r\u00e9e.\u00a0Cette op\u00e9ration dure g\u00e9n\u00e9ralement moins d\u2019une heure et s\u2019effectue en ambulatoire, c&rsquo;est-\u00e0-dire en une seule journ\u00e9e \u00e0 l\u2019h\u00f4pital.<\/p>\n<h3 style=\"text-align: justify\">Toutefois, une hospitalisation plus longue peut \u00eatre n\u00e9cessaire, notamment si une anesth\u00e9sie g\u00e9n\u00e9rale est indispensable.<br \/>Et apr\u00e8s l\u2019op\u00e9ration ?<\/h3>\n<p style=\"text-align: justify\">Apr\u00e8s l\u2019intervention, la zone trait\u00e9e peut \u00eatre douloureuse. Des m\u00e9dicaments antidouleur (antalgiques) vous seront alors prescrits. La\u00a0surveillance de la cicatrice sera assur\u00e9e par votre m\u00e9decin avec l\u2019aide parfois d\u2019une infirmi\u00e8re pour les pansements.<\/p>\n<h3>Apr\u00e8s l\u2019op\u00e9ration, y a-t-il des recommandations particuli\u00e8res ?<\/h3>\n<p>Un temps de convalescence sera n\u00e9cessaire. Selon la zone touch\u00e9e par l\u2019op\u00e9ration, certains mouvements peuvent \u00eatre difficiles.\u00a0Une kin\u00e9sith\u00e9rapie pourra alors vous \u00eatre propos\u00e9e.<\/p>\n<h3>Comment mon m\u00e9lanome va-t-il \u00eatre suivi ?<\/h3>\n<p style=\"text-align: justify\">La surveillance de votre m\u00e9lanome est organis\u00e9e \u00e0 l\u2019avance. Il s\u2019agit de consultations m\u00e9dicales durant lesquelles votre m\u00e9decin va\u00a0vous interroger, vous examiner et parfois r\u00e9aliser des examens compl\u00e9mentaires.<\/p>\n<p style=\"text-align: justify\">Vous devrez revoir votre m\u00e9decin tous les trois ou six mois pendant cinq ans, puis ensuite tous les ans. Il est imp\u00e9ratif de respecter\u00a0ces rendez-vous qui consistent \u00e0 surveiller les signes \u00e9ventuels de r\u00e9cidive, voire l\u2019apparition d\u2019un second m\u00e9lanome.<\/p>\n<p style=\"text-align: justify\">Entre ces rendez-vous, vous ne devez pas h\u00e9siter \u00e0 contacter votre m\u00e9decin pour toute question ou si vous ressentez quelque chose\u00a0d\u2019anormal.<\/p>\n<p style=\"text-align: justify\">Le m\u00e9lanome malin cutan\u00e9 est un cancer grave, si on en fait tardivement le diagnostic. Il gu\u00e9rit facilement s\u2019il est enlev\u00e9\u00a0pr\u00e9cocement. N\u2019h\u00e9sitez surtout pas \u00e0 consulter un m\u00e9decin si vous constatez une tache bizarre sur votre peau ou un grain de beaut\u00e9\u00a0qui s\u2019est modifi\u00e9 !<\/p>\n<hr \/>\n<p>Article S\u00e9lectionn\u00e9\u00a0pour vous \u00a0par les\u00a0docteurs\u00a0<strong>Erick Chirat,\u00a0Laurence Vitu-Loas et \u00a0Anne Thiellet<\/strong><\/p>\n<p><strong>Informations sur le document<\/strong><\/p>\n<p><img decoding=\"async\" src=\"\/cancerologie\/wp-content\/uploads\/sites\/3\/2024\/09\/docvitae.png\" alt=\"\" width=\"150px\" height=\"50px\" \/><\/p>\n<p>Docvitae\u00ae est une marque d\u00e9pos\u00e9e de Merck &amp; Corp., filiale de Merck &amp; Co., Inc., Whitehouse Station, NJ, USA.<\/p>\n","protected":false},"excerpt":{"rendered":"<p>Le m\u00e9lanome est un cancer de la peau. Il n\u00e9cessite une prise en charge rapide pour limiter son extension \u00e0 d\u2019autres\u00a0organes. Un m\u00e9lanome vient de m\u2019\u00eatre diagnostiqu\u00e9, de quoi s\u2019agit-il ? Le m\u00e9lanome est un cancer cutan\u00e9. Il s\u2019agit d\u2019une tumeur canc\u00e9reuse qui se d\u00e9veloppe \u00e0 partir d\u2019un certain type de cellules de la\u00a0peau appel\u00e9es [&hellip;]<\/p>\n","protected":false},"author":1,"featured_media":0,"parent":55,"menu_order":0,"comment_status":"closed","ping_status":"closed","template":"","meta":{"footnotes":""},"class_list":["post-677","page","type-page","status-publish","hentry"],"_links":{"self":[{"href":"https:\/\/crtt.net\/cancerologie\/wp-json\/wp\/v2\/pages\/677","targetHints":{"allow":["GET"]}}],"collection":[{"href":"https:\/\/crtt.net\/cancerologie\/wp-json\/wp\/v2\/pages"}],"about":[{"href":"https:\/\/crtt.net\/cancerologie\/wp-json\/wp\/v2\/types\/page"}],"author":[{"embeddable":true,"href":"https:\/\/crtt.net\/cancerologie\/wp-json\/wp\/v2\/users\/1"}],"replies":[{"embeddable":true,"href":"https:\/\/crtt.net\/cancerologie\/wp-json\/wp\/v2\/comments?post=677"}],"version-history":[{"count":0,"href":"https:\/\/crtt.net\/cancerologie\/wp-json\/wp\/v2\/pages\/677\/revisions"}],"up":[{"embeddable":true,"href":"https:\/\/crtt.net\/cancerologie\/wp-json\/wp\/v2\/pages\/55"}],"wp:attachment":[{"href":"https:\/\/crtt.net\/cancerologie\/wp-json\/wp\/v2\/media?parent=677"}],"curies":[{"name":"wp","href":"https:\/\/api.w.org\/{rel}","templated":true}]}}