{"id":649,"date":"2012-08-29T09:46:49","date_gmt":"2012-08-29T09:46:49","guid":{"rendered":"http:\/\/michelongas.com\/?p=649"},"modified":"2012-08-29T09:46:49","modified_gmt":"2012-08-29T09:46:49","slug":"je-surveille-mes-grains-de-beaute","status":"publish","type":"page","link":"https:\/\/crtt.net\/cancerologie\/faq\/je-surveille-mes-grains-de-beaute\/","title":{"rendered":"Je surveille mes grains de beaut\u00e9"},"content":{"rendered":"<p><strong>Un grain de beaut\u00e9 est sans gravit\u00e9. Mais lorsqu\u2019il se modifie en forme, en couleur ou en diam\u00e8tre il faut demander un avis<\/strong>\u00a0<strong>m\u00e9dical afin de d\u00e9pister rapidement un \u00e9ventuel m\u00e9lanome. Surveillance des grains de beaut\u00e9, appel\u00e9s aussi \u00ab\u00a0naevus\u00a0\u00bb par<\/strong><br \/><strong>les m\u00e9decins.<\/strong><\/p>\n<h3>Qu\u2019est-ce qu\u2019un m\u00e9lanome ?<\/h3>\n<p>Le m\u00e9lanome ressemble \u00e0 un grain de beaut\u00e9. C\u2019est une tumeur maligne qui peut survenir \u00e0 tout \u00e2ge.<br \/>Un traitement pr\u00e9coce permet une gu\u00e9rison totale.<br \/>Une surveillance \u00e0 vie s\u2019impose ensuite.<\/p>\n<h3>Quels sont les signes d\u2019un m\u00e9lanome ?<\/h3>\n<p>Une petite tache se d\u00e9veloppe sur une partie de votre peau qui ne pr\u00e9sentait pas d\u2019anomalie (de couleur brun fonc\u00e9 ou noire, parfois\u00a0rouge ros\u00e9 ou non color\u00e9e chez les personnes \u00e0 peau claire).<br \/>Dans un premier temps, cette tache s\u2019\u00e9tend, change de forme et de couleur. Elle peut ensuite s\u2019\u00e9paissir.<br \/>Un grain de beaut\u00e9 ancien se modifie et il augmente de surface ou change de couleur.<br \/>Le m\u00e9lanome n\u2019est pas d\u00e9tectable par une prise de sang. Les signes du m\u00e9lanome cutan\u00e9 ne sont visibles que sur la peau.<\/p>\n<h3>Comment puis-je rep\u00e9rer un grain de beaut\u00e9 suspect ?<\/h3>\n<p>Son aspect se modifie.<br \/>Une nouvelle tache pigment\u00e9e fait son apparition.<br \/>Une cro\u00fbte dispara\u00eet et se reforme.<br \/>Une petite blessure saigne facilement ou cicatrise mal.<\/p>\n<h3>Y a-t-il des zones du corps que je dois particuli\u00e8rement surveiller ?<\/h3>\n<p>Les grains de beaut\u00e9 \u00e0 risque canc\u00e9reux peuvent se situer sur tout votre corps, m\u00eame sur les organes g\u00e9nitaux.<br \/>Il existe toutefois des zones de pr\u00e9dilection : le mollet chez la femme, le dos chez l\u2019homme, la joue chez la personne \u00e2g\u00e9e.<\/p>\n<p>L\u2019auto-surveillance en pratique : le test A, B, C, D, E<br \/>A = Asym\u00e9trie. Le grain de beaut\u00e9 a une forme bizarre, irr\u00e9guli\u00e8re, asym\u00e9trique.<br \/>B = Bord. Le contour du grain pr\u00e9sente l\u2019aspect d\u2019une carte de g\u00e9ographie.<br \/>C = Couleur. Le grain de beaut\u00e9 laisse appara\u00eetre plusieurs teintes : brun rose, brun rouge, beige noir.<br \/>D = Dimension. Le grain poss\u00e8de un diam\u00e8tre de plus de 5 mm.<br \/>E = \u00c9volution. Sa taille a augment\u00e9, vous \u00e9prouvez de nouvelles sensations, des d\u00e9mangeaisons, il s&rsquo;est produit un l\u00e9ger<br \/>saignement.<br \/>Si vous r\u00e9pondez \u00ab oui \u00bb \u00e0 l\u2019une de ces propositions, votre grain de beaut\u00e9 doit \u00eatre surveill\u00e9.<\/p>\n<p style=\"text-align: center\"><em>Surveillez tr\u00e8s r\u00e9guli\u00e8rement vos grains de beaut\u00e9, ceux qui apparaissent et ceux qui pr\u00e9sentent des signes particuliers<\/em><\/p>\n<h3>Puis-je me mettre au soleil ?<\/h3>\n<p>Les expositions au soleil \u2013 et surtout les coups de soleil pendant l\u2019enfance et l\u2019adolescence \u2013 sont les plus dangereuses. Avant l\u2019\u00e2ge\u00a0de 15 ans, elles doublent le risque de d\u00e9velopper un m\u00e9lanome.<br \/>Deux m\u00e9lanomes sur trois sont li\u00e9s \u00e0 une exposition au soleil trop importante par rapport au type de peau.<br \/>L\u2019exposition r\u00e9guli\u00e8re aux UV artificiels (utilisation de lampes \u00e0 bronzer ou solarium dans les centres de bronzage) double le risque\u00a0de m\u00e9lanome.<\/p>\n<h3>Qui est concern\u00e9 ?<\/h3>\n<p>Vous \u00eates une personne \u00e0 peau claire, cheveux clairs, yeux clairs, et aux coups de soleil faciles (blond, roux).<br \/>Vous travaillez \u00e0 l\u2019ext\u00e9rieur. Ou vous vous exposez au soleil ou aux lampes UV sans protection.<br \/>Vous avez de nombreux grains de beaut\u00e9 d\u2019une taille sup\u00e9rieure \u00e0 5 millim\u00e8tres. Cela ne signifie pas que les peaux uniformes soient\u00a0sans risque, ni que tous les grains de beaut\u00e9 d\u00e9g\u00e9n\u00e8rent en cancers. Moins de 10 % des m\u00e9lanomes surviennent sur un grain de\u00a0beaut\u00e9 pr\u00e9existant. Les autres apparaissent sur une peau saine.<br \/>Vous avez une \u00ab famille \u00e0 m\u00e9lanome \u00bb : dans 10 % des cas, l\u2019origine est g\u00e9n\u00e9tique.<br \/>Surveillez tr\u00e8s r\u00e9guli\u00e8rement vos grains de beaut\u00e9, ceux qui apparaissent et ceux qui pr\u00e9sentent des signes particuliers : la forme\u00a0change, le bord devient irr\u00e9gulier, la couleur se modifie, le diam\u00e8tre augmente, vous ressentez des d\u00e9mangeaisons&#8230;<br \/>Toute modification d&rsquo;un grain de beaut\u00e9 doit faire consulter.<br \/>L&rsquo;apparition d&rsquo;un nouveau grain de beaut\u00e9, surtout s&rsquo;il ne ressemble pas aux autres (\u00ab\u00a0vilain petit canard\u00a0\u00bb) doit aussi faire consulter.<br \/>Parlez-en lors d\u2019une prochaine consultation.<\/p>\n<hr \/>\n<p>Article S\u00e9lectionn\u00e9\u00a0pour vous \u00a0par les\u00a0docteurs\u00a0<strong>Erick Chirat,\u00a0Laurence Vitu-Loas et \u00a0Anne Thiellet<\/strong><\/p>\n<p><strong>Informations sur le document<\/strong><\/p>\n<p><img decoding=\"async\" src=\"\/cancerologie\/wp-content\/uploads\/sites\/3\/2024\/09\/docvitae.png\" alt=\"\" width=\"150px\" height=\"50px\" \/><\/p>\n<p>Docvitae\u00ae est une marque d\u00e9pos\u00e9e de Merck &amp; Corp., filiale de Merck &amp; Co., Inc., Whitehouse Station, NJ, USA.<\/p>\n","protected":false},"excerpt":{"rendered":"<p>Un grain de beaut\u00e9 est sans gravit\u00e9. Mais lorsqu\u2019il se modifie en forme, en couleur ou en diam\u00e8tre il faut demander un avis\u00a0m\u00e9dical afin de d\u00e9pister rapidement un \u00e9ventuel m\u00e9lanome. Surveillance des grains de beaut\u00e9, appel\u00e9s aussi \u00ab\u00a0naevus\u00a0\u00bb parles m\u00e9decins. Qu\u2019est-ce qu\u2019un m\u00e9lanome ? Le m\u00e9lanome ressemble \u00e0 un grain de beaut\u00e9. C\u2019est une tumeur [&hellip;]<\/p>\n","protected":false},"author":1,"featured_media":0,"parent":55,"menu_order":0,"comment_status":"closed","ping_status":"open","template":"","meta":{"footnotes":""},"class_list":["post-649","page","type-page","status-publish","hentry"],"_links":{"self":[{"href":"https:\/\/crtt.net\/cancerologie\/wp-json\/wp\/v2\/pages\/649","targetHints":{"allow":["GET"]}}],"collection":[{"href":"https:\/\/crtt.net\/cancerologie\/wp-json\/wp\/v2\/pages"}],"about":[{"href":"https:\/\/crtt.net\/cancerologie\/wp-json\/wp\/v2\/types\/page"}],"author":[{"embeddable":true,"href":"https:\/\/crtt.net\/cancerologie\/wp-json\/wp\/v2\/users\/1"}],"replies":[{"embeddable":true,"href":"https:\/\/crtt.net\/cancerologie\/wp-json\/wp\/v2\/comments?post=649"}],"version-history":[{"count":0,"href":"https:\/\/crtt.net\/cancerologie\/wp-json\/wp\/v2\/pages\/649\/revisions"}],"up":[{"embeddable":true,"href":"https:\/\/crtt.net\/cancerologie\/wp-json\/wp\/v2\/pages\/55"}],"wp:attachment":[{"href":"https:\/\/crtt.net\/cancerologie\/wp-json\/wp\/v2\/media?parent=649"}],"curies":[{"name":"wp","href":"https:\/\/api.w.org\/{rel}","templated":true}]}}