{"id":638,"date":"2012-08-29T09:05:32","date_gmt":"2012-08-29T09:05:32","guid":{"rendered":"http:\/\/michelongas.com\/?p=638"},"modified":"2012-08-29T09:05:32","modified_gmt":"2012-08-29T09:05:32","slug":"je-minforme-sur-les-therapies-ciblees-dans-la-prise-en-charge-du-cancer","status":"publish","type":"page","link":"https:\/\/crtt.net\/cancerologie\/faq\/je-minforme-sur-les-therapies-ciblees-dans-la-prise-en-charge-du-cancer\/","title":{"rendered":"Je m&rsquo;informe sur les th\u00e9rapies cibl\u00e9es dans la prise en charge du cancer"},"content":{"rendered":"<p><strong>La recherche sur les nouveaux traitements du cancer, et notamment sur les biotechnologies, a permis de mettre au point de<\/strong><br \/><strong>nouvelles mol\u00e9cules. Ces nouvelles th\u00e9rapies cibl\u00e9es ont pour but d\u2019augmenter l\u2019efficacit\u00e9 du traitement.<\/strong><\/p>\n<h3>Qu&rsquo;est-ce que les th\u00e9rapies cibl\u00e9es ?<\/h3>\n<p>Il s&rsquo;agit de traitements qui repr\u00e9sentent une r\u00e9volution dans leur m\u00e9canisme d&rsquo;action.Comme leur nom l&rsquo;indique, ils ciblent les cellules responsables de la maladie, sans faire de dommage aux cellules ou aux tissus\u00a0sains environnants.<\/p>\n<h3>Quelle est la diff\u00e9rence avec ma chimioth\u00e9rapie ?<\/h3>\n<p>La chimioth\u00e9rapie est un traitement g\u00e9n\u00e9ral qui s&rsquo;attaque aux cellules canc\u00e9reuses en les d\u00e9truisant, mais aussi aux cellules saines\u00a0fragiles (exemple : les cellules de la moelle). La chimioth\u00e9rapie repose sur le principe suivant : les cellules saines ont la capacit\u00e9 de\u00a0r\u00e9parer les l\u00e9sions rapidement, alors que les cellules malades ont perdu cette capacit\u00e9 de r\u00e9paration.<br \/>Les th\u00e9rapies mol\u00e9culaires cibl\u00e9es sont des mol\u00e9cules (m\u00e9dicaments) plus \u00ab\u00a0intelligentes\u00a0\u00bb, qui agissent directement sur les\u00a0m\u00e9canismes de r\u00e9gulation de la multiplication et de la croissance des cellules.<br \/>En termes m\u00e9dicaux, ces traitements emp\u00eachent la prolif\u00e9ration des cellules tumorales. Autrement dit, ils vont limiter l&rsquo;extension de la\u00a0tumeur en bloquant les facteurs de croissance des cellules malades.<\/p>\n<h3>Puis-je b\u00e9n\u00e9ficier de th\u00e9rapies cibl\u00e9es ?<\/h3>\n<p>Le d\u00e9veloppement des th\u00e9rapies cibl\u00e9es est tr\u00e8s prometteur et va s&rsquo;\u00e9tendre \u00e0 tous les types de cancer.<br \/>Le cancer du sein est un des cancers qui b\u00e9n\u00e9ficie d\u00e9j\u00e0, dans certaines indications, de ces nouvelles mol\u00e9cules \u00ab\u00a0r\u00e9volutionnaires\u00a0\u00bb.<br \/>Mais ces th\u00e9rapies ne remplacent pas syst\u00e9matiquement la chimioth\u00e9rapie. Selon le type et le d\u00e9veloppement du cancer, les\u00a0th\u00e9rapies cibl\u00e9es prendront le relais de la chimioth\u00e9rapie ou seront associ\u00e9es \u00e0 celle-ci pour essayer d&rsquo;augmenter son efficacit\u00e9.<\/p>\n<h3>Existe-t-il plusieurs types de th\u00e9rapies cibl\u00e9es ?<\/h3>\n<p>Il y a plusieurs m\u00e9canismes d&rsquo;action dans les diff\u00e9rentes th\u00e9rapies cibl\u00e9es.<br \/>\u00a0 \u00a0 \u00a0 * Certaines mol\u00e9cules bloquent la croissance des cellules canc\u00e9reuses.<br \/>\u00a0 \u00a0 \u00a0 * D&rsquo;autres emp\u00eachent la cellule de former ou de multiplier des vaisseaux anormaux, qui lui permettent de s&rsquo;alimenter en\u00a0sang et de migrer dans l&rsquo;organisme.<br \/>\u00a0 \u00a0 \u00a0 * D&rsquo;autres utilisent les d\u00e9fenses immunitaires de l&rsquo;organisme.<br \/>\u00a0 \u00a0 \u00a0 * Enfin, certaines mol\u00e9cules modifient la programmation anormale de la cellule.<br \/>Il existe plusieurs formes d&rsquo;administration en fonction des m\u00e9dicaments : par voie intraveineuse ou par voie orale. Il s&rsquo;agit le plus\u00a0souvent de traitements au long cours.<\/p>\n<h3>Quels sont les \u00e9ventuels effets secondaires ?<\/h3>\n<p>Ces traitements sont g\u00e9n\u00e9ralement bien tol\u00e9r\u00e9s, mais ils peuvent parfois provoquer certains effets secondaires diff\u00e9rents de ceux de\u00a0la chimioth\u00e9rapie, mais d&rsquo;intensit\u00e9 importante et non pr\u00e9visibles.<br \/>Ces th\u00e9rapies cibl\u00e9es peuvent provoquer principalement des r\u00e9actions cutan\u00e9es, allergiques, des troubles m\u00e9taboliques, des\u00a0troubles de la tension&#8230;<\/p>\n<h3>Quels sont les avantages pour moi ?<\/h3>\n<p>Les premiers r\u00e9sultats avec ces nouvelles th\u00e9rapies, seules ou en association avec la chimioth\u00e9rapie, sont tr\u00e8s encourageants,\u00a0permettant dans certains types de cancer de r\u00e9duire les risques de r\u00e9cidive.<br \/>Le d\u00e9veloppement de ces traitements \u00e9tant tout r\u00e9cent, ceux-ci ne peuvent pas \u00eatre administr\u00e9s s&rsquo;ils n&rsquo;ont pas \u00e9t\u00e9 valid\u00e9s dans de\u00a0grandes \u00e9tudes cliniques permettant ensuite leur Autorisation de mise sur le march\u00e9 (AMM).<br \/>Votre m\u00e9decin est parfaitement au courant du d\u00e9veloppement de ces nouvelles th\u00e9rapies. Il les mettra \u00e0 votre disposition si votre\u00a0situation le justifie et si votre \u00e9tat le permet, d\u00e8s qu&rsquo;elles seront valid\u00e9es et disponibles.<br \/>Vous pouvez lui poser toutes les questions que vous souhaitez sur ce sujet nouveau.<br \/>Les r\u00e9sultats obtenus avec la chimioth\u00e9rapie b\u00e9n\u00e9ficient d&rsquo;un certain nombre d&rsquo;ann\u00e9es d&rsquo;exp\u00e9rience.<br \/>Malgr\u00e9 leurs avantages et leur avenir prometteur, les th\u00e9rapies cibl\u00e9es sont encore trop r\u00e9centes pour devenir rapidement le\u00a0traitement unique du cancer.<br \/>Qu&rsquo;elles soient utilis\u00e9es seules (rarement) ou en association avec la chimioth\u00e9rapie, les th\u00e9rapies cibl\u00e9es am\u00e9liorent les r\u00e9sultats du\u00a0traitement.<br \/>Le d\u00e9veloppement des th\u00e9rapies cibl\u00e9es va permettre de \u00ab\u00a0personnaliser\u00a0\u00bb les traitements.<\/p>\n<hr \/>\n<p>Article S\u00e9lectionn\u00e9\u00a0pour vous \u00a0par les\u00a0docteurs\u00a0<strong>Erick Chirat,\u00a0Laurence Vitu-Loas et \u00a0Anne Thiellet<\/strong><\/p>\n<p><strong>Informations sur le document<\/strong><\/p>\n<p><img decoding=\"async\" src=\"\/cancerologie\/wp-content\/uploads\/sites\/3\/2024\/09\/docvitae.png\" alt=\"\" width=\"150px\" height=\"50px\" \/><\/p>\n<p>Docvitae\u00ae est une marque d\u00e9pos\u00e9e de Merck &amp; Corp., filiale de Merck &amp; Co., Inc., Whitehouse Station, NJ, USA.<\/p>\n","protected":false},"excerpt":{"rendered":"<p>La recherche sur les nouveaux traitements du cancer, et notamment sur les biotechnologies, a permis de mettre au point denouvelles mol\u00e9cules. Ces nouvelles th\u00e9rapies cibl\u00e9es ont pour but d\u2019augmenter l\u2019efficacit\u00e9 du traitement. Qu&rsquo;est-ce que les th\u00e9rapies cibl\u00e9es ? Il s&rsquo;agit de traitements qui repr\u00e9sentent une r\u00e9volution dans leur m\u00e9canisme d&rsquo;action.Comme leur nom l&rsquo;indique, ils ciblent [&hellip;]<\/p>\n","protected":false},"author":1,"featured_media":0,"parent":55,"menu_order":0,"comment_status":"closed","ping_status":"open","template":"","meta":{"footnotes":""},"class_list":["post-638","page","type-page","status-publish","hentry"],"_links":{"self":[{"href":"https:\/\/crtt.net\/cancerologie\/wp-json\/wp\/v2\/pages\/638","targetHints":{"allow":["GET"]}}],"collection":[{"href":"https:\/\/crtt.net\/cancerologie\/wp-json\/wp\/v2\/pages"}],"about":[{"href":"https:\/\/crtt.net\/cancerologie\/wp-json\/wp\/v2\/types\/page"}],"author":[{"embeddable":true,"href":"https:\/\/crtt.net\/cancerologie\/wp-json\/wp\/v2\/users\/1"}],"replies":[{"embeddable":true,"href":"https:\/\/crtt.net\/cancerologie\/wp-json\/wp\/v2\/comments?post=638"}],"version-history":[{"count":0,"href":"https:\/\/crtt.net\/cancerologie\/wp-json\/wp\/v2\/pages\/638\/revisions"}],"up":[{"embeddable":true,"href":"https:\/\/crtt.net\/cancerologie\/wp-json\/wp\/v2\/pages\/55"}],"wp:attachment":[{"href":"https:\/\/crtt.net\/cancerologie\/wp-json\/wp\/v2\/media?parent=638"}],"curies":[{"name":"wp","href":"https:\/\/api.w.org\/{rel}","templated":true}]}}