{"id":629,"date":"2012-08-29T08:37:00","date_gmt":"2012-08-29T08:37:00","guid":{"rendered":"http:\/\/michelongas.com\/?p=629"},"modified":"2012-08-29T08:37:00","modified_gmt":"2012-08-29T08:37:00","slug":"je-minforme-sur-le-lien-entre-cancer-et-stress","status":"publish","type":"page","link":"https:\/\/crtt.net\/cancerologie\/faq\/je-minforme-sur-le-lien-entre-cancer-et-stress\/","title":{"rendered":"Je m&rsquo;informe sur le lien entre cancer et stress"},"content":{"rendered":"<p><strong>Il est banal de se poser la question d\u2019une relation entre certains \u00e9v\u00e8nements de vie et la survenue d\u2019une maladie.<\/strong><\/p>\n<p><strong> De<\/strong>\u00a0<strong>nombreuses personnes touch\u00e9es par le cancer essaient de contr\u00f4ler leur angoisse en en recherchant la cause.<\/strong><\/p>\n<p><strong><\/strong><strong>L\u2019id\u00e9e d\u2019une\u00a0<\/strong><strong>psychogen\u00e8se (origine psychique) du cancer est tr\u00e8s r\u00e9pandue.<\/strong><\/p>\n<h3>Je suis stress\u00e9 (e), \u00e7a veut dire quoi ?<\/h3>\n<p>Dans le langage courant, le mot stress d\u00e9signe la tension physique et psychique li\u00e9e aux pressions rencontr\u00e9es dans notre vie\u00a0quotidienne (charge professionnelle, soucis financiers, transports urbains, conflits familiaux, etc.). Le stress peut aussi \u00eatre envisag\u00e9\u00a0comme une r\u00e9action \u00e0 des \u00e9v\u00e9nements de vie v\u00e9cus comme \u00e9prouvants (d\u00e9c\u00e8s, divorce, licenciement, d\u00e9racinement&#8230;).<br \/>Du point de vue scientifique, le stress est la r\u00e9action naturelle d&rsquo;un organisme face \u00e0 une agression, que celle-ci soit physique,\u00a0chimique ou psychique. Il s&rsquo;agit donc d&rsquo;une mise en alerte, d&rsquo;une pr\u00e9paration face \u00e0 un danger potentiel. Ces ph\u00e9nom\u00e8nes entra\u00eenent\u00a0des r\u00e9actions hormonales, musculaires ou psychiques qui peuvent agir sur les d\u00e9fenses naturelles de l&rsquo;organisme.<\/p>\n<h3>Le stress peut-il \u00eatre la cause de mon cancer ?<\/h3>\n<p>De nombreuses recherches, notamment dans le domaine du cancer du sein, ont \u00e9tudi\u00e9 les relations entre des \u00e9v\u00e9nements de vie\u00a0n\u00e9gatifs et l&rsquo;apparition de la maladie. D&rsquo;autres \u00e9tudes ont analys\u00e9 l&rsquo;influence de l&rsquo;anxi\u00e9t\u00e9, de la d\u00e9pression et m\u00eame des profils de\u00a0personnalit\u00e9 sp\u00e9cifiques dans la survenue d&rsquo;un cancer.<br \/>L&rsquo;ensemble de ces travaux n&rsquo;a pas encore permis de d\u00e9montrer un rapport de causalit\u00e9 entre facteurs psychologiques et cancer.<br \/>Le stress ne peut, en lui-m\u00eame, \u00eatre consid\u00e9r\u00e9 comme cause unique d&rsquo;un cancer. L&rsquo;origine de cette maladie appara\u00eet de plus en plus\u00a0comme multifactorielle (association de facteurs li\u00e9s au mode de vie, \u00e0 l&rsquo;environnement et d&rsquo;ordre g\u00e9n\u00e9tique). Il faut rappeler qu&rsquo;il peut\u00a0s&rsquo;\u00e9couler plusieurs ann\u00e9es entre l&rsquo;origine m\u00eame du cancer (apparition d&rsquo;une premi\u00e8re cellule canc\u00e9reuse) et le diagnostic d&rsquo;une\u00a0tumeur.<\/p>\n<h3>Quelle est l&rsquo;influence du stress sur l&rsquo;apparition et l&rsquo;\u00e9volution du cancer ?<\/h3>\n<p>Le stress, l&rsquo;anxi\u00e9t\u00e9 et\/ou la d\u00e9pression pourraient augmenter le risque de cancer par le fait qu&rsquo;ils s&rsquo;accompagnent de certains\u00a0comportements exposant \u00e0 des agents canc\u00e9rig\u00e8nes et\/ou pr\u00e9judiciables \u00e0 la sant\u00e9 : tabagisme, surconsommation d&rsquo;alcool,\u00a0alimentation d\u00e9s\u00e9quilibr\u00e9e, manque d&rsquo;activit\u00e9 physique&#8230;<br \/>Le stress peut entra\u00eener une baisse des d\u00e9fenses immunitaires.<br \/>Des exp\u00e9rimentations chez l&rsquo;animal ont montr\u00e9 le lien entre stress et croissance tumorale et diss\u00e9mination \u00e0 d&rsquo;autres organes.<br \/>Chez l&rsquo;\u00eatre humain, il est admis que le risque de r\u00e9cidive du cancer s&rsquo;\u00e9value plus s\u00fbrement en prenant en compte les crit\u00e8res\u00a0biologiques (taille de la tumeur, vitesse de doublement cellulaire, nombre de ganglions atteints, etc.) plut\u00f4t qu&rsquo;\u00e0 partir d&rsquo;hypoth\u00e9tiques\u00a0facteurs psychologiques (profils de personnalit\u00e9, anxi\u00e9t\u00e9, d\u00e9pression, \u00e9v\u00e8nements de vie n\u00e9gatifs).<\/p>\n<p>Quelques \u00e9tudes ont partiellement montr\u00e9 que les malades, avec un profil combatif et un bon soutien social, auraient une survie plus<br \/>longue que ceux qui se trouvent dans l&rsquo;impuissance et le d\u00e9sespoir.<br \/>Seules des recherches, prenant en compte l&rsquo;ensemble de tous les param\u00e8tres bio-psycho-sociaux, pourraient permettre d&rsquo;expliquer<br \/>la complexit\u00e9 de ces ph\u00e9nom\u00e8nes.<\/p>\n<h3>Que puis-je faire pour r\u00e9duire mon stress ?<\/h3>\n<p>Chercher une explication \u00e0 sa maladie peut \u00eatre important pour redonner du sens \u00e0 sa vie. C&rsquo;est une d\u00e9marche active. Mais vous ne\u00a0devez pas vous culpabiliser en vous focalisant sur un \u00e9v\u00e8nement de votre vie mal g\u00e9r\u00e9, qui aurait pu \u00eatre \u00e0 l&rsquo;origine de votre cancer.<br \/>Vous pouvez n\u00e9anmoins faire part de vos interrogations et de vos craintes \u00e0 l&rsquo;\u00e9quipe soignante.<br \/>De la relaxation, un soutien psychologique ou un travail psychoth\u00e9rapique peuvent aussi vous \u00eatre propos\u00e9s. Il est \u00e9tabli que de\u00a0telles d\u00e9marches aident \u00e0 mieux faire face aux traitements : elles am\u00e9liorent la qualit\u00e9 de vie et diminuent les complications d&rsquo;ordre\u00a0psychopathologique.<br \/>Les questions concernant les liens \u00e9ventuels entre stress et cancer ont fait l&rsquo;objet de nombreuses \u00e9tudes. Il n&rsquo;est pas d\u00e9montr\u00e9, \u00e0 ce\u00a0jour, une relation directe entre le stress et l&rsquo;apparition d&rsquo;un cancer. L&rsquo;adaptation psychologique \u00e0 la maladie et aux traitements a un\u00a0impact sur la qualit\u00e9 de vie et peut-\u00eatre sur la survie. Seules des \u00e9tudes rigoureuses et extr\u00eamement complexes pourraient r\u00e9pondre\u00a0\u00e0 la question de l&rsquo;impact des facteurs psychologiques sur l&rsquo;apparition et l&rsquo;\u00e9volution des cancers.<\/p>\n<hr \/>\n<p>Article S\u00e9lectionn\u00e9\u00a0pour vous \u00a0par les\u00a0docteurs\u00a0<strong>Erick Chirat,\u00a0Laurence Vitu-Loas et \u00a0Anne Thiellet<\/strong><\/p>\n<p><strong>Informations sur le document<\/strong><\/p>\n<p><img decoding=\"async\" src=\"\/cancerologie\/wp-content\/uploads\/sites\/3\/2024\/09\/docvitae.png\" alt=\"\" width=\"150px\" height=\"50px\" \/><\/p>\n<p>Docvitae\u00ae est une marque d\u00e9pos\u00e9e de Merck &amp; Corp., filiale de Merck &amp; Co., Inc., Whitehouse Station, NJ, USA.<\/p>\n","protected":false},"excerpt":{"rendered":"<p>Il est banal de se poser la question d\u2019une relation entre certains \u00e9v\u00e8nements de vie et la survenue d\u2019une maladie. De\u00a0nombreuses personnes touch\u00e9es par le cancer essaient de contr\u00f4ler leur angoisse en en recherchant la cause. L\u2019id\u00e9e d\u2019une\u00a0psychogen\u00e8se (origine psychique) du cancer est tr\u00e8s r\u00e9pandue. Je suis stress\u00e9 (e), \u00e7a veut dire quoi ? Dans [&hellip;]<\/p>\n","protected":false},"author":1,"featured_media":0,"parent":55,"menu_order":0,"comment_status":"closed","ping_status":"closed","template":"","meta":{"footnotes":""},"class_list":["post-629","page","type-page","status-publish","hentry"],"_links":{"self":[{"href":"https:\/\/crtt.net\/cancerologie\/wp-json\/wp\/v2\/pages\/629","targetHints":{"allow":["GET"]}}],"collection":[{"href":"https:\/\/crtt.net\/cancerologie\/wp-json\/wp\/v2\/pages"}],"about":[{"href":"https:\/\/crtt.net\/cancerologie\/wp-json\/wp\/v2\/types\/page"}],"author":[{"embeddable":true,"href":"https:\/\/crtt.net\/cancerologie\/wp-json\/wp\/v2\/users\/1"}],"replies":[{"embeddable":true,"href":"https:\/\/crtt.net\/cancerologie\/wp-json\/wp\/v2\/comments?post=629"}],"version-history":[{"count":0,"href":"https:\/\/crtt.net\/cancerologie\/wp-json\/wp\/v2\/pages\/629\/revisions"}],"up":[{"embeddable":true,"href":"https:\/\/crtt.net\/cancerologie\/wp-json\/wp\/v2\/pages\/55"}],"wp:attachment":[{"href":"https:\/\/crtt.net\/cancerologie\/wp-json\/wp\/v2\/media?parent=629"}],"curies":[{"name":"wp","href":"https:\/\/api.w.org\/{rel}","templated":true}]}}