{"id":626,"date":"2012-08-29T08:32:01","date_gmt":"2012-08-29T08:32:01","guid":{"rendered":"http:\/\/michelongas.com\/?p=626"},"modified":"2012-08-29T08:32:01","modified_gmt":"2012-08-29T08:32:01","slug":"je-garde-un-bon-equilibre-alimentaire-pendant-ma-chimiotherapie-en-suivant-des-conseils-logiques","status":"publish","type":"page","link":"https:\/\/crtt.net\/cancerologie\/faq\/je-garde-un-bon-equilibre-alimentaire-pendant-ma-chimiotherapie-en-suivant-des-conseils-logiques\/","title":{"rendered":"Je garde un bon \u00e9quilibre alimentaire pendant ma chimioth\u00e9rapie en suivant des conseils logiques"},"content":{"rendered":"<p><strong>Un traitement par chimioth\u00e9rapie peut provoquer une perte d\u2019app\u00e9tit, une modification du go\u00fbt, un amaigrissement ou, au<\/strong><br \/><strong>contraire, un surpoids. Quelques conseils peuvent vous \u00eatre utiles pour maintenir un bon \u00e9quilibre alimentaire.<\/strong><\/p>\n<h3>Je suis trait\u00e9(e) par chimioth\u00e9rapie, dois-je modifier mon alimentation ?<\/h3>\n<p>Non, sauf si vous rencontrez des probl\u00e8mes particuliers de d\u00e9glutition ou de prise alimentaire.<br \/>Si c&rsquo;est le cas, \u00e9vitez certains aliments trop secs (le pain, les g\u00e2teaux secs, les parties s\u00e8ches des viandes blanches), les aliments\u00a0acides (les pamplemousses, les oranges, les tomates, les cornichons, les citrons), les aliments croquants (les c\u00e9r\u00e9ales, les chips, les\u00a0fruits et les l\u00e9gumes crus, le riz nature), les boissons alcoolis\u00e9es (la bi\u00e8re, le vin). Evitez aussi de manger trop chaud, trop froid ou\u00a0trop \u00e9pic\u00e9.<br \/>Vous devez, au contraire, privil\u00e9gier certains aliments faciles \u00e0 avaler : la viande hach\u00e9e ou cuite dans du bouillon, les p\u00e2tes et les\u00a0pur\u00e9es de l\u00e9gumes ou de fruits, les plats peu \u00e9pic\u00e9s, les flans et les cr\u00e8mes dessert, les salades de fruits au sirop, les laitages, les\u00a0jus de fruits non acides, les boissons ti\u00e8des, voire les sodas sans gaz.<br \/>Il est essentiel de garder une alimentation vari\u00e9e et \u00e9quilibr\u00e9e et qui vous donne envie. Les conseils d&rsquo;un(e) nutritionniste ou d&rsquo;une\u00a0di\u00e9t\u00e9ticienne peuvent vous aider.<br \/>Enfin, il est important d&rsquo;adapter vos heures de repas en fonction de vos horaires de perfusion ou de prise de m\u00e9dicaments pour \u00e9viter<br \/>d&rsquo;arriver au repas sans app\u00e9tit.<\/p>\n<h3>J&rsquo;ai la bouche tr\u00e8s s\u00e8che, que puis-je faire ?<\/h3>\n<p>Si votre bouche est tr\u00e8s s\u00e8che, une salive artificielle peut vous \u00eatre prescrite.<br \/>Vous devez \u00e9galement boire beaucoup d&rsquo;eau, par petites quantit\u00e9s, et vous rincer r\u00e9guli\u00e8rement la bouche, \u00e9ventuellement avec une\u00a0solution bicarbonat\u00e9e que votre m\u00e9decin peut vous prescrire.<br \/>Chose importante dans ce contexte, vous devez surveiller attentivement votre hygi\u00e8ne buccale, car le risque d&rsquo;infection est important\u00a0: pensez \u00e0 vous laver les dents au minimum apr\u00e8s chaque repas.<\/p>\n<h3>Je suis trait\u00e9(e) par radioth\u00e9rapie, dois-je modifier mon alimentation ?<\/h3>\n<p>Les conseils sont les m\u00eames que pour une chimioth\u00e9rapie.<\/p>\n<h3>J&rsquo;ai moins d&rsquo;app\u00e9tit qu&rsquo;avant, mon traitement en est-il la cause ?<\/h3>\n<p>C&rsquo;est tr\u00e8s probable. Les traitements de chimioth\u00e9rapie ou de radioth\u00e9rapie peuvent modifier le go\u00fbt, rendre insupportables certaines<br \/>odeurs ou provoquer des probl\u00e8mes de d\u00e9glutition. Ce sont les effets secondaires classiques de ces traitements.<br \/>Ces modifications sont largement reconnues.<br \/>Vous devez donc adapter votre alimentation et privil\u00e9gier, pendant la dur\u00e9e de votre traitement, les repas d\u00e9pourvus d&rsquo;odeurs trop\u00a0fortes, les aliments peu \u00e9pic\u00e9s, peu gras ou peu sucr\u00e9s.\u00a0Si vous avez des naus\u00e9es, un traitement peut vous \u00eatre prescrit.<\/p>\n<h3>J&rsquo;ai perdu du poids, que puis-je faire ?<\/h3>\n<p>Votre alimentation n&rsquo;est peut-\u00eatre pas bien adapt\u00e9e \u00e0 vos besoins. Ce ph\u00e9nom\u00e8ne peut r\u00e9sulter de deux situations : soit vous\u00a0mangez moins qu&rsquo;auparavant, soit votre corps a des besoins plus importants. Dans les deux cas, vous devez manger plus et plus\u00a0riche.<br \/>N&rsquo;h\u00e9sitez pas \u00e0 fractionner vos repas, surtout si vous \u00eates vite \u00e9coeur\u00e9(e).<br \/>Privil\u00e9giez les aliments riches. N&rsquo;h\u00e9sitez pas \u00e0 ajouter dans une soupe, une pur\u00e9e, une sauce une g\u00e9n\u00e9reuse cuiller\u00e9e de cr\u00e8me\u00a0fra\u00eeche ou m\u00eame un yaourt.<br \/>Mettez du beurre et du fromage dans vos p\u00e2tes.<br \/>Si vous avez la bouche s\u00e8che, mangez des cr\u00e8mes glac\u00e9es que vous aurez pr\u00e9alablement laiss\u00e9 fondre un peu.<br \/>Enfin, n&rsquo;oubliez pas de consommer \u00e0 chaque repas des aliments riches en prot\u00e9ines, tels les produits laitiers, les oeufs, la viande, le\u00a0poisson, ou encore les c\u00e9r\u00e9ales&#8230;<br \/>Si l&rsquo;alimentation habituelle ne suffit pas, il peut \u00eatre utile de prendre des compl\u00e9ments alimentaires qu&rsquo;on pourra vous prescrire. Il en\u00a0existe de nombreuses sortes et sous diff\u00e9rentes formes (jus de fruits, boissons lact\u00e9es, cr\u00e8mes dessert, soupes, pur\u00e9es&#8230;). Si votre\u00a0amaigrissement persiste malgr\u00e9 ces conseils, parlez-en.<\/p>\n<h3>J&rsquo;ai pris du poids, dois-je faire un r\u00e9gime ?<\/h3>\n<p>Non, il ne faut surtout pas se lancer dans un r\u00e9gime sans avoir abord\u00e9 ce sujet lors d&rsquo;une consultation.<br \/>La p\u00e9riode du traitement de chimioth\u00e9rapie entra\u00eene fr\u00e9quemment une prise de poids pour des raisons diverses, dont, par exemple,\u00a0la modification de vos habitudes alimentaires et la diminution de votre activit\u00e9 physique. Elle est g\u00e9n\u00e9ralement transitoire.<br \/>Votre corps a des besoins particuliers durant votre r\u00e9mission. Vous ne devez surtout pas le priver de certains aliments essentiels \u00e0\u00a0sa lutte contre la maladie et \u00e0 sa reconstruction.<br \/>Si cette prise de poids vous inqui\u00e8te ou vous g\u00eane, parlez-en \u00e0 votre m\u00e9decin. Il vous aidera \u00e0 mettre en place un r\u00e9gime adapt\u00e9 \u00e0\u00a0votre situation. Un(e) nutritionniste pourrait aussi vous \u00e9pauler.<\/p>\n<h3>Pour diminuer mes naus\u00e9es et mieux me nourrir<\/h3>\n<p>\u00a0 \u00a0 \u00a0\u00a0* Je fractionne mes repas sur la journ\u00e9e.<\/p>\n<p>\u00a0 \u00a0 \u00a0\u00a0* Je consomme de petites quantit\u00e9s \u00e0 chaque fois, je mange lentement.<\/p>\n<p>\u00a0 \u00a0 \u00a0 * Je pr\u00e9f\u00e8re les aliments faciles \u00e0 dig\u00e9rer.<\/p>\n<p>\u00a0 \u00a0 \u00a0 * J&rsquo;\u00e9vite les aliments dont l&rsquo;odeur est trop ent\u00eatante (chou&#8230;).<\/p>\n<p>\u00a0 \u00a0 \u00a0 * J&rsquo;\u00e9vite les aliments trop secs, trop croquants, trop acides.<\/p>\n<p>\u00a0 \u00a0 \u00a0 * J&rsquo;\u00e9vite les aliments gras, pr\u00e9par\u00e9s en friture ou \u00e9pic\u00e9s.<\/p>\n<p>\u00a0 \u00a0 \u00a0 * J&rsquo;\u00e9vite les boissons alcoolis\u00e9es.<\/p>\n<p>\u00a0 \u00a0 \u00a0 * Je varie mon alimentation.<\/p>\n<p>\u00a0 \u00a0 \u00a0 * Je m&rsquo;assieds, je prends le temps de manger et de d\u00e9guster mes repas.<\/p>\n<p>En conclusion, il n&rsquo;y a pas de r\u00e9gime particulier, je mange ce dont j&rsquo;ai envie quand j&rsquo;en ai envie.<br \/>Naus\u00e9es et vomissements, constipation et diarrh\u00e9es doivent vous amener \u00e0 demander conseil \u00e0 votre m\u00e9decin pour envisager avec\u00a0lui un r\u00e9gime alimentaire adapt\u00e9 \u00e0 votre traitement et \u00e0 vos go\u00fbts. N&rsquo;h\u00e9sitez pas \u00e0 rencontrer un(e) nutritionniste ou une di\u00e9t\u00e9ticienne\u00a0pour vous \u00e9pauler pendant cette p\u00e9riode. Ces d\u00e9sagr\u00e9ments sont transitoires et dureront le temps de votre traitement.<\/p>\n<hr \/>\n<p>Article S\u00e9lectionn\u00e9\u00a0pour vous \u00a0par les\u00a0docteurs\u00a0<strong>Erick Chirat,\u00a0Laurence Vitu-Loas et \u00a0Anne Thiellet<\/strong><\/p>\n<p><strong>Informations sur le document<\/strong><\/p>\n<p><img decoding=\"async\" src=\"\/cancerologie\/wp-content\/uploads\/sites\/3\/2024\/09\/docvitae.png\" alt=\"\" width=\"150px\" height=\"50px\" \/><\/p>\n<p>Docvitae\u00ae est une marque d\u00e9pos\u00e9e de Merck &amp; Corp., filiale de Merck &amp; Co., Inc., Whitehouse Station, NJ, USA.<\/p>\n","protected":false},"excerpt":{"rendered":"<p>Un traitement par chimioth\u00e9rapie peut provoquer une perte d\u2019app\u00e9tit, une modification du go\u00fbt, un amaigrissement ou, aucontraire, un surpoids. Quelques conseils peuvent vous \u00eatre utiles pour maintenir un bon \u00e9quilibre alimentaire. Je suis trait\u00e9(e) par chimioth\u00e9rapie, dois-je modifier mon alimentation ? Non, sauf si vous rencontrez des probl\u00e8mes particuliers de d\u00e9glutition ou de prise alimentaire.Si [&hellip;]<\/p>\n","protected":false},"author":1,"featured_media":0,"parent":55,"menu_order":0,"comment_status":"closed","ping_status":"closed","template":"","meta":{"footnotes":""},"class_list":["post-626","page","type-page","status-publish","hentry"],"_links":{"self":[{"href":"https:\/\/crtt.net\/cancerologie\/wp-json\/wp\/v2\/pages\/626","targetHints":{"allow":["GET"]}}],"collection":[{"href":"https:\/\/crtt.net\/cancerologie\/wp-json\/wp\/v2\/pages"}],"about":[{"href":"https:\/\/crtt.net\/cancerologie\/wp-json\/wp\/v2\/types\/page"}],"author":[{"embeddable":true,"href":"https:\/\/crtt.net\/cancerologie\/wp-json\/wp\/v2\/users\/1"}],"replies":[{"embeddable":true,"href":"https:\/\/crtt.net\/cancerologie\/wp-json\/wp\/v2\/comments?post=626"}],"version-history":[{"count":0,"href":"https:\/\/crtt.net\/cancerologie\/wp-json\/wp\/v2\/pages\/626\/revisions"}],"up":[{"embeddable":true,"href":"https:\/\/crtt.net\/cancerologie\/wp-json\/wp\/v2\/pages\/55"}],"wp:attachment":[{"href":"https:\/\/crtt.net\/cancerologie\/wp-json\/wp\/v2\/media?parent=626"}],"curies":[{"name":"wp","href":"https:\/\/api.w.org\/{rel}","templated":true}]}}