{"id":461,"date":"2012-08-27T15:14:35","date_gmt":"2012-08-27T15:14:35","guid":{"rendered":"http:\/\/michelongas.com\/?p=461"},"modified":"2012-08-27T15:14:35","modified_gmt":"2012-08-27T15:14:35","slug":"avoir-une-chimiotherapie","status":"publish","type":"page","link":"https:\/\/crtt.net\/cancerologie\/faq\/avoir-une-chimiotherapie\/","title":{"rendered":"Cancer : je vais avoir une chimioth\u00e9rapie"},"content":{"rendered":"<p style=\"text-align: justify\"><a href=\"https:\/\/crtt.net\/cancerologie\/wp-content\/uploads\/sites\/3\/2012\/08\/chimiotherapie.jpg\"><img decoding=\"async\" class=\"size-full wp-image-462 alignleft\" title=\"chimiotherapie\" src=\"https:\/\/crtt.net\/cancerologie\/wp-content\/uploads\/sites\/3\/2012\/08\/chimiotherapie.jpg\" alt=\"\" width=\"72\" height=\"72\" \/><\/a>Une chimioth\u00e9rapie vous a \u00e9t\u00e9 propos\u00e9e pour traiter votre cancer. Il s\u2019agit d\u2019un traitement qui utilise des m\u00e9dicaments\u00a0capables de d\u00e9truire les cellules canc\u00e9reuses ou de les emp\u00eacher de se multiplier.<\/p>\n<h3 style=\"text-align: justify\">Comment agit la chimioth\u00e9rapie ?<\/h3>\n<p style=\"text-align: justify\">Le but de ce traitement m\u00e9dicamenteux est d\u2019agir sur toutes les cellules canc\u00e9reuses pr\u00e9sentes dans l\u2019organisme, m\u00eame sur celles\u00a0qui ne sont pas encore d\u00e9tectables.\u00a0Elle se distingue ainsi de la chirurgie et de la radioth\u00e9rapie qui sont des traitements locaux du cancer.<br \/>\nLa chimioth\u00e9rapie agit en bloquant la division des cellules tumorales.<br \/>\nD\u2019autres m\u00e9dicaments, ciblant les facteurs de croissance de la cellule tumorale et les m\u00e9canismes de r\u00e9gulation de cette cellule, sont\u00a0d\u00e9velopp\u00e9s et peuvent \u00eatre associ\u00e9s \u00e0 la chimioth\u00e9rapie : il s\u2019agit des th\u00e9rapies dites \u00ab cibl\u00e9es \u00bb ou de l\u2019hormonoth\u00e9rapie.<\/p>\n<h3 style=\"text-align: justify\">Quand la chimioth\u00e9rapie est-elle indiqu\u00e9e ?<\/h3>\n<ul style=\"text-align: justify\">\n<li>Avant un traitement chirurgical : on parle alors de chimioth\u00e9rapie n\u00e9o-adjuvante.Elle a pour but de diminuer la taille de la tumeur et de permettre ainsi l\u2019op\u00e9ration. Celle-ci pourra alors avoir, dans certains\u00a0cas, une vis\u00e9e \u00ab conservatrice \u00bb (tumorectomie ou chirurgie partielle du sein).Elle permet \u00e9galement d\u2019\u00e9valuer la r\u00e9ponse de la tumeur aux m\u00e9dicaments anticanc\u00e9reux et d\u2019ajuster l\u2019indication d\u2019une\u00a0chimioth\u00e9rapie suppl\u00e9mentaire apr\u00e8s l\u2019op\u00e9ration.<\/li>\n<li>Apr\u00e8s un traitement chirurgical : on parle de chimioth\u00e9rapie adjuvante. Elle a pour but de r\u00e9duire le risque de r\u00e9cidive du\u00a0cancer \u00e0 distance (m\u00e9tastases), en agissant sur d\u2019\u00e9ventuelles cellules persistantes et non d\u00e9tectables apr\u00e8s la chirurgie.<\/li>\n<li>Pour traiter les m\u00e9tastases : on parle de chimioth\u00e9rapie m\u00e9tastatique. Elle a pour but de d\u00e9truire les cellules\u00a0canc\u00e9reuses qui se sont propag\u00e9es dans d\u2019autres parties du corps.<\/li>\n<\/ul>\n<p style=\"text-align: justify\">Quelle que soit son indication, la chimioth\u00e9rapie peut \u00eatre utilis\u00e9e seule et\/ou avec les traitements cibl\u00e9s.<\/p>\n<h3 style=\"text-align: justify\">Quels sont les effets ind\u00e9sirables de la chimioth\u00e9rapie ?<\/h3>\n<p style=\"text-align: justify\">Les m\u00e9dicaments de chimioth\u00e9rapie agissent en attaquant les cellules canc\u00e9reuses au moment de leur multiplication.<br \/>\nLes m\u00e9dicaments de chimioth\u00e9rapie agissent aussi sur les cellules saines de l\u2019organisme qui se divisent \u2013 et donc se renouvellent \u2013\u00a0souvent.<br \/>\nC\u2019est le cas des cellules qui forment les cheveux ou les poils, celles qui donnent naissance aux cellules du sang (cellules souches de\u00a0la moelle osseuse), ou encore les cellules du tube digestif, les cellules de la reproduction (spermatozo\u00efdes, ovules)&#8230;<br \/>\nCela explique les effets secondaires de la chimioth\u00e9rapie : chute des cheveux, manque de globules rouges et\/ou de globules blancs\u00a0dans le sang, fatigue, naus\u00e9es et vomissements, diarrh\u00e9e, constipation\u2026<br \/>\nCes effets secondaires existent, mais ils ne sont pas syst\u00e9matiques. Il est prudent de pr\u00e9voir une perruque proth\u00e8se capillaire avant\u00a0le d\u00e9but du traitement.<br \/>\nLes effets secondaires sont de nature, de fr\u00e9quence et de s\u00e9v\u00e9rit\u00e9 variables d\u2019un protocole de chimioth\u00e9rapie \u00e0 un autre.<\/p>\n<h3 style=\"text-align: justify\">Comment se passe la chimioth\u00e9rapie ?<\/h3>\n<p style=\"text-align: justify\">Un protocole de chimioth\u00e9rapie contient g\u00e9n\u00e9ralement un ou plusieurs m\u00e9dicaments anticanc\u00e9reux qui sont le plus souvent\u00a0administr\u00e9s par perfusion intraveineuse. Mais certaines chimioth\u00e9rapies sont maintenant dites \u00ab orales \u00bb, par comprim\u00e9s.<br \/>\nLa chimioth\u00e9rapie n\u00e9cessite une surveillance r\u00e9guli\u00e8re, et se d\u00e9roule en cycles ou en cures, alternant des phases de traitement et\u00a0des phases de repos (pendant 1 \u00e0 4 semaines), pour que l\u2019organisme puisse r\u00e9cup\u00e9rer. Elle doit \u00eatre planifi\u00e9e \u00e0 l\u2019avance selon un\u00a0calendrier qui tiendra compte de vos imp\u00e9ratifs, de vos souhaits, de vos besoins et de vos projets.<br \/>\nVotre plan personnalis\u00e9 de soins (PPS), document \u00e9crit pr\u00e9cisant la nature et le planning de votre traitement, vous sera remis par\u00a0votre m\u00e9decin \u00e0 l\u2019issue d\u2019une consultation d\u2019annonce. Il pourra aussi vous remettre d\u2019autres documents ou vous indiquer d\u2019autres\u00a0sources utiles \u00e0 votre information.<\/p>\n<h3 style=\"text-align: justify\">Comment mon traitement est-il choisi ?<\/h3>\n<p style=\"text-align: justify\">Le choix des diff\u00e9rents protocoles de m\u00e9dicaments anticanc\u00e9reux, leurs doses, de m\u00eame que le nombre de cures et leur dur\u00e9e\u00a0d\u00e9pendent du type de cancer et des connaissances issues des essais th\u00e9rapeutiques.<\/p>\n<p style=\"text-align: justify\">Les protocoles sont valid\u00e9s internationalement.<br \/>\nIl se peut qu\u2019un protocole, avec de nouvelles mol\u00e9cules de chimioth\u00e9rapie, vous soit propos\u00e9 dans le cadre d\u2019un essai th\u00e9rapeutique.<br \/>\nIl s\u2019agit d\u2019une chance pour vous d\u2019avoir acc\u00e8s \u00e0 l\u2019innovation th\u00e9rapeutique. Vous n\u2019\u00eates pas oblig\u00e9e d\u2019accepter et vous aurez un d\u00e9lai\u00a0de r\u00e9flexion.<br \/>\nDans certaines situations, plusieurs protocoles sont possibles. Ils vous seront expliqu\u00e9s, et le choix du traitement sera fait\u00a0conjointement avec vous.<br \/>\nLes m\u00e9dicaments sont adapt\u00e9s \u00e0 votre cas pr\u00e9cis et peuvent \u00eatre modifi\u00e9s au cours de la chimioth\u00e9rapie selon les r\u00e9sultats des\u00a0examens de surveillance et selon la tol\u00e9rance.<\/p>\n<p style=\"text-align: justify\">La dur\u00e9e des chimioth\u00e9rapies est tr\u00e8s variable. En moyenne, un traitement dure 6 mois et des bilans r\u00e9guliers (tous les 2 ou 3 mois)\u00a0sont faits pour juger de son efficacit\u00e9.<br \/>\nEn fonction de l\u2019\u00e9volution de la maladie, plusieurs protocoles de chimioth\u00e9rapie pourront vous \u00eatre propos\u00e9s.<\/p>\n<h3 style=\"text-align: justify\">Existe-t-il des chimioth\u00e9rapies plus ou moins fortes ?<\/h3>\n<p style=\"text-align: justify\">On parle souvent de chimioth\u00e9rapies \u00ab douces \u00bb ou \u00ab fortes \u00bb. Il n\u2019y a pas de chimioth\u00e9rapie plus ou moins forte, cela d\u00e9pend des\u00a0cas. Le choix est fait par l\u2019\u00e9quipe soignante en tenant compte de votre situation.<br \/>\nTous les produits de chimio ne sont pas actifs dans tous les cancers et les effets secondaires qu\u2019ils peuvent induire ne sont pas\u00a0proportionnels \u00e0 l\u2019efficacit\u00e9 attendue.<\/p>\n<p style=\"text-align: justify\">[one-half-first]<img fetchpriority=\"high\" decoding=\"async\" class=\"size-medium wp-image-463 aligncenter\" title=\"chimiotherapie-thorax\" src=\"https:\/\/crtt.net\/cancerologie\/wp-content\/uploads\/sites\/3\/2012\/08\/chimiotherapie-thorax-300x213.jpg\" alt=\"\" width=\"300\" height=\"213\" srcset=\"https:\/\/crtt.net\/cancerologie\/wp-content\/uploads\/sites\/3\/2012\/08\/chimiotherapie-thorax-300x213.jpg 300w, https:\/\/crtt.net\/cancerologie\/wp-content\/uploads\/sites\/3\/2012\/08\/chimiotherapie-thorax.jpg 450w\" sizes=\"(max-width: 300px) 100vw, 300px\" \/><\/p>\n<p style=\"text-align: justify\">Afin de vous administrer la chimioth\u00e9rapie de fa\u00e7on s\u00fbre et confortable, la chambre implantable peut \u00eatre pos\u00e9e au niveau de la partie haute du thorax[\/one-half-first]<br \/>\n[one-half]Afin de vous administrer la chimioth\u00e9rapie de fa\u00e7on s\u00fbre et confortable, la chambre implantable peut \u00eatre pos\u00e9e au niveau de l\u2019avant-bras[\/one-half]<\/p>\n<p style=\"text-align: justify\">Une d\u00e9cision partag\u00e9e<\/p>\n<p style=\"text-align: justify\">Une chimioth\u00e9rapie vous a \u00e9t\u00e9 propos\u00e9e : il s\u2019agit d\u2019un choix concert\u00e9 et r\u00e9fl\u00e9chi de toute l\u2019\u00e9quipe m\u00e9dicale pluridisciplinaire qui vous\u00a0suit.<br \/>\nLa d\u00e9cision finale concernant votre traitement va aussi tenir compte de votre avis et de vos souhaits : c\u2019est une d\u00e9cision partag\u00e9e.<\/p>\n<p style=\"text-align: justify\">N\u2019h\u00e9sitez donc pas \u00e0 poser toutes les questions au sujet de cette chimioth\u00e9rapie \u00e0 votre m\u00e9decin.<\/p>\n<hr \/>\n<p style=\"text-align: justify\">Article S\u00e9lectionn\u00e9\u00a0pour vous \u00a0par les\u00a0docteurs\u00a0<strong>Erick Chirat,\u00a0Laurence Vitu-Loas et \u00a0Anne Thiellet<\/strong><\/p>\n<p style=\"text-align: justify\"><strong>Informations sur le document<\/strong><\/p>\n<p style=\"text-align: justify\"><img decoding=\"async\" src=\"\/cancerologie\/wp-content\/uploads\/sites\/3\/2024\/09\/docvitae.png\" alt=\"\" width=\"150px\" height=\"50px\" \/><\/p>\n<p style=\"text-align: justify\">Docvitae\u00ae est une marque d\u00e9pos\u00e9e de Merck &amp; Corp., filiale de Merck &amp; Co., Inc., Whitehouse Station, NJ, USA.<\/p>\n","protected":false},"excerpt":{"rendered":"<p>Une chimioth\u00e9rapie vous a \u00e9t\u00e9 propos\u00e9e pour traiter votre cancer. Il s\u2019agit d\u2019un traitement qui utilise des m\u00e9dicaments\u00a0capables de d\u00e9truire les cellules canc\u00e9reuses ou de les emp\u00eacher de se multiplier. Comment agit la chimioth\u00e9rapie ? Le but de ce traitement m\u00e9dicamenteux est d\u2019agir sur toutes les cellules canc\u00e9reuses pr\u00e9sentes dans l\u2019organisme, m\u00eame sur celles\u00a0qui ne [&hellip;]<\/p>\n","protected":false},"author":1,"featured_media":462,"parent":55,"menu_order":0,"comment_status":"closed","ping_status":"closed","template":"","meta":{"footnotes":""},"class_list":["post-461","page","type-page","status-publish","has-post-thumbnail","hentry"],"_links":{"self":[{"href":"https:\/\/crtt.net\/cancerologie\/wp-json\/wp\/v2\/pages\/461","targetHints":{"allow":["GET"]}}],"collection":[{"href":"https:\/\/crtt.net\/cancerologie\/wp-json\/wp\/v2\/pages"}],"about":[{"href":"https:\/\/crtt.net\/cancerologie\/wp-json\/wp\/v2\/types\/page"}],"author":[{"embeddable":true,"href":"https:\/\/crtt.net\/cancerologie\/wp-json\/wp\/v2\/users\/1"}],"replies":[{"embeddable":true,"href":"https:\/\/crtt.net\/cancerologie\/wp-json\/wp\/v2\/comments?post=461"}],"version-history":[{"count":0,"href":"https:\/\/crtt.net\/cancerologie\/wp-json\/wp\/v2\/pages\/461\/revisions"}],"up":[{"embeddable":true,"href":"https:\/\/crtt.net\/cancerologie\/wp-json\/wp\/v2\/pages\/55"}],"wp:featuredmedia":[{"embeddable":true,"href":"https:\/\/crtt.net\/cancerologie\/wp-json\/wp\/v2\/media\/462"}],"wp:attachment":[{"href":"https:\/\/crtt.net\/cancerologie\/wp-json\/wp\/v2\/media?parent=461"}],"curies":[{"name":"wp","href":"https:\/\/api.w.org\/{rel}","templated":true}]}}