{"id":458,"date":"2012-08-27T15:01:26","date_gmt":"2012-08-27T15:01:26","guid":{"rendered":"http:\/\/michelongas.com\/?p=458"},"modified":"2012-08-27T15:01:26","modified_gmt":"2012-08-27T15:01:26","slug":"equipe-medicale-a-mes-cotes","status":"publish","type":"page","link":"https:\/\/crtt.net\/cancerologie\/faq\/equipe-medicale-a-mes-cotes\/","title":{"rendered":"Cancer : je connais le r\u00f4le des membres de l&rsquo;\u00e9quipe m\u00e9dicale qui est \u00e0 mes c\u00f4t\u00e9s"},"content":{"rendered":"<p style=\"text-align: justify\">Tout au long du traitement de votre cancer, vous allez rencontrer de nombreux professionnels de sant\u00e9. Chacun intervient\u00a0dans un domaine sp\u00e9cifique, et tous se concertent r\u00e9guli\u00e8rement afin d\u2019adapter au mieux la strat\u00e9gie de votre traitement.\u00a0<\/p>\n<h3 style=\"text-align: justify\">Qui sont les m\u00e9decins sp\u00e9cialistes du cancer et des traitements anticanc\u00e9reux ?<\/h3>\n<p style=\"text-align: justify\">Le canc\u00e9rologue, ou oncologue, a une expertise dans le domaine du cancer. Il \u00e9tablit votre traitement avec les autres sp\u00e9cialistes et\u00a0vous l\u2019explique. Il est \u00e9galement l\u00e0 pour r\u00e9pondre \u00e0 toutes vos questions. Vous le rencontrerez r\u00e9guli\u00e8rement pour faire le point sur\u00a0l\u2019\u00e9volution de votre maladie lors des consultations de surveillance.<\/p>\n<ul style=\"text-align: justify\">\n<li>L\u2019oncologue m\u00e9dical est un sp\u00e9cialiste des traitements m\u00e9dicaux du cancer (chimioth\u00e9rapie, hormonoth\u00e9rapie,\u00a0immunoth\u00e9rapie, th\u00e9rapies cibl\u00e9es). Il vous avertit des effets secondaires possibles de chaque traitement, adapte le\u00a0traitement selon votre tol\u00e9rance.<\/li>\n<li>L\u2019oncologue radioth\u00e9rapeute est sp\u00e9cialiste du traitement des cancers par radioth\u00e9rapie (rayons X), ou curieth\u00e9rapie\u00a0(m\u00e9decine nucl\u00e9aire utilisant des \u00e9l\u00e9ments radioactifs). Il vous accompagnera tout au long de votre radioth\u00e9rapie.\u00a0L\u2019oncologue radioth\u00e9rapeute collabore \u00e9troitement avec le radiophysicien, qui est un sp\u00e9cialiste du fonctionnement et du\u00a0contr\u00f4le des appareils de radiologie, radioth\u00e9rapie et m\u00e9decine nucl\u00e9aire. Lors d\u2019une radioth\u00e9rapie, il choisit en\u00a0concertation avec le radioth\u00e9rapeute la dur\u00e9e et la r\u00e9partition des doses de rayons permettant de bien traiter la tumeur tout\u00a0en prot\u00e9geant les organes adjacents.<\/li>\n<\/ul>\n<h3 style=\"text-align: justify\">Quels autres m\u00e9decins interviennent dans le traitement ?<\/h3>\n<p style=\"text-align: justify\">Le chirurgien intervient lors du diagnostic de cancer (lorsqu\u2019une biopsie chirurgicale est n\u00e9cessaire), et il proc\u00e8de \u00e0 l\u2019ex\u00e9r\u00e8se du\u00a0cancer (ablation de la tumeur et des organes adjacents atteints). Dans le cas du cancer du sein, lorsqu\u2019une mastectomie est\u00a0n\u00e9cessaire, il pourra vous parler des techniques de reconstruction.<br \/>Lors de la 1re consultation de chirurgie, il vous expliquera les complications possibles de l\u2019intervention et les s\u00e9quelles que vous\u00a0pouvez avoir.<\/p>\n<p style=\"text-align: justify\">L\u2019anesth\u00e9siste-r\u00e9animateur est charg\u00e9 de l\u2019anesth\u00e9sie et de la surveillance avant, pendant et apr\u00e8s l\u2019op\u00e9ration (prise en charge de la\u00a0douleur post-op\u00e9ratoire en particulier). Vous le rencontrerez avant l\u2019op\u00e9ration, afin d\u2019\u00e9tablir un bilan pr\u00e9-anesth\u00e9sique.\u00a0<\/p>\n<p style=\"text-align: justify\">L\u2019anatomopathologiste examine au microscope les cellules et les tissus pr\u00e9lev\u00e9s lors de la biopsie et l\u2019ensemble des tissus enlev\u00e9s\u00a0lors de la chirurgie. C\u2019est lui qui confirme le diagnostic de cancer, qui pr\u00e9cise son type histologique, ainsi que des facteurs utiles pour\u00a0\u00e9valuer le pronostic de votre cancer. Ces donn\u00e9es orientent les choix des traitements n\u00e9cessaires dans votre cas.<\/p>\n<p style=\"text-align: justify\">Le radiologue r\u00e9alise et interpr\u00e8te les images radiologiques qui contribuent au diagnostic et au bilan du cancer. Ces images sont\u00a0effectu\u00e9es au cours de diff\u00e9rents examens radiologiques : radiographie, \u00e9chographie, scanner ou IRM (imagerie par r\u00e9sonance\u00a0magn\u00e9tique). Il peut aussi proc\u00e9der \u00e0 des biopsies sous contr\u00f4le d\u2019un examen radiologique.<\/p>\n<p style=\"text-align: justify\">Vous allez rencontrer de nombreux professionnels de sant\u00e9. Chacun intervient dans un domaine sp\u00e9cifique<\/p>\n<h3 style=\"text-align: justify\">Qui sont les autres intervenants?<\/h3>\n<p style=\"text-align: justify\"><span style=\"text-decoration: underline\"><strong>Le psycho-oncologue<\/strong><\/span> est un psychologue ou un psychiatre exer\u00e7ant dans le champ de la canc\u00e9rologie.\u00a0<br \/>Vous pourrez rencontrer un psychologue pour all\u00e9ger vos difficult\u00e9s psychologiques, personnelles, familiales, sociales&#8230; Il est\u00a0important de faire appel \u00e0 lui pour ne jamais rester seul(e) face \u00e0 la d\u00e9tresse ou \u00e0 l\u2019angoisse. Il peut vous aider \u00e0 communiquer et \u00e0\u00a0mieux supporter votre traitement. Il est tenu par le secret professionnel, vous pouvez donc lui r\u00e9v\u00e9ler vos sentiments les plus intimes.\u00a0Il peut \u00e9galement vous proposer une psychoth\u00e9rapie, des entretiens ponctuels ou une participation \u00e0 un groupe de parole.\u00a0<\/p>\n<p style=\"text-align: justify\"><span style=\"text-decoration: underline\"><strong>Le psychiatre<\/strong><\/span>, m\u00e9decin sp\u00e9cialiste, peut vous prescrire des m\u00e9dicaments psychotropes (anxiolytiques, antid\u00e9presseurs&#8230;).<\/p>\n<p><span style=\"text-decoration: underline\"><strong>La secr\u00e9taire<\/strong><\/span>, ou assistante m\u00e9dicale, vous accueille, vous renseigne et vous oriente. Elle organise les rendez-vous de consultations,\u00a0assure le contact avec l\u2019\u00e9quipe soignante et tient \u00e0 jour votre dossier m\u00e9dical.<\/p>\n<p style=\"text-align: justify\"><span style=\"text-decoration: underline\"><strong>L\u2019infirmier(\u00e8re)<\/strong><\/span> s\u2019occupe de vos soins, de l\u2019administration des traitements prescrits par le m\u00e9decin et de leur surveillance, que ce soit\u00a0dans un \u00e9tablissement hospitalier, en lib\u00e9ral ou dans le cadre d\u2019une hospitalisation \u00e0 domicile (HAD). Il (elle) r\u00e9pond \u00e9galement \u00e0 vos\u00a0questions et vous apporte un soutien moral et physique.<\/p>\n<p style=\"text-align: justify\"><span style=\"text-decoration: underline\"><strong>Le manipulateur de radioth\u00e9rapie<\/strong><\/span> est un technicien responsable du maniement des appareils de radioth\u00e9rapie et de la surveillance de\u00a0chaque s\u00e9ance de radioth\u00e9rapie, en collaboration avec le physicien et le radioth\u00e9rapeute. C\u2019est lui qui s\u2019occupera plus sp\u00e9cialement\u00a0de vous en salle de traitement.<\/p>\n<p style=\"text-align: justify\"><span style=\"text-decoration: underline\"><strong>L\u2019aide-soignant(e)<\/strong><\/span> participe aux soins (toilette, repas), en collaboration avec l\u2019infirmier(\u00e8re)&#8230;<\/p>\n<p style=\"text-align: justify\"><span style=\"text-decoration: underline\"><strong>L\u2019assistante sociale<\/strong><\/span> de l\u2019h\u00f4pital peut vous aider \u00e0 r\u00e9soudre des probl\u00e8mes et\/ou des difficult\u00e9s d\u2019ordre \u00e9conomique et social (arr\u00eat de\u00a0travail, indemnit\u00e9s journali\u00e8res, convalescence, aide \u00e0 domicile&#8230;).<\/p>\n<p style=\"text-align: justify\"><span style=\"text-decoration: underline\"><strong>La di\u00e9t\u00e9ticienne<\/strong><\/span> prend en charge les probl\u00e8mes nutritionnels en rapport avec le cancer et ses traitements.<\/p>\n<p style=\"text-align: justify\"><span style=\"text-decoration: underline\"><strong>Le stomath\u00e9rapeute<\/strong> <\/span>est un(e) infirmier(\u00e8re) sp\u00e9cialis\u00e9(e) dans l\u2019\u00e9ducation des personnes ayant une poche de stomie.<\/p>\n<p style=\"text-align: justify\"><span style=\"text-decoration: underline\"><strong>Le masseur-kin\u00e9sith\u00e9rapeute<\/strong><\/span> aide \u00e0 la pr\u00e9vention de certaines difficult\u00e9s ou \u00e0 la r\u00e9\u00e9ducation de certaines zones corporelles, gr\u00e2ce \u00e0\u00a0des mouvements adapt\u00e9s.<\/p>\n<p style=\"text-align: justify\">La consultation infirmi\u00e8re doit permettre de vous orienter, si besoin est, vers d\u2019autres professionnels sp\u00e9cialis\u00e9s : psychologue,\u00a0assistante sociale, di\u00e9t\u00e9ticienne, g\u00e9n\u00e9ticien\u2026 N\u2019h\u00e9sitez pas \u00e0 aborder tous les probl\u00e8mes potentiels.<\/p>\n<p style=\"text-align: justify\">Votre m\u00e9decin r\u00e9f\u00e9rent sera celui que vous nous indiquerez. C\u2019est lui qui doit assurer la continuit\u00e9 des soins apr\u00e8s les phases\u00a0d\u2019hospitalisation, et que nous informerons donc de tout ce qui vous concerne.<\/p>\n<hr \/>\n<p>Article S\u00e9lectionn\u00e9\u00a0pour vous \u00a0par les\u00a0docteurs\u00a0<strong>Erick Chirat,\u00a0Laurence Vitu-Loas et \u00a0Anne Thiellet<\/strong><\/p>\n<p><strong>Informations sur le document<\/strong><\/p>\n<p><img decoding=\"async\" src=\"\/cancerologie\/wp-content\/uploads\/sites\/3\/2024\/09\/docvitae.png\" alt=\"\" width=\"150px\" height=\"50px\" \/><\/p>\n<p>Docvitae\u00ae est une marque d\u00e9pos\u00e9e de Merck &amp; Corp., filiale de Merck &amp; Co., Inc., Whitehouse Station, NJ, USA.<\/p>\n","protected":false},"excerpt":{"rendered":"<p>Tout au long du traitement de votre cancer, vous allez rencontrer de nombreux professionnels de sant\u00e9. Chacun intervient\u00a0dans un domaine sp\u00e9cifique, et tous se concertent r\u00e9guli\u00e8rement afin d\u2019adapter au mieux la strat\u00e9gie de votre traitement.\u00a0 Qui sont les m\u00e9decins sp\u00e9cialistes du cancer et des traitements anticanc\u00e9reux ? Le canc\u00e9rologue, ou oncologue, a une expertise dans [&hellip;]<\/p>\n","protected":false},"author":1,"featured_media":0,"parent":55,"menu_order":0,"comment_status":"closed","ping_status":"closed","template":"","meta":{"footnotes":""},"class_list":["post-458","page","type-page","status-publish","hentry"],"_links":{"self":[{"href":"https:\/\/crtt.net\/cancerologie\/wp-json\/wp\/v2\/pages\/458","targetHints":{"allow":["GET"]}}],"collection":[{"href":"https:\/\/crtt.net\/cancerologie\/wp-json\/wp\/v2\/pages"}],"about":[{"href":"https:\/\/crtt.net\/cancerologie\/wp-json\/wp\/v2\/types\/page"}],"author":[{"embeddable":true,"href":"https:\/\/crtt.net\/cancerologie\/wp-json\/wp\/v2\/users\/1"}],"replies":[{"embeddable":true,"href":"https:\/\/crtt.net\/cancerologie\/wp-json\/wp\/v2\/comments?post=458"}],"version-history":[{"count":0,"href":"https:\/\/crtt.net\/cancerologie\/wp-json\/wp\/v2\/pages\/458\/revisions"}],"up":[{"embeddable":true,"href":"https:\/\/crtt.net\/cancerologie\/wp-json\/wp\/v2\/pages\/55"}],"wp:attachment":[{"href":"https:\/\/crtt.net\/cancerologie\/wp-json\/wp\/v2\/media?parent=458"}],"curies":[{"name":"wp","href":"https:\/\/api.w.org\/{rel}","templated":true}]}}