{"id":430,"date":"2012-08-27T12:48:48","date_gmt":"2012-08-27T12:48:48","guid":{"rendered":"http:\/\/michelongas.com\/?p=430"},"modified":"2012-08-27T12:48:48","modified_gmt":"2012-08-27T12:48:48","slug":"cancer-je-beneficie-au-quotidien-de-soins-de-support","status":"publish","type":"page","link":"https:\/\/crtt.net\/cancerologie\/faq\/cancer-je-beneficie-au-quotidien-de-soins-de-support\/","title":{"rendered":"Cancer : je b\u00e9n\u00e9ficie au quotidien de soins de support"},"content":{"rendered":"<p style=\"text-align: justify\"><a href=\"https:\/\/crtt.net\/cancerologie\/wp-content\/uploads\/sites\/3\/2012\/08\/soins_de_support.jpg\"><img decoding=\"async\" class=\"alignleft size-full wp-image-439\" title=\"soins_de_support\" src=\"https:\/\/crtt.net\/cancerologie\/wp-content\/uploads\/sites\/3\/2012\/08\/soins_de_support.jpg\" alt=\"\" width=\"73\" height=\"73\" \/><\/a>Les soins de support sont propos\u00e9s conjointement aux traitements sp\u00e9cifiques du cancer, afin d\u2019am\u00e9liorer la qualit\u00e9 de vie\u00a0tant physique que psychologique et sociale au cours de la maladie.<\/p>\n<h3 style=\"text-align: justify\">Que peuvent m\u2019apporter les soins de support ?<\/h3>\n<p style=\"text-align: justify\">Dans le cadre de votre cancer du sein, vous recevez des traitements sp\u00e9cifiques : chirurgie, chimioth\u00e9rapie ou autres traitements\u00a0m\u00e9dicamenteux, ou encore radioth\u00e9rapie. Ces traitements peuvent s\u2019av\u00e9rer fatigants et s\u2019accompagner d\u2019effets secondaires plus ou moins p\u00e9nibles. Les r\u00e9percussions sur le plan de l\u2019image corporelle (mastectomie, perte de cheveux, fatigue\u2026) sont souvent difficiles \u00e0 vivre. Votre maladie peut g\u00e9n\u00e9rer des moments de doute, d\u2019angoisse, voire une r\u00e9action d\u00e9pressive. Elle peut s\u2019av\u00e9rer un facteur d\u2019isolement et affecter vos relations avec vos proches sur le plan familial, professionnel ou social.<\/p>\n<ul style=\"text-align: justify\">\n<li>Tous ces aspects ne doivent en aucun cas \u00eatre une fatalit\u00e9.<\/li>\n<\/ul>\n<p style=\"text-align: justify\">Des soins de support existent pour vous aider \u00e0 \u00ab faire face \u00bb au quotidien, dans le contexte de votre maladie. Leur mise en oeuvre est coordonn\u00e9e et assur\u00e9e par les \u00e9quipes m\u00e9dicales impliqu\u00e9es dans votre traitement, afin d\u2019am\u00e9liorer votre qualit\u00e9 de vie sur le plan physique, psychologique et social, en tenant compte de vos besoins sp\u00e9cifiques et de ceux de votre entourage. Ces soins peuvent \u00eatre dispens\u00e9s sur votre lieu de prise en charge (centre de lutte contre le cancer, centre hospitalier, clinique), ou bien dans des consultations sp\u00e9cialis\u00e9es (centre anti-douleur, CMP, dispensaire), ou bien encore \u00e0 domicile.<\/p>\n<h3 style=\"text-align: justify\">Les soins de support prennent-ils en charge la douleur ?<\/h3>\n<p style=\"text-align: justify\">Oui,la prise en charge de la douleur est un des points essentiels des soins de support. La douleur est inutile et ne doit \u00eatre ni minimis\u00e9e ni banalis\u00e9e. Vous devez la signaler \u00e0 votre m\u00e9decin : il recherchera son origine et prendra les mesures adapt\u00e9es \u00e0 son intensit\u00e9, afin de vous soulager dans les meilleures conditions. Une \u00e9valuation r\u00e9guli\u00e8re permettra d\u2019ajuster votre traitement anti-douleur \u00e0 vos besoins. Dans des situations rebelles et complexes, vous pourrez \u00eatre adress\u00e9e \u00e0 des professionnels form\u00e9s dans le domaine des traitements de la douleur.<\/p>\n<h3 style=\"text-align: justify\">Je suis anxieuse et\/ou d\u00e9prim\u00e9e, les soins de support peuvent-ils m\u2019aider ?<\/h3>\n<p style=\"text-align: justify\">M\u00eame si vos craintes et votre anxi\u00e9t\u00e9 sont l\u00e9gitimes, la souffrance psychique ne doit pas s\u2019installer dans la dur\u00e9e. Elle se doit d\u2019\u00eatre rep\u00e9r\u00e9e et entendue pour se trouver accompagn\u00e9e, soulag\u00e9e, voire trait\u00e9e m\u00e9dicalement. Des psycho-oncologues, des psychologues ou des psychiatres sp\u00e9cialis\u00e9s en canc\u00e9rologie et participant aux soins de support peuvent vous aider. La parole fait int\u00e9gralement partie du traitement. Au psycho-oncologue vous pourrez confier vos craintes ; ou \u00e9voquer avec lui des \u00a0difficult\u00e9s concernant votre image corporelle, vos relations familiales et sociales, votre sexualit\u00e9. Le soutien psychologique peut vous aider \u00e0 surmonter les cons\u00e9quences n\u00e9gatives de la maladie dans votre quotidien ; l\u2019action psychoth\u00e9rapique vise \u00e0 lier l\u2019angoisse, \u00e0 redonner place au d\u00e9sir et sens \u00e0 l\u2019existence, entrav\u00e9s par la maladie. Cela pourra faciliter la communication avec vos proches et avec les m\u00e9decins. Des groupes de parole, anim\u00e9s par des psycho-oncologues, donnent l\u2019occasion d\u2019\u00e9changer exp\u00e9riences et\u00a0psychoth\u00e9rapeute\u00a0avec d\u2019autres malades. Ils permettent de rompre l\u2019isolement dans un cadre garanti par des professionnels.<\/p>\n<h3 style=\"text-align: justify\">J\u2019ai des difficult\u00e9s mat\u00e9rielles, financi\u00e8res et sociales<\/h3>\n<p style=\"text-align: justify\">La maladie peut entra\u00eener des complications bien r\u00e9elles dans la vie quotidienne et qui se surajoutent p\u00e9niblement. Avec votre accord, l\u2019\u00e9quipe m\u00e9dicale pourra solliciter le service social de l\u2019h\u00f4pital pour que celui-ci vous accompagne dans des d\u00e9marches parfois compliqu\u00e9es, n\u00e9cessitant des comp\u00e9tences techniques (droits, statut social, aides\u2026). L\u2019assistant(e) social(e) de l\u2019h\u00f4pital pourra se mettre en contact avec les administrations et les travailleurs sociaux de votre secteur.<\/p>\n<h3 style=\"text-align: justify\">J\u2019ai des probl\u00e8mes d\u2019alimentation<\/h3>\n<p style=\"text-align: justify\">La maladie peut perturber votre app\u00e9tit, avec perte de poids ; ou bien, \u00e0 l\u2019inverse, certains traitements peuvent s\u2019accompagner de prise de poids. Soyez-y attentive, parlez-en \u00e0 votre canc\u00e9rologue, qui pourra vous adresser \u00e0 un sp\u00e9cialiste de la nutrition, m\u00e9decin ou di\u00e9t\u00e9ticienne.<\/p>\n<h3 style=\"text-align: justify\">Mon bras a enfl\u00e9, je suis g\u00ean\u00e9e<\/h3>\n<p style=\"text-align: justify\">Signalez-le rapidement \u00e0 votre m\u00e9decin, pour qu\u2019il en diagnostique la raison. Dans certaines situations, il pourra vous prescrire des s\u00e9ances de kin\u00e9sith\u00e9rapie ou de drainage lymphatique.<\/p>\n<h3 style=\"text-align: justify\">Je me sens mal dans ma peau, puis-je en parler dans ce cadre ?<\/h3>\n<p style=\"text-align: justify\">Vous ne devez pas renoncer \u00e0 plaire et \u00e0 vous plaire. Les soins de support comportent un volet \u00ab esth\u00e9tique \u00bb. Des socio-esth\u00e9ticiennes vous aideront \u00e0 reprendre confiance en vous et \u00e0 vous mettre en valeur. Ces soins constituent une \u00ab pause douceur \u00bb indispensable \u00e0 votre bien-\u00eatre.<\/p>\n<p style=\"text-align: justify\"><strong>Comment sont organis\u00e9s ces soins de support ?<\/strong><\/p>\n<p style=\"text-align: justify\">La mise en place des soins de support peut \u00eatre organis\u00e9e \u00e0 la demande de la patiente elle-m\u00eame ou sur indication de l\u2019\u00e9quipe m\u00e9dicale qui a rep\u00e9r\u00e9 des difficult\u00e9s pr\u00e9judiciables \u00e0 l\u2019adaptation et \u00e0 la qualit\u00e9 de vie de la malade. L\u2019\u00e9quipe pluridisciplinaire (m\u00e9decins, infirmi\u00e8re, psychologue, assistante sociale, etc.) identifie les probl\u00e8mes, puis propose et soutient les soins de support qui pourraient \u00eatre b\u00e9n\u00e9fiques. L\u2019ensemble des soins de support est coordonn\u00e9, avec information r\u00e9guli\u00e8re de l\u2019oncologue r\u00e9f\u00e9rent du malade.<\/p>\n<h3 style=\"text-align: justify\">Quand pourrai-je en b\u00e9n\u00e9ficier ?<\/h3>\n<p style=\"text-align: justify\">Les soins de support peuvent \u00eatre mis en oeuvre \u00e0 toutes les \u00e9tapes de la maladie : au moment de l\u2019annonce du diagnostic, pendant la p\u00e9riode des traitements sp\u00e9cifiques du cancer et m\u00eame apr\u00e8s l\u2019arr\u00eat de ceux-l\u00e0. Ces soins ou ces soutiens pourront vous accompagner en fonction de vos besoins, aussi longtemps que n\u00e9cessaire.<\/p>\n<hr \/>\n<p>Article S\u00e9lectionn\u00e9\u00a0pour vous \u00a0par les\u00a0docteurs\u00a0<strong>Erick Chirat,\u00a0Laurence Vitu-Loas et \u00a0Anne Thiellet<\/strong><\/p>\n<p><strong>Informations sur le document<\/strong><\/p>\n<p><img decoding=\"async\" src=\"\/cancerologie\/wp-content\/uploads\/sites\/3\/2024\/09\/docvitae.png\" alt=\"\" width=\"150px\" height=\"50px\" \/><\/p>\n<p>Docvitae\u00ae est une marque d\u00e9pos\u00e9e de Merck &amp; Corp., filiale de Merck &amp; Co., Inc., Whitehouse Station, NJ, USA.<\/p>\n","protected":false},"excerpt":{"rendered":"<p>Les soins de support sont propos\u00e9s conjointement aux traitements sp\u00e9cifiques du cancer, afin d\u2019am\u00e9liorer la qualit\u00e9 de vie\u00a0tant physique que psychologique et sociale au cours de la maladie. Que peuvent m\u2019apporter les soins de support ? Dans le cadre de votre cancer du sein, vous recevez des traitements sp\u00e9cifiques : chirurgie, chimioth\u00e9rapie ou autres traitements\u00a0m\u00e9dicamenteux, [&hellip;]<\/p>\n","protected":false},"author":1,"featured_media":439,"parent":55,"menu_order":0,"comment_status":"closed","ping_status":"closed","template":"","meta":{"footnotes":""},"class_list":["post-430","page","type-page","status-publish","has-post-thumbnail","hentry"],"_links":{"self":[{"href":"https:\/\/crtt.net\/cancerologie\/wp-json\/wp\/v2\/pages\/430","targetHints":{"allow":["GET"]}}],"collection":[{"href":"https:\/\/crtt.net\/cancerologie\/wp-json\/wp\/v2\/pages"}],"about":[{"href":"https:\/\/crtt.net\/cancerologie\/wp-json\/wp\/v2\/types\/page"}],"author":[{"embeddable":true,"href":"https:\/\/crtt.net\/cancerologie\/wp-json\/wp\/v2\/users\/1"}],"replies":[{"embeddable":true,"href":"https:\/\/crtt.net\/cancerologie\/wp-json\/wp\/v2\/comments?post=430"}],"version-history":[{"count":0,"href":"https:\/\/crtt.net\/cancerologie\/wp-json\/wp\/v2\/pages\/430\/revisions"}],"up":[{"embeddable":true,"href":"https:\/\/crtt.net\/cancerologie\/wp-json\/wp\/v2\/pages\/55"}],"wp:featuredmedia":[{"embeddable":true,"href":"https:\/\/crtt.net\/cancerologie\/wp-json\/wp\/v2\/media\/439"}],"wp:attachment":[{"href":"https:\/\/crtt.net\/cancerologie\/wp-json\/wp\/v2\/media?parent=430"}],"curies":[{"name":"wp","href":"https:\/\/api.w.org\/{rel}","templated":true}]}}