{"id":411,"date":"2012-08-27T12:25:49","date_gmt":"2012-08-27T12:25:49","guid":{"rendered":"http:\/\/michelongas.com\/?p=411"},"modified":"2012-08-27T12:25:49","modified_gmt":"2012-08-27T12:25:49","slug":"cancer-et-bilans-sanguins-ce-que-je-dois-savoir","status":"publish","type":"page","link":"https:\/\/crtt.net\/cancerologie\/faq\/cancer-et-bilans-sanguins-ce-que-je-dois-savoir\/","title":{"rendered":"Cancer et bilans sanguins ce que je dois savoir"},"content":{"rendered":"<p style=\"text-align: justify\"><a href=\"https:\/\/crtt.net\/cancerologie\/wp-content\/uploads\/sites\/3\/2012\/08\/cancer_et_bilans_sanguins.jpg\"><img decoding=\"async\" class=\"size-full wp-image-419\" title=\"cancer_et_bilans_sanguins\" src=\"https:\/\/crtt.net\/cancerologie\/wp-content\/uploads\/sites\/3\/2012\/08\/cancer_et_bilans_sanguins.jpg\" alt=\"\" width=\"73\" height=\"73\" \/><\/a>Lors du suivi du traitement d\u2019un cancer, de nombreuses prises de sang sont effectu\u00e9es afin d\u2019\u00e9valuer l\u2019\u00e9volution de votre\u00a0maladie ou l\u2019impact de certains traitements.\u00a0<\/p>\n<h3 style=\"text-align: justify\">Je suis trait\u00e9(e) pour un cancer, et je dois faire des prises de sang r\u00e9guli\u00e8rement. Pourquoi ?<\/h3>\n<p style=\"text-align: justify\">Vous devez effectuer des prises de sang r\u00e9guli\u00e8rement durant la prise en charge de votre tumeur pour d\u00e9tecter l\u2019apparition\u00a0\u00e9ventuelle de complications li\u00e9es \u00e0 votre maladie ou aux traitements.<\/p>\n<h3 style=\"text-align: justify\">A quoi correspond le dosage de marqueurs tumoraux ?<\/h3>\n<p style=\"text-align: justify\">Ce terme d\u00e9signe des substances produites par les cellules canc\u00e9reuses. Les marqueurs produits par les cellules tumorales sont\u00a0lib\u00e9r\u00e9s dans le s\u00e9rum o\u00f9 ils peuvent \u00eatre dos\u00e9s sur un \u00e9chantillon de sang. Bien que leur taux soit grossi\u00e8rement proportionnel au\u00a0volume tumoral, la majorit\u00e9 de ces s\u00e9cr\u00e9tions ne sont pas sp\u00e9cifiques du cancer, mais pr\u00e9sentes en petite quantit\u00e9 \u00e0 l\u2019\u00e9tat normal.<\/p>\n<p style=\"text-align: justify\">Elles peuvent \u00eatre mod\u00e9r\u00e9ment augment\u00e9es par des maladies b\u00e9nignes ou le tabagisme. Leur dosage n\u2019a pas de valeur pour le\u00a0diagnostic : une augmentation ne signifie pas forc\u00e9ment la pr\u00e9sence d\u2019une tumeur maligne, une augmentation plus importante\u00a0correspond \u00e0 un cancer d\u00e9j\u00e0 volumineux et identifi\u00e9 sans peine par d\u2019autres moyens ; en outre, beaucoup de tumeurs se\u00a0d\u00e9veloppent sans donner de s\u00e9cr\u00e9tions. Le dosage d\u2019un marqueur a plus d\u2019int\u00e9r\u00eat pour surveiller l\u2019\u00e9volution de votre maladie, en\u00a0particulier durant le traitement.<\/p>\n<p style=\"text-align: justify\"><strong>Pour ma prise de sang, il est demand\u00e9 une num\u00e9ration formule sanguine. A quoi cela sert-il ?<\/strong><\/p>\n<p style=\"text-align: justify\">Une num\u00e9ration formule sanguine permet d\u2019\u00e9valuer les taux de globules rouges, de globules blancs et de plaquettes pr\u00e9sents dans\u00a0votre sang.<\/p>\n<p style=\"text-align: justify\">Une baisse notable de globules rouges \u2013 \u00e9l\u00e9ments du sang charg\u00e9s d\u2019oxyg\u00e9ner les tissus \u2013 indique une an\u00e9mie.<\/p>\n<p style=\"text-align: justify\">Les globules blancs prot\u00e8gent votre organisme contre les infections. Lorsque leur nombre baisse, le risque d\u2019infection augmente. A\u00a0l\u2019inverse, leur augmentation peut indiquer la pr\u00e9sence d\u2019une infection.<\/p>\n<p style=\"text-align: justify\">Les plaquettes limitent le risque h\u00e9morragique. Lorsqu\u2019elles baissent, le risque est accru.<\/p>\n<h3 style=\"text-align: justify\">Pourquoi faut-il que je fasse un bilan de coagulation ?<\/h3>\n<p style=\"text-align: justify\">G\u00e9n\u00e9ralement, cet examen est demand\u00e9 avant une intervention chirurgicale ou pour surveiller les effets de certains traitements,\u00a0notamment les traitements anticoagulants.<\/p>\n<p style=\"text-align: justify\">Ce bilan permet d\u2019\u00e9valuer le fonctionnement des processus, qui permet \u00e0 votre organisme de s\u2019opposer au risque d\u2019h\u00e9morragie.<\/p>\n<p style=\"text-align: justify\">Je dois faire un ionogramme, \u00e0 quoi correspond cet examen ?<\/p>\n<p style=\"text-align: justify\">Il s\u2019agit de doser les diff\u00e9rents \u00e9l\u00e9ments \u2013 appel\u00e9s ions \u2013 de votre organisme : potassium, chlore, sodium\u2026 L\u2019examen permet\u00a0d\u2019\u00e9valuer le bon fonctionnement de vos organes.<\/p>\n<h3 style=\"text-align: justify\">Je dois faire un dosage de la cr\u00e9atinine. Pourquoi ?<\/h3>\n<p style=\"text-align: justify\">Certains m\u00e9dicaments utilis\u00e9s dans le traitement du cancer peuvent affecter le fonctionnement des reins. Un dosage \u00e9lev\u00e9 en\u00a0cr\u00e9atinine indique un fonctionnement insuffisant de vos reins.<\/p>\n<h3 style=\"text-align: justify\">Mon m\u00e9decin me demande un bilan h\u00e9patique. Pourquoi ?<\/h3>\n<p style=\"text-align: justify\">Certains traitements du cancer ou des localisations tumorales au foie (m\u00e9tastases h\u00e9patiques, cancer du foie, compression des voies\u00a0biliaires) peuvent alt\u00e9rer son fonctionnement. Un bilan h\u00e9patique, qui comprend un dosage des transaminases, des gamma-GT et de\u00a0la bilirubine, permet de r\u00e9v\u00e9ler un \u00e9ventuel dysfonctionnement.<\/p>\n<p style=\"text-align: justify\">Conservez pr\u00e9cieusement tous les r\u00e9sultats de vos examens et apportez-les lors des consultations.<\/p>\n<hr \/>\n<p style=\"text-align: justify\">Article S\u00e9lectionn\u00e9\u00a0pour vous \u00a0par les\u00a0docteurs\u00a0<strong>Erick Chirat,\u00a0Laurence Vitu-Loas et \u00a0Anne Thiellet<\/strong><\/p>\n<p style=\"text-align: justify\"><strong>Informations sur le document<\/strong><\/p>\n<p style=\"text-align: justify\"><img decoding=\"async\" src=\"\/cancerologie\/wp-content\/uploads\/sites\/3\/2024\/09\/docvitae.png\" alt=\"\" width=\"150px\" height=\"50px\" \/><\/p>\n<p style=\"text-align: justify\">Docvitae\u00ae est une marque d\u00e9pos\u00e9e de Merck &amp; Corp., filiale de Merck &amp; Co., Inc., Whitehouse Station, NJ, USA.<\/p>\n","protected":false},"excerpt":{"rendered":"<p>Lors du suivi du traitement d\u2019un cancer, de nombreuses prises de sang sont effectu\u00e9es afin d\u2019\u00e9valuer l\u2019\u00e9volution de votre\u00a0maladie ou l\u2019impact de certains traitements.\u00a0 Je suis trait\u00e9(e) pour un cancer, et je dois faire des prises de sang r\u00e9guli\u00e8rement. Pourquoi ? Vous devez effectuer des prises de sang r\u00e9guli\u00e8rement durant la prise en charge de [&hellip;]<\/p>\n","protected":false},"author":1,"featured_media":419,"parent":55,"menu_order":0,"comment_status":"closed","ping_status":"closed","template":"","meta":{"footnotes":""},"class_list":["post-411","page","type-page","status-publish","has-post-thumbnail","hentry"],"_links":{"self":[{"href":"https:\/\/crtt.net\/cancerologie\/wp-json\/wp\/v2\/pages\/411","targetHints":{"allow":["GET"]}}],"collection":[{"href":"https:\/\/crtt.net\/cancerologie\/wp-json\/wp\/v2\/pages"}],"about":[{"href":"https:\/\/crtt.net\/cancerologie\/wp-json\/wp\/v2\/types\/page"}],"author":[{"embeddable":true,"href":"https:\/\/crtt.net\/cancerologie\/wp-json\/wp\/v2\/users\/1"}],"replies":[{"embeddable":true,"href":"https:\/\/crtt.net\/cancerologie\/wp-json\/wp\/v2\/comments?post=411"}],"version-history":[{"count":0,"href":"https:\/\/crtt.net\/cancerologie\/wp-json\/wp\/v2\/pages\/411\/revisions"}],"up":[{"embeddable":true,"href":"https:\/\/crtt.net\/cancerologie\/wp-json\/wp\/v2\/pages\/55"}],"wp:featuredmedia":[{"embeddable":true,"href":"https:\/\/crtt.net\/cancerologie\/wp-json\/wp\/v2\/media\/419"}],"wp:attachment":[{"href":"https:\/\/crtt.net\/cancerologie\/wp-json\/wp\/v2\/media?parent=411"}],"curies":[{"name":"wp","href":"https:\/\/api.w.org\/{rel}","templated":true}]}}