{"id":28,"date":"2016-12-20T14:29:12","date_gmt":"2016-12-20T13:29:12","guid":{"rendered":"http:\/\/mg.crtt.net\/cancerologie\/?page_id=28"},"modified":"2024-09-16T08:26:22","modified_gmt":"2024-09-16T06:26:22","slug":"les-differents-types","status":"publish","type":"page","link":"https:\/\/crtt.net\/cancerologie\/radiotherapie\/les-differents-types\/","title":{"rendered":"Les diff\u00e9rents type de\u00a0radioth\u00e9rapie"},"content":{"rendered":"\t\t<div data-elementor-type=\"wp-page\" data-elementor-id=\"28\" class=\"elementor elementor-28\" data-elementor-post-type=\"page\">\n\t\t\t\t<div class=\"elementor-element elementor-element-df2c989 e-con-full e-flex e-con e-parent\" data-id=\"df2c989\" data-element_type=\"container\">\n\t\t\t\t<div class=\"elementor-element elementor-element-1cac204 elementor-widget elementor-widget-text-editor\" data-id=\"1cac204\" data-element_type=\"widget\" data-widget_type=\"text-editor.default\">\n\t\t\t\t<div class=\"elementor-widget-container\">\n\t\t\t\t\t\t\t\t\t<p>La radioth\u00e9rapie consiste en l\u2019utilisation de rayons que l\u2019on va diriger vers la tumeur pour les d\u00e9truire<\/p><p>Pour comprendre la radioth\u00e9rapie, Il est tr\u00e8s important de garder \u00e0 l\u2019esprit que la radioth\u00e9rapie est un traitement local. Les rayons sont d\u00e9livr\u00e9s uniquement sur une zone pr\u00e9cise et n\u2019ont donc d\u2019action th\u00e9rapeutique ou d\u2019effets secondaires QUE DANS LA ZONE IRRADI\u00c9E.<\/p><p>Vues de l\u2019ext\u00e9rieur, les s\u00e9ances de radioth\u00e9rapie se d\u00e9roulent toutes de la m\u00eame fa\u00e7on, mais elles peuvent correspondre \u00e0 3 types de radioth\u00e9rapie diff\u00e9rents<\/p>\t\t\t\t\t\t\t\t<\/div>\n\t\t\t\t<\/div>\n\t\t\t\t<\/div>\n\t\t<div class=\"elementor-element elementor-element-576f314 e-con-full e-flex e-con e-parent\" data-id=\"576f314\" data-element_type=\"container\" data-settings=\"{&quot;background_background&quot;:&quot;classic&quot;}\">\n\t\t<div class=\"elementor-element elementor-element-3b188ce e-con-full e-flex e-con e-child\" data-id=\"3b188ce\" data-element_type=\"container\" data-settings=\"{&quot;background_background&quot;:&quot;classic&quot;}\">\n\t\t\t\t<div class=\"elementor-element elementor-element-c5310f4 elementor-widget elementor-widget-heading\" data-id=\"c5310f4\" data-element_type=\"widget\" data-widget_type=\"heading.default\">\n\t\t\t\t<div class=\"elementor-widget-container\">\n\t\t\t\t\t<h2 class=\"elementor-heading-title elementor-size-default\">La radioth\u00e9rapie conformationnelle <\/h2>\t\t\t\t<\/div>\n\t\t\t\t<\/div>\n\t\t\t\t<div class=\"elementor-element elementor-element-4e7c5dd elementor-widget elementor-widget-text-editor\" data-id=\"4e7c5dd\" data-element_type=\"widget\" data-widget_type=\"text-editor.default\">\n\t\t\t\t<div class=\"elementor-widget-container\">\n\t\t\t\t\t\t\t\t\t<p>Il s\u2019agit de la radioth\u00e9rapie \u00ab\u00a0classique\u00a0\u00bb.<\/p><p>Un exemple d\u2019une irradiation de l\u2019\u0153sophage par 5 faisceaux de rayons dirig\u00e9s sur l\u2019\u0153sophage.<\/p><p>Tout ce qui est situ\u00e9 en dehors de la zone d\u2019irradiation ( c\u00e0d en dehors de la zone des faisceaux jaunes) n\u2019est pas irradi\u00e9. Les effets secondaires ne peuvent pas appara\u00eetre en dehors de cette zone. A titre d\u2019exemple, cette irradiation de l\u2019\u0153sophage\u00a0 ne peut en aucun donner un effet secondaire sur la vessie puisque lors d\u2019une irradiation de l\u2019\u0153sophage, la vessie n\u2019est pas dans la zone irradi\u00e9e<\/p><p>\u00a0<\/p>\t\t\t\t\t\t\t\t<\/div>\n\t\t\t\t<\/div>\n\t\t\t\t<\/div>\n\t\t<div class=\"elementor-element elementor-element-4037f45 e-con-full e-flex e-con e-child\" data-id=\"4037f45\" data-element_type=\"container\">\n\t\t\t\t<div class=\"elementor-element elementor-element-c64ff3b elementor-widget elementor-widget-image\" data-id=\"c64ff3b\" data-element_type=\"widget\" data-widget_type=\"image.default\">\n\t\t\t\t<div class=\"elementor-widget-container\">\n\t\t\t\t\t\t\t\t\t\t\t\t\t\t\t<img fetchpriority=\"high\" decoding=\"async\" width=\"608\" height=\"390\" src=\"https:\/\/crtt.net\/cancerologie\/wp-content\/uploads\/sites\/3\/2024\/09\/CRTT-irradiation-de-loesophage.png\" class=\"attachment-large size-large wp-image-3224\" alt=\"\" srcset=\"https:\/\/crtt.net\/cancerologie\/wp-content\/uploads\/sites\/3\/2024\/09\/CRTT-irradiation-de-loesophage.png 608w, https:\/\/crtt.net\/cancerologie\/wp-content\/uploads\/sites\/3\/2024\/09\/CRTT-irradiation-de-loesophage-300x192.png 300w\" sizes=\"(max-width: 608px) 100vw, 608px\" \/>\t\t\t\t\t\t\t\t\t\t\t\t\t\t\t<\/div>\n\t\t\t\t<\/div>\n\t\t\t\t<\/div>\n\t\t<div class=\"elementor-element elementor-element-9e2cf3c e-con-full e-flex e-con e-child\" data-id=\"9e2cf3c\" data-element_type=\"container\">\n\t\t\t\t<div class=\"elementor-element elementor-element-616774a elementor-widget elementor-widget-video\" data-id=\"616774a\" data-element_type=\"widget\" data-settings=\"{&quot;youtube_url&quot;:&quot;https:\\\/\\\/www.youtube.com\\\/watch?v=c5sUmEVj5es&quot;,&quot;video_type&quot;:&quot;youtube&quot;,&quot;controls&quot;:&quot;yes&quot;}\" data-widget_type=\"video.default\">\n\t\t\t\t<div class=\"elementor-widget-container\">\n\t\t\t\t\t\t\t<div class=\"elementor-wrapper elementor-open-inline\">\n\t\t\t<div class=\"elementor-video\"><\/div>\t\t<\/div>\n\t\t\t\t\t\t<\/div>\n\t\t\t\t<\/div>\n\t\t\t\t<\/div>\n\t\t<div class=\"elementor-element elementor-element-367b11d e-con-full e-flex e-con e-child\" data-id=\"367b11d\" data-element_type=\"container\" data-settings=\"{&quot;background_background&quot;:&quot;classic&quot;}\">\n\t\t\t\t<div class=\"elementor-element elementor-element-3aef2f4 elementor-widget elementor-widget-heading\" data-id=\"3aef2f4\" data-element_type=\"widget\" data-widget_type=\"heading.default\">\n\t\t\t\t<div class=\"elementor-widget-container\">\n\t\t\t\t\t<h2 class=\"elementor-heading-title elementor-size-default\">La radioth\u00e9rapie conformationnelle rotationnelle en modulation d\u2019intensit\u00e9<\/h2>\t\t\t\t<\/div>\n\t\t\t\t<\/div>\n\t\t\t\t<div class=\"elementor-element elementor-element-cf16e57 elementor-widget elementor-widget-text-editor\" data-id=\"cf16e57\" data-element_type=\"widget\" data-widget_type=\"text-editor.default\">\n\t\t\t\t<div class=\"elementor-widget-container\">\n\t\t\t\t\t\t\t\t\t<p>Cette technique est utilis\u00e9e au CRTT depuis 2012, ce qui en fait le 1<sup>er<\/sup>\u00a0centre de radioth\u00e9rapie priv\u00e9 d\u2019Ile de France \u00e0 l\u2019avoir utilis\u00e9e. Fort de ce recul, nous pouvons maintenant nous pr\u00e9valoir d\u2019une bonne ma\u00eetrise de cette technique que nous utilisons en routine.<\/p>\t\t\t\t\t\t\t\t<\/div>\n\t\t\t\t<\/div>\n\t\t\t\t<\/div>\n\t\t<div class=\"elementor-element elementor-element-2a353db e-con-full e-flex e-con e-child\" data-id=\"2a353db\" data-element_type=\"container\" data-settings=\"{&quot;background_background&quot;:&quot;classic&quot;}\">\n\t\t\t\t<div class=\"elementor-element elementor-element-afcaad7 elementor-widget elementor-widget-heading\" data-id=\"afcaad7\" data-element_type=\"widget\" data-widget_type=\"heading.default\">\n\t\t\t\t<div class=\"elementor-widget-container\">\n\t\t\t\t\t<h2 class=\"elementor-heading-title elementor-size-default\">La radioth\u00e9rapie st\u00e9r\u00e9otaxique<\/h2>\t\t\t\t<\/div>\n\t\t\t\t<\/div>\n\t\t\t\t<div class=\"elementor-element elementor-element-a303784 elementor-widget elementor-widget-text-editor\" data-id=\"a303784\" data-element_type=\"widget\" data-widget_type=\"text-editor.default\">\n\t\t\t\t<div class=\"elementor-widget-container\">\n\t\t\t\t\t\t\t\t\t<p>Cette technique ne peut \u00eatre utilis\u00e9e que pour le traitement de cancer de petit volume. Elle consiste \u00e0 utiliser peu de s\u00e9ance de radioth\u00e9rapie mais \u00e0 d\u00e9livrer de grosses doses \u00e0 chacune de ces s\u00e9ances.<\/p>\t\t\t\t\t\t\t\t<\/div>\n\t\t\t\t<\/div>\n\t\t\t\t<div class=\"elementor-element elementor-element-1445901 elementor-widget elementor-widget-heading\" data-id=\"1445901\" data-element_type=\"widget\" data-widget_type=\"heading.default\">\n\t\t\t\t<div class=\"elementor-widget-container\">\n\t\t\t\t\t<h2 class=\"elementor-heading-title elementor-size-default\">Nos machines<\/h2>\t\t\t\t<\/div>\n\t\t\t\t<\/div>\n\t\t\t\t<div class=\"elementor-element elementor-element-98e4280 elementor-widget elementor-widget-text-editor\" data-id=\"98e4280\" data-element_type=\"widget\" data-widget_type=\"text-editor.default\">\n\t\t\t\t<div class=\"elementor-widget-container\">\n\t\t\t\t\t\t\t\t\t<p>Le centre est \u00e9quip\u00e9 de 3 machines de traitement:<\/p><ul><li><div dir=\"auto\">2 Versas\u00a0<\/div><\/li><li><div dir=\"auto\">Halcyon<\/div><\/li><\/ul>\t\t\t\t\t\t\t\t<\/div>\n\t\t\t\t<\/div>\n\t\t\t\t<\/div>\n\t\t<div class=\"elementor-element elementor-element-14a29f3 e-con-full e-flex e-con e-child\" data-id=\"14a29f3\" data-element_type=\"container\">\n\t\t\t\t<div class=\"elementor-element elementor-element-5e99aa9 elementor-widget elementor-widget-image\" data-id=\"5e99aa9\" data-element_type=\"widget\" data-widget_type=\"image.default\">\n\t\t\t\t<div class=\"elementor-widget-container\">\n\t\t\t\t\t\t\t\t\t\t\t\t\t\t\t<img decoding=\"async\" width=\"800\" height=\"600\" src=\"https:\/\/crtt.net\/cancerologie\/wp-content\/uploads\/sites\/3\/2024\/09\/radiotherapie-masque-de-contention-pour-tumeur-de-la-tete-et-du-coup-2.png\" class=\"attachment-large size-large wp-image-3205\" alt=\"\" srcset=\"https:\/\/crtt.net\/cancerologie\/wp-content\/uploads\/sites\/3\/2024\/09\/radiotherapie-masque-de-contention-pour-tumeur-de-la-tete-et-du-coup-2.png 800w, https:\/\/crtt.net\/cancerologie\/wp-content\/uploads\/sites\/3\/2024\/09\/radiotherapie-masque-de-contention-pour-tumeur-de-la-tete-et-du-coup-2-300x225.png 300w, https:\/\/crtt.net\/cancerologie\/wp-content\/uploads\/sites\/3\/2024\/09\/radiotherapie-masque-de-contention-pour-tumeur-de-la-tete-et-du-coup-2-768x576.png 768w\" sizes=\"(max-width: 800px) 100vw, 800px\" \/>\t\t\t\t\t\t\t\t\t\t\t\t\t\t\t<\/div>\n\t\t\t\t<\/div>\n\t\t\t\t<\/div>\n\t\t\t\t<\/div>\n\t\t\t\t<\/div>\n\t\t","protected":false},"excerpt":{"rendered":"<p>La radioth\u00e9rapie consiste en l\u2019utilisation de rayons que l\u2019on va diriger vers la tumeur pour les d\u00e9truire Pour comprendre la radioth\u00e9rapie, Il est tr\u00e8s important de garder \u00e0 l\u2019esprit que la radioth\u00e9rapie est un traitement local. Les rayons sont d\u00e9livr\u00e9s uniquement sur une zone pr\u00e9cise et n\u2019ont donc d\u2019action th\u00e9rapeutique ou d\u2019effets secondaires QUE DANS [&hellip;]<\/p>\n","protected":false},"author":1,"featured_media":39,"parent":2211,"menu_order":0,"comment_status":"closed","ping_status":"closed","template":"","meta":{"footnotes":""},"class_list":["post-28","page","type-page","status-publish","has-post-thumbnail","hentry"],"_links":{"self":[{"href":"https:\/\/crtt.net\/cancerologie\/wp-json\/wp\/v2\/pages\/28","targetHints":{"allow":["GET"]}}],"collection":[{"href":"https:\/\/crtt.net\/cancerologie\/wp-json\/wp\/v2\/pages"}],"about":[{"href":"https:\/\/crtt.net\/cancerologie\/wp-json\/wp\/v2\/types\/page"}],"author":[{"embeddable":true,"href":"https:\/\/crtt.net\/cancerologie\/wp-json\/wp\/v2\/users\/1"}],"replies":[{"embeddable":true,"href":"https:\/\/crtt.net\/cancerologie\/wp-json\/wp\/v2\/comments?post=28"}],"version-history":[{"count":15,"href":"https:\/\/crtt.net\/cancerologie\/wp-json\/wp\/v2\/pages\/28\/revisions"}],"predecessor-version":[{"id":3371,"href":"https:\/\/crtt.net\/cancerologie\/wp-json\/wp\/v2\/pages\/28\/revisions\/3371"}],"up":[{"embeddable":true,"href":"https:\/\/crtt.net\/cancerologie\/wp-json\/wp\/v2\/pages\/2211"}],"wp:featuredmedia":[{"embeddable":true,"href":"https:\/\/crtt.net\/cancerologie\/wp-json\/wp\/v2\/media\/39"}],"wp:attachment":[{"href":"https:\/\/crtt.net\/cancerologie\/wp-json\/wp\/v2\/media?parent=28"}],"curies":[{"name":"wp","href":"https:\/\/api.w.org\/{rel}","templated":true}]}}