{"id":27,"date":"2016-12-20T14:27:36","date_gmt":"2016-12-20T13:27:36","guid":{"rendered":"http:\/\/mg.crtt.net\/cancerologie\/?page_id=27"},"modified":"2024-09-13T09:43:24","modified_gmt":"2024-09-13T07:43:24","slug":"deroulement-pratique","status":"publish","type":"page","link":"https:\/\/crtt.net\/cancerologie\/radiotherapie\/deroulement-pratique\/","title":{"rendered":"D\u00e9roulement\u00a0pratique d\u2019une\u00a0radioth\u00e9rapie"},"content":{"rendered":"\t\t<div data-elementor-type=\"wp-page\" data-elementor-id=\"27\" class=\"elementor elementor-27\" data-elementor-post-type=\"page\">\n\t\t\t\t<div class=\"elementor-element elementor-element-5d6d5c47 e-con-full e-flex e-con e-parent\" data-id=\"5d6d5c47\" data-element_type=\"container\">\n\t\t\t\t<div class=\"elementor-element elementor-element-4e9a267 elementor-widget elementor-widget-text-editor\" data-id=\"4e9a267\" data-element_type=\"widget\" data-widget_type=\"text-editor.default\">\n\t\t\t\t<div class=\"elementor-widget-container\">\n\t\t\t\t\t\t\t\t\t<p>La radioth\u00e9rapie consiste en l\u2019utilisation de rayons pour d\u00e9truire le cancer.<\/p><p>Il s\u2019agit de faisceaux de rayons (un peu comme un faisceau de lumi\u00e8re) que l\u2019on va diriger sur le cancer pour le d\u00e9truire localement.<\/p><p>Ces faisceaux de rayons sont d\u00e9livr\u00e9s au cours de s\u00e9ances de radioth\u00e9rapie.<\/p><p>En fonction des cas, un traitement de radioth\u00e9rapie peut comprendre entre 1 et 40 s\u00e9ances.<\/p><p>Un traitement de radioth\u00e9rapie se d\u00e9roule en 4 \u00e9tapes.<\/p>\t\t\t\t\t\t\t\t<\/div>\n\t\t\t\t<\/div>\n\t\t\t\t<\/div>\n\t\t<div class=\"elementor-element elementor-element-8fd3a8a e-con-full e-flex e-con e-parent\" data-id=\"8fd3a8a\" data-element_type=\"container\" data-settings=\"{&quot;background_background&quot;:&quot;classic&quot;}\">\n\t\t<div class=\"elementor-element elementor-element-81975d5 e-con-full e-flex e-con e-child\" data-id=\"81975d5\" data-element_type=\"container\" data-settings=\"{&quot;background_background&quot;:&quot;classic&quot;}\">\n\t\t\t\t<div class=\"elementor-element elementor-element-8327df4 elementor-widget elementor-widget-heading\" data-id=\"8327df4\" data-element_type=\"widget\" data-widget_type=\"heading.default\">\n\t\t\t\t<div class=\"elementor-widget-container\">\n\t\t\t\t\t<h3 class=\"elementor-heading-title elementor-size-default\">1.\u00a0Une consultation avec un m\u00e9decin radioth\u00e9rapeute<\/h3>\t\t\t\t<\/div>\n\t\t\t\t<\/div>\n\t\t\t\t<div class=\"elementor-element elementor-element-55c6a61 elementor-widget elementor-widget-text-editor\" data-id=\"55c6a61\" data-element_type=\"widget\" data-widget_type=\"text-editor.default\">\n\t\t\t\t<div class=\"elementor-widget-container\">\n\t\t\t\t\t\t\t\t\t<p>Pendant cette consultation, le m\u00e9decin \u00e9tudiera votre dossier, d\u00e9cidera du traitement \u00e0 r\u00e9aliser dans votre cas et vous d\u00e9livrera toute l\u2019information m\u00e9dicale concernant ce dernier.<\/p>\t\t\t\t\t\t\t\t<\/div>\n\t\t\t\t<\/div>\n\t\t\t\t<\/div>\n\t\t<div class=\"elementor-element elementor-element-4bf6d88 e-con-full e-flex e-con e-child\" data-id=\"4bf6d88\" data-element_type=\"container\">\n\t\t\t\t<div class=\"elementor-element elementor-element-910f7b2 elementor-widget elementor-widget-image\" data-id=\"910f7b2\" data-element_type=\"widget\" data-widget_type=\"image.default\">\n\t\t\t\t<div class=\"elementor-widget-container\">\n\t\t\t\t\t\t\t\t\t\t\t\t\t\t\t<img fetchpriority=\"high\" decoding=\"async\" width=\"800\" height=\"534\" src=\"https:\/\/crtt.net\/cancerologie\/wp-content\/uploads\/sites\/3\/2024\/09\/CRTT-cancerologie-52-1024x683.jpg\" class=\"attachment-large size-large wp-image-3190\" alt=\"\" srcset=\"https:\/\/crtt.net\/cancerologie\/wp-content\/uploads\/sites\/3\/2024\/09\/CRTT-cancerologie-52-1024x683.jpg 1024w, https:\/\/crtt.net\/cancerologie\/wp-content\/uploads\/sites\/3\/2024\/09\/CRTT-cancerologie-52-300x200.jpg 300w, https:\/\/crtt.net\/cancerologie\/wp-content\/uploads\/sites\/3\/2024\/09\/CRTT-cancerologie-52-768x512.jpg 768w, https:\/\/crtt.net\/cancerologie\/wp-content\/uploads\/sites\/3\/2024\/09\/CRTT-cancerologie-52-1536x1024.jpg 1536w, https:\/\/crtt.net\/cancerologie\/wp-content\/uploads\/sites\/3\/2024\/09\/CRTT-cancerologie-52.jpg 1620w\" sizes=\"(max-width: 800px) 100vw, 800px\" \/>\t\t\t\t\t\t\t\t\t\t\t\t\t\t\t<\/div>\n\t\t\t\t<\/div>\n\t\t\t\t<\/div>\n\t\t<div class=\"elementor-element elementor-element-595fbd2 e-con-full e-flex e-con e-child\" data-id=\"595fbd2\" data-element_type=\"container\">\n\t\t\t\t<div class=\"elementor-element elementor-element-4117180 elementor-widget elementor-widget-image\" data-id=\"4117180\" data-element_type=\"widget\" data-widget_type=\"image.default\">\n\t\t\t\t<div class=\"elementor-widget-container\">\n\t\t\t\t\t\t\t\t\t\t\t\t\t\t\t<img decoding=\"async\" width=\"800\" height=\"534\" src=\"https:\/\/crtt.net\/cancerologie\/wp-content\/uploads\/sites\/3\/2024\/09\/CRTT-cancerologie-08-1024x683.jpg\" class=\"attachment-large size-large wp-image-3171\" alt=\"\" srcset=\"https:\/\/crtt.net\/cancerologie\/wp-content\/uploads\/sites\/3\/2024\/09\/CRTT-cancerologie-08-1024x683.jpg 1024w, https:\/\/crtt.net\/cancerologie\/wp-content\/uploads\/sites\/3\/2024\/09\/CRTT-cancerologie-08-300x200.jpg 300w, https:\/\/crtt.net\/cancerologie\/wp-content\/uploads\/sites\/3\/2024\/09\/CRTT-cancerologie-08-768x512.jpg 768w, https:\/\/crtt.net\/cancerologie\/wp-content\/uploads\/sites\/3\/2024\/09\/CRTT-cancerologie-08-1536x1024.jpg 1536w, https:\/\/crtt.net\/cancerologie\/wp-content\/uploads\/sites\/3\/2024\/09\/CRTT-cancerologie-08.jpg 1620w\" sizes=\"(max-width: 800px) 100vw, 800px\" \/>\t\t\t\t\t\t\t\t\t\t\t\t\t\t\t<\/div>\n\t\t\t\t<\/div>\n\t\t\t\t<\/div>\n\t\t<div class=\"elementor-element elementor-element-99d9d71 e-con-full e-flex e-con e-child\" data-id=\"99d9d71\" data-element_type=\"container\" data-settings=\"{&quot;background_background&quot;:&quot;classic&quot;}\">\n\t\t\t\t<div class=\"elementor-element elementor-element-cdd559e elementor-widget elementor-widget-heading\" data-id=\"cdd559e\" data-element_type=\"widget\" data-widget_type=\"heading.default\">\n\t\t\t\t<div class=\"elementor-widget-container\">\n\t\t\t\t\t<h3 class=\"elementor-heading-title elementor-size-default\">2. Une consultation avec un manipulateur<\/h3>\t\t\t\t<\/div>\n\t\t\t\t<\/div>\n\t\t\t\t<div class=\"elementor-element elementor-element-7281965 elementor-widget elementor-widget-text-editor\" data-id=\"7281965\" data-element_type=\"widget\" data-widget_type=\"text-editor.default\">\n\t\t\t\t<div class=\"elementor-widget-container\">\n\t\t\t\t\t\t\t\t\t<p>C\u2019est la personne qui r\u00e9alisera les s\u00e9ances de traitement. Il vous en expliquera les modalit\u00e9s pratiques<\/p>\t\t\t\t\t\t\t\t<\/div>\n\t\t\t\t<\/div>\n\t\t\t\t<\/div>\n\t\t<div class=\"elementor-element elementor-element-afffbe1 e-con-full e-flex e-con e-child\" data-id=\"afffbe1\" data-element_type=\"container\" data-settings=\"{&quot;background_background&quot;:&quot;classic&quot;}\">\n\t\t\t\t<div class=\"elementor-element elementor-element-6db7d1f elementor-widget elementor-widget-heading\" data-id=\"6db7d1f\" data-element_type=\"widget\" data-widget_type=\"heading.default\">\n\t\t\t\t<div class=\"elementor-widget-container\">\n\t\t\t\t\t<h3 class=\"elementor-heading-title elementor-size-default\">3. Un scanner de radioth\u00e9rapie<\/h3>\t\t\t\t<\/div>\n\t\t\t\t<\/div>\n\t\t\t\t<div class=\"elementor-element elementor-element-6c8826b elementor-widget elementor-widget-text-editor\" data-id=\"6c8826b\" data-element_type=\"widget\" data-widget_type=\"text-editor.default\">\n\t\t\t\t<div class=\"elementor-widget-container\">\n\t\t\t\t\t\t\t\t\t<p>C\u2019est un scanner sur lequel seront effectu\u00e9s les calculs de dose de rayons,<\/p><p>En pratique, il se d\u00e9roule comme un scanner normal en dehors de la r\u00e9alisation de contentions (cf. plus bas)<\/p><p>Afin d\u2019avoir un traitement par rayons le plus pr\u00e9cis possible, la zone sur laquelle les rayons seront delivr\u00e9s doit \u00eatre le plus fixe possible. Pour cela les manipulateurs peuvent \u00eatre amen\u00e9s \u00e0 r\u00e9aliser des contentions dont le but est d\u2019immobiliser la zone \u00e0 traiter<\/p>\t\t\t\t\t\t\t\t<\/div>\n\t\t\t\t<\/div>\n\t\t\t\t<\/div>\n\t\t<div class=\"elementor-element elementor-element-3534da8 e-con-full e-flex e-con e-child\" data-id=\"3534da8\" data-element_type=\"container\">\n\t\t\t\t<div class=\"elementor-element elementor-element-724d712 elementor-widget elementor-widget-text-editor\" data-id=\"724d712\" data-element_type=\"widget\" data-widget_type=\"text-editor.default\">\n\t\t\t\t<div class=\"elementor-widget-container\">\n\t\t\t\t\t\t\t\t\t<p><strong>Exemple de contentions<\/strong><\/p><p>Masque de contention pour le traitement de tumeur de la t\u00eate et du cou<\/p>\t\t\t\t\t\t\t\t<\/div>\n\t\t\t\t<\/div>\n\t\t<div class=\"elementor-element elementor-element-8176d5c e-con-full e-flex e-con e-child\" data-id=\"8176d5c\" data-element_type=\"container\">\n\t\t\t\t<div class=\"elementor-element elementor-element-1cf6389 elementor-widget__width-initial elementor-widget elementor-widget-image\" data-id=\"1cf6389\" data-element_type=\"widget\" data-widget_type=\"image.default\">\n\t\t\t\t<div class=\"elementor-widget-container\">\n\t\t\t\t\t\t\t\t\t\t\t\t\t\t\t<img decoding=\"async\" width=\"300\" height=\"200\" src=\"https:\/\/crtt.net\/cancerologie\/wp-content\/uploads\/sites\/3\/2024\/09\/Radiotherapie-masque-de-contention-pour-tumeur-de-la-tete-et-du-coup-300x200-1.png\" class=\"attachment-large size-large wp-image-3243\" alt=\"\" \/>\t\t\t\t\t\t\t\t\t\t\t\t\t\t\t<\/div>\n\t\t\t\t<\/div>\n\t\t\t\t<div class=\"elementor-element elementor-element-35de098 elementor-widget elementor-widget-image\" data-id=\"35de098\" data-element_type=\"widget\" data-widget_type=\"image.default\">\n\t\t\t\t<div class=\"elementor-widget-container\">\n\t\t\t\t\t\t\t\t\t\t\t\t\t\t\t<img loading=\"lazy\" decoding=\"async\" width=\"300\" height=\"225\" src=\"https:\/\/crtt.net\/cancerologie\/wp-content\/uploads\/sites\/3\/2024\/09\/radiotherapie-masque-de-contention-pour-tumeur-de-la-tete-et-du-coup-2-300x225-1.png\" class=\"attachment-large size-large wp-image-3244\" alt=\"\" \/>\t\t\t\t\t\t\t\t\t\t\t\t\t\t\t<\/div>\n\t\t\t\t<\/div>\n\t\t\t\t<div class=\"elementor-element elementor-element-b907e00 elementor-widget elementor-widget-image\" data-id=\"b907e00\" data-element_type=\"widget\" data-widget_type=\"image.default\">\n\t\t\t\t<div class=\"elementor-widget-container\">\n\t\t\t\t\t\t\t\t\t\t\t\t\t\t\t<img loading=\"lazy\" decoding=\"async\" width=\"300\" height=\"224\" src=\"https:\/\/crtt.net\/cancerologie\/wp-content\/uploads\/sites\/3\/2024\/09\/Radiotherapie-masque-de-contention-pour-tumeur-de-la-tete-et-du-coup-3-300x224-1.png\" class=\"attachment-large size-large wp-image-3245\" alt=\"\" \/>\t\t\t\t\t\t\t\t\t\t\t\t\t\t\t<\/div>\n\t\t\t\t<\/div>\n\t\t\t\t<\/div>\n\t\t\t\t<div class=\"elementor-element elementor-element-f07962c elementor-widget elementor-widget-text-editor\" data-id=\"f07962c\" data-element_type=\"widget\" data-widget_type=\"text-editor.default\">\n\t\t\t\t<div class=\"elementor-widget-container\">\n\t\t\t\t\t\t\t\t\t<p>Positionnement pour une prostate<\/p>\t\t\t\t\t\t\t\t<\/div>\n\t\t\t\t<\/div>\n\t\t\t\t<div class=\"elementor-element elementor-element-cc8a342 elementor-widget elementor-widget-image\" data-id=\"cc8a342\" data-element_type=\"widget\" data-widget_type=\"image.default\">\n\t\t\t\t<div class=\"elementor-widget-container\">\n\t\t\t\t\t\t\t\t\t\t\t\t\t\t\t<img loading=\"lazy\" decoding=\"async\" width=\"800\" height=\"292\" src=\"https:\/\/crtt.net\/cancerologie\/wp-content\/uploads\/sites\/3\/2024\/09\/Radiothrapie-positionnement-pour-une-prostate-1-1024x374.png\" class=\"attachment-large size-large wp-image-3242\" alt=\"\" srcset=\"https:\/\/crtt.net\/cancerologie\/wp-content\/uploads\/sites\/3\/2024\/09\/Radiothrapie-positionnement-pour-une-prostate-1-1024x374.png 1024w, https:\/\/crtt.net\/cancerologie\/wp-content\/uploads\/sites\/3\/2024\/09\/Radiothrapie-positionnement-pour-une-prostate-1-300x110.png 300w, https:\/\/crtt.net\/cancerologie\/wp-content\/uploads\/sites\/3\/2024\/09\/Radiothrapie-positionnement-pour-une-prostate-1-768x281.png 768w, https:\/\/crtt.net\/cancerologie\/wp-content\/uploads\/sites\/3\/2024\/09\/Radiothrapie-positionnement-pour-une-prostate-1.png 1399w\" sizes=\"(max-width: 800px) 100vw, 800px\" \/>\t\t\t\t\t\t\t\t\t\t\t\t\t\t\t<\/div>\n\t\t\t\t<\/div>\n\t\t\t\t<\/div>\n\t\t<div class=\"elementor-element elementor-element-0c2595d e-con-full e-flex e-con e-child\" data-id=\"0c2595d\" data-element_type=\"container\">\n\t\t\t\t<div class=\"elementor-element elementor-element-24ce602 elementor-widget elementor-widget-video\" data-id=\"24ce602\" data-element_type=\"widget\" data-settings=\"{&quot;youtube_url&quot;:&quot;https:\\\/\\\/www.youtube.com\\\/watch?v=t1ORthmo7-M&quot;,&quot;video_type&quot;:&quot;youtube&quot;,&quot;controls&quot;:&quot;yes&quot;}\" data-widget_type=\"video.default\">\n\t\t\t\t<div class=\"elementor-widget-container\">\n\t\t\t\t\t\t\t<div class=\"elementor-wrapper elementor-open-inline\">\n\t\t\t<div class=\"elementor-video\"><\/div>\t\t<\/div>\n\t\t\t\t\t\t<\/div>\n\t\t\t\t<\/div>\n\t\t\t\t<\/div>\n\t\t<div class=\"elementor-element elementor-element-edf8e83 e-con-full e-flex e-con e-child\" data-id=\"edf8e83\" data-element_type=\"container\" data-settings=\"{&quot;background_background&quot;:&quot;classic&quot;}\">\n\t\t\t\t<div class=\"elementor-element elementor-element-dcee7f3 elementor-widget elementor-widget-heading\" data-id=\"dcee7f3\" data-element_type=\"widget\" data-widget_type=\"heading.default\">\n\t\t\t\t<div class=\"elementor-widget-container\">\n\t\t\t\t\t<h3 class=\"elementor-heading-title elementor-size-default\">4. les s\u00e9ances de radioth\u00e9rapie<\/h3>\t\t\t\t<\/div>\n\t\t\t\t<\/div>\n\t\t\t\t<div class=\"elementor-element elementor-element-7da56f3 elementor-widget elementor-widget-text-editor\" data-id=\"7da56f3\" data-element_type=\"widget\" data-widget_type=\"text-editor.default\">\n\t\t\t\t<div class=\"elementor-widget-container\">\n\t\t\t\t\t\t\t\t\t<p>Elles peuvent au nombre de 1 \u00e0 40 en fonction des cas<\/p><p>NB\u00a0: le traitement n\u2019est pas forc\u00e9ment \u00ab\u00a0plus fort\u00a0\u00bb parce qu\u2019il comporte plus de s\u00e9ances<\/p><p>Chaque s\u00e9ance se d\u00e9roule \u00e0 peu pr\u00e8s comme dans la vid\u00e9o<\/p>\t\t\t\t\t\t\t\t<\/div>\n\t\t\t\t<\/div>\n\t\t\t\t<\/div>\n\t\t\t\t<\/div>\n\t\t\t\t<\/div>\n\t\t","protected":false},"excerpt":{"rendered":"<p>La radioth\u00e9rapie consiste en l\u2019utilisation de rayons pour d\u00e9truire le cancer. Il s\u2019agit de faisceaux de rayons (un peu comme un faisceau de lumi\u00e8re) que l\u2019on va diriger sur le cancer pour le d\u00e9truire localement. Ces faisceaux de rayons sont d\u00e9livr\u00e9s au cours de s\u00e9ances de radioth\u00e9rapie. En fonction des cas, un traitement de radioth\u00e9rapie [&hellip;]<\/p>\n","protected":false},"author":1,"featured_media":2252,"parent":2211,"menu_order":0,"comment_status":"closed","ping_status":"closed","template":"","meta":{"footnotes":""},"class_list":["post-27","page","type-page","status-publish","has-post-thumbnail","hentry"],"_links":{"self":[{"href":"https:\/\/crtt.net\/cancerologie\/wp-json\/wp\/v2\/pages\/27","targetHints":{"allow":["GET"]}}],"collection":[{"href":"https:\/\/crtt.net\/cancerologie\/wp-json\/wp\/v2\/pages"}],"about":[{"href":"https:\/\/crtt.net\/cancerologie\/wp-json\/wp\/v2\/types\/page"}],"author":[{"embeddable":true,"href":"https:\/\/crtt.net\/cancerologie\/wp-json\/wp\/v2\/users\/1"}],"replies":[{"embeddable":true,"href":"https:\/\/crtt.net\/cancerologie\/wp-json\/wp\/v2\/comments?post=27"}],"version-history":[{"count":12,"href":"https:\/\/crtt.net\/cancerologie\/wp-json\/wp\/v2\/pages\/27\/revisions"}],"predecessor-version":[{"id":3258,"href":"https:\/\/crtt.net\/cancerologie\/wp-json\/wp\/v2\/pages\/27\/revisions\/3258"}],"up":[{"embeddable":true,"href":"https:\/\/crtt.net\/cancerologie\/wp-json\/wp\/v2\/pages\/2211"}],"wp:featuredmedia":[{"embeddable":true,"href":"https:\/\/crtt.net\/cancerologie\/wp-json\/wp\/v2\/media\/2252"}],"wp:attachment":[{"href":"https:\/\/crtt.net\/cancerologie\/wp-json\/wp\/v2\/media?parent=27"}],"curies":[{"name":"wp","href":"https:\/\/api.w.org\/{rel}","templated":true}]}}