{"id":1797,"date":"2013-04-21T16:33:54","date_gmt":"2013-04-21T16:33:54","guid":{"rendered":"http:\/\/crtt.net\/?page_id=1797"},"modified":"2013-04-21T16:33:54","modified_gmt":"2013-04-21T16:33:54","slug":"la-sfcp","status":"publish","type":"page","link":"https:\/\/crtt.net\/cancerologie\/faq\/la-sfcp\/","title":{"rendered":"La SFCP"},"content":{"rendered":"<p><img decoding=\"async\" class=\"alignleft\" alt=\"\" src=\"http:\/\/lecancer.fr\/\" width=\"150\" height=\"113\" \/><\/p>\n<p>La SFCP est une soci\u00e9t\u00e9 savante regroupant\u00a0les professionnels de la canc\u00e9rologie\u00a0exer\u00e7ant dans les centres m\u00e9dicaux priv\u00e9s.<\/p>\n<p>La canc\u00e9rologie moderne est en constante et rapide \u00e9volution. Toutes les disciplines qui la constituent se modernisent \u00e0 une vitesse exponentielle : chirurgie, radioth\u00e9rapie, oncologie m\u00e9dicale, radiologie, biologie mol\u00e9culaire&#8230;<\/p>\n<p>La SFCP f\u00e9d\u00e8re des sp\u00e9cialistes de ces disciplines.<\/p>\n<p>Elle a vocation \u00e0 faciliter les \u00e9changes scientifiques et amicaux entre ses membres.<\/p>\n<p>Soci\u00e9t\u00e9 Fran\u00e7aise de Canc\u00e9rologie Priv\u00e9e, France<br \/><span style=\"font-size: 13px\">Site web :\u00a0<\/span><a style=\"font-size: 13px\" href=\"http:\/\/sfcp-cancer.com\/\" target=\"_blank\" rel=\"noopener\">www.sfcp-cancer.com<\/a><br \/>Forum :\u00a0<a href=\"http:\/\/sfcp-cancer.com\/forum-patients\" target=\"_blank\" rel=\"noopener\">www.sfcp-cancer.com\/forum-patients<\/a><\/p>\n<p>&nbsp;<\/p>\n","protected":false},"excerpt":{"rendered":"<p>La SFCP est une soci\u00e9t\u00e9 savante regroupant\u00a0les professionnels de la canc\u00e9rologie\u00a0exer\u00e7ant dans les centres m\u00e9dicaux priv\u00e9s. La canc\u00e9rologie moderne est en constante et rapide \u00e9volution. Toutes les disciplines qui la constituent se modernisent \u00e0 une vitesse exponentielle : chirurgie, radioth\u00e9rapie, oncologie m\u00e9dicale, radiologie, biologie mol\u00e9culaire&#8230; La SFCP f\u00e9d\u00e8re des sp\u00e9cialistes de ces disciplines. Elle a [&hellip;]<\/p>\n","protected":false},"author":1,"featured_media":0,"parent":55,"menu_order":0,"comment_status":"closed","ping_status":"closed","template":"","meta":{"footnotes":""},"class_list":["post-1797","page","type-page","status-publish","hentry"],"_links":{"self":[{"href":"https:\/\/crtt.net\/cancerologie\/wp-json\/wp\/v2\/pages\/1797","targetHints":{"allow":["GET"]}}],"collection":[{"href":"https:\/\/crtt.net\/cancerologie\/wp-json\/wp\/v2\/pages"}],"about":[{"href":"https:\/\/crtt.net\/cancerologie\/wp-json\/wp\/v2\/types\/page"}],"author":[{"embeddable":true,"href":"https:\/\/crtt.net\/cancerologie\/wp-json\/wp\/v2\/users\/1"}],"replies":[{"embeddable":true,"href":"https:\/\/crtt.net\/cancerologie\/wp-json\/wp\/v2\/comments?post=1797"}],"version-history":[{"count":0,"href":"https:\/\/crtt.net\/cancerologie\/wp-json\/wp\/v2\/pages\/1797\/revisions"}],"up":[{"embeddable":true,"href":"https:\/\/crtt.net\/cancerologie\/wp-json\/wp\/v2\/pages\/55"}],"wp:attachment":[{"href":"https:\/\/crtt.net\/cancerologie\/wp-json\/wp\/v2\/media?parent=1797"}],"curies":[{"name":"wp","href":"https:\/\/api.w.org\/{rel}","templated":true}]}}