{"id":1746,"date":"2013-04-21T14:26:28","date_gmt":"2013-04-21T14:26:28","guid":{"rendered":"http:\/\/crtt.net\/?page_id=1746"},"modified":"2013-04-21T14:26:28","modified_gmt":"2013-04-21T14:26:28","slug":"reseau-osmose","status":"publish","type":"page","link":"https:\/\/crtt.net\/cancerologie\/faq\/reseau-osmose\/","title":{"rendered":"R\u00e9seau Osmose"},"content":{"rendered":"<p><a href=\"https:\/\/crtt.net\/cancerologie\/wp-content\/uploads\/sites\/3\/2013\/04\/Logo-Osmose.jpg\"><img decoding=\"async\" class=\"wp-image-1752 alignleft\" alt=\"Logo Osmose\" src=\"https:\/\/crtt.net\/cancerologie\/wp-content\/uploads\/sites\/3\/2013\/04\/Logo-Osmose.jpg\" width=\"251\" height=\"164\" srcset=\"https:\/\/crtt.net\/cancerologie\/wp-content\/uploads\/sites\/3\/2013\/04\/Logo-Osmose.jpg 448w, https:\/\/crtt.net\/cancerologie\/wp-content\/uploads\/sites\/3\/2013\/04\/Logo-Osmose-300x196.jpg 300w\" sizes=\"(max-width: 251px) 100vw, 251px\" \/><\/a><\/p>\n<h2>Adresse du r\u00e9seau :<\/h2>\n<p>20\/22, avenue Edouard Herriot \u00a0<br \/>Immeuble Le Carnot \u2013 2\u00e8me \u00e9tage<br \/>92350 \u2013 Le Plessis-Robinson<br \/>T\u00e9l : 01 46 30 18 14 ou 0820 20 00 65 \u2013 Fax : 01 46 30 46 71<br \/>info@reseau-osmose.fr &#8211;<a href=\"http:\/\/reseau-osmose\"> www.reseau-osmose.fr<\/a><\/p>\n<h2>Contacts :<\/h2>\n<ul>\n<li>St\u00e9phane L\u00e9v\u00eaque \u2013 Directeur<\/li>\n<li>Ga\u00eblle-Anne Estocq \u2013 M\u00e9decin coordinateur, p\u00f4le\u00a0Canc\u00e9rologie<\/li>\n<li>Sidonie Nahum \u2013 M\u00e9decin coordinateur, p\u00f4le G\u00e9rontologie<\/li>\n<li>Carole Raso\u00a0\u2013 M\u00e9decin coordinateur, p\u00f4le Soins Palliatifs<\/li>\n<li>Pascale Robillard \u2013 Infirmi\u00e8re coordinatrice,\u00a0p\u00f4le Soins Palliatifs<\/li>\n<li>Fran\u00e7ois Hennequin \u2013 Infirmier coordinateur, p\u00f4le Soins Palliatifs<\/li>\n<li>Lise\u00a0Allainguillaume \u2013 Assistante Sociale<\/li>\n<li>Cathy Michaud \u2013 Secr\u00e9taire.<\/li>\n<\/ul>\n<h2>Zone d\u2019intervention :<\/h2>\n<p>Sud des Hauts-de-Seine (Antony, Bagneux, Bourg-la-Reine, Chatenay-Malabry, Ch\u00e2tillon, Clamart, Fontenay-aux-\u00a0Roses, Issy-les-Moulineaux, Malakoff, Meudon, Meudon-la-For\u00eat, Montrouge, Plessis-Robinson, Sceaux et Vanves)<\/p>\n<h2>Th\u00e9matiques :<\/h2>\n<p>Canc\u00e9rologie \u2013 G\u00e9rontologie \u2013 Soins Palliatifs<\/p>\n<h2><strong>Les services rendus :<\/strong><\/h2>\n<h3>Aux patients et \u00e0 leur entourage :<\/h3>\n<ol>\n<li>Visites r\u00e9guli\u00e8res d\u2019\u00e9valuation des besoins,<\/li>\n<li>Orientations vers professionnels et services r\u00e9pondant aux besoins des patients,<\/li>\n<li>Suivi constant de la prise en charge,<\/li>\n<li>Coordination des professionnels impliqu\u00e9s dans les soins,<\/li>\n<li>Permanence t\u00e9l\u00e9phonique,<\/li>\n<li>\u00c9valuation\u00a0sociale,<\/li>\n<li>Accompagnement psychologique,<\/li>\n<li>Ateliers de relaxation,<\/li>\n<li>Consultations de di\u00e9t\u00e9tique,<\/li>\n<li>Consultations de socio-esth\u00e9tique,<\/li>\n<li>R\u00e9unions d\u2019information, groupes de r\u00e9flexion et d\u2019\u00e9changes.<\/li>\n<\/ol>\n<h3>Aux professionnels et aux \u00e9tablissements de sant\u00e9 :<\/h3>\n<ol>\n<li>Organisation et coordination de la prise en charge au domicile,<\/li>\n<li>R\u00e9alisation d\u2019\u00e9valuations, en lien avec les \u00e9quipes soignantes et \u00e9laboration de projets de soins\u00a0globaux,<\/li>\n<li>Permanence t\u00e9l\u00e9phonique,<\/li>\n<li>Mise \u00e0 disposition d\u2019un Dossier M\u00e9dical Informatis\u00e9 S\u00e9curis\u00e9 Partag\u00e9,<\/li>\n<li>Contribution \u00e0 l\u2019\u00e9valuation des pratiques professionnelles,<\/li>\n<li>Organisation de formations,<\/li>\n<li>Mise en place de groupes de travail et de r\u00e9flexion.<\/li>\n<\/ol>\n<h2>Population cible :<\/h2>\n<h3>Patients :<\/h3>\n<ul>\n<li>atteints de cancer,\u00a0<br \/>et\/ou<\/li>\n<li>\u00e2g\u00e9s en situation de d\u00e9pendance,<br \/>et\/ou<\/li>\n<li>n\u00e9cessitant des soins palliatifs.<\/li>\n<\/ul>\n<h3>Partenaires principaux :<\/h3>\n<p>Etablissements de sant\u00e9 du territoire (H\u00f4pital Antoine B\u00e9cl\u00e8re de Clamart, Centre de Radioth\u00e9rapie et de\u00a0Traitement des Tumeurs de Meudon, H\u00f4pital Priv\u00e9 d\u2019Antony, Clinique du Plateau \u00e0 Clamart, Clinique de Meudon,\u00a0H\u00f4pital d\u2019Instruction des Arm\u00e9es Percy \u00e0 Clamart, H\u00f4pital Corentin Celton d\u2019Issy-les-Moulineaux,\u2026) et hors territoire\u00a0(Institut Gustave Roussy, H\u00f4pital Ambroise Par\u00e9 \u00e0 Boulogne, H\u00f4pital Beaujon \u00e0 Clichy, H\u00f4pital Saint-Joseph \u00e0 Paris,\u00a0H\u00f4pital Les Magnolias \u00e0 Ballainvilliers,\u2026), r\u00e9f\u00e9rents en canc\u00e9rologie et\/ou g\u00e9rontologie et \/ ou soins\u00a0palliatifs ; EHPAD, Services d\u2019HAD, de SSIAD, professionnels lib\u00e9raux (m\u00e9decins g\u00e9n\u00e9ralistes, infirmiers,\u00a0pharmaciens, psychologues,\u2026), travailleurs sociaux, coordinations g\u00e9rontologiques, CLIC, \u00e9quipes\u00a0mobiles de soins palliatifs, unit\u00e9s de soins palliatifs, r\u00e9seaux,\u2026<\/p>\n","protected":false},"excerpt":{"rendered":"<p>Adresse du r\u00e9seau : 20\/22, avenue Edouard Herriot \u00a0Immeuble Le Carnot \u2013 2\u00e8me \u00e9tage92350 \u2013 Le Plessis-RobinsonT\u00e9l : 01 46 30 18 14 ou 0820 20 00 65 \u2013 Fax : 01 46 30 46 71info@reseau-osmose.fr &#8211; www.reseau-osmose.fr Contacts : St\u00e9phane L\u00e9v\u00eaque \u2013 Directeur Ga\u00eblle-Anne Estocq \u2013 M\u00e9decin coordinateur, p\u00f4le\u00a0Canc\u00e9rologie Sidonie Nahum \u2013 M\u00e9decin coordinateur, [&hellip;]<\/p>\n","protected":false},"author":1,"featured_media":1752,"parent":55,"menu_order":0,"comment_status":"closed","ping_status":"closed","template":"","meta":{"footnotes":""},"class_list":["post-1746","page","type-page","status-publish","has-post-thumbnail","hentry"],"_links":{"self":[{"href":"https:\/\/crtt.net\/cancerologie\/wp-json\/wp\/v2\/pages\/1746","targetHints":{"allow":["GET"]}}],"collection":[{"href":"https:\/\/crtt.net\/cancerologie\/wp-json\/wp\/v2\/pages"}],"about":[{"href":"https:\/\/crtt.net\/cancerologie\/wp-json\/wp\/v2\/types\/page"}],"author":[{"embeddable":true,"href":"https:\/\/crtt.net\/cancerologie\/wp-json\/wp\/v2\/users\/1"}],"replies":[{"embeddable":true,"href":"https:\/\/crtt.net\/cancerologie\/wp-json\/wp\/v2\/comments?post=1746"}],"version-history":[{"count":0,"href":"https:\/\/crtt.net\/cancerologie\/wp-json\/wp\/v2\/pages\/1746\/revisions"}],"up":[{"embeddable":true,"href":"https:\/\/crtt.net\/cancerologie\/wp-json\/wp\/v2\/pages\/55"}],"wp:featuredmedia":[{"embeddable":true,"href":"https:\/\/crtt.net\/cancerologie\/wp-json\/wp\/v2\/media\/1752"}],"wp:attachment":[{"href":"https:\/\/crtt.net\/cancerologie\/wp-json\/wp\/v2\/media?parent=1746"}],"curies":[{"name":"wp","href":"https:\/\/api.w.org\/{rel}","templated":true}]}}