{"id":14,"date":"2016-12-20T10:58:07","date_gmt":"2016-12-20T09:58:07","guid":{"rendered":"http:\/\/mg.crtt.net\/cancerologie\/?page_id=14"},"modified":"2024-09-13T08:09:45","modified_gmt":"2024-09-13T06:09:45","slug":"informations-pratiques","status":"publish","type":"page","link":"https:\/\/crtt.net\/cancerologie\/informations-pratiques\/","title":{"rendered":"Informations pratiques"},"content":{"rendered":"\t\t<div data-elementor-type=\"wp-page\" data-elementor-id=\"14\" class=\"elementor elementor-14\" data-elementor-post-type=\"page\">\n\t\t\t\t<div class=\"elementor-element elementor-element-da3fc18 e-con-full e-flex e-con e-parent\" data-id=\"da3fc18\" data-element_type=\"container\">\n\t\t\t\t<div class=\"elementor-element elementor-element-3eff527 elementor-widget elementor-widget-heading\" data-id=\"3eff527\" data-element_type=\"widget\" data-widget_type=\"heading.default\">\n\t\t\t\t<div class=\"elementor-widget-container\">\n\t\t\t\t\t<div class=\"elementor-heading-title elementor-size-default\">Les consultations peuvent avoir lieu dans n\u2019importe lequel des 2 sites<\/div>\t\t\t\t<\/div>\n\t\t\t\t<\/div>\n\t\t\t\t<\/div>\n\t\t<div class=\"elementor-element elementor-element-09eb3be e-flex e-con-boxed e-con e-parent\" data-id=\"09eb3be\" data-element_type=\"container\">\n\t\t\t\t\t<div class=\"e-con-inner\">\n\t\t<div class=\"elementor-element elementor-element-aca1ff7 e-con-full e-flex elementor-invisible e-con e-child\" data-id=\"aca1ff7\" data-element_type=\"container\" data-settings=\"{&quot;background_background&quot;:&quot;classic&quot;,&quot;animation&quot;:&quot;fadeInUp&quot;,&quot;animation_delay&quot;:&quot;100&quot;}\">\n\t\t<div class=\"elementor-element elementor-element-9c2bc74 e-con-full e-flex e-con e-child\" data-id=\"9c2bc74\" data-element_type=\"container\">\n\t\t\t\t<div class=\"elementor-element elementor-element-f393498 elementor-widget__width-initial e-transform e-transform elementor-widget elementor-widget-heading\" data-id=\"f393498\" data-element_type=\"widget\" data-settings=\"{&quot;_transform_translateY_effect&quot;:{&quot;unit&quot;:&quot;px&quot;,&quot;size&quot;:&quot;0&quot;,&quot;sizes&quot;:[]},&quot;_transform_translateY_effect_hover&quot;:{&quot;unit&quot;:&quot;px&quot;,&quot;size&quot;:&quot;-16&quot;,&quot;sizes&quot;:[]},&quot;_transform_translateX_effect&quot;:{&quot;unit&quot;:&quot;px&quot;,&quot;size&quot;:&quot;&quot;,&quot;sizes&quot;:[]},&quot;_transform_translateX_effect_tablet&quot;:{&quot;unit&quot;:&quot;px&quot;,&quot;size&quot;:&quot;&quot;,&quot;sizes&quot;:[]},&quot;_transform_translateX_effect_mobile&quot;:{&quot;unit&quot;:&quot;px&quot;,&quot;size&quot;:&quot;&quot;,&quot;sizes&quot;:[]},&quot;_transform_translateY_effect_tablet&quot;:{&quot;unit&quot;:&quot;px&quot;,&quot;size&quot;:&quot;&quot;,&quot;sizes&quot;:[]},&quot;_transform_translateY_effect_mobile&quot;:{&quot;unit&quot;:&quot;px&quot;,&quot;size&quot;:&quot;&quot;,&quot;sizes&quot;:[]},&quot;_transform_translateX_effect_hover&quot;:{&quot;unit&quot;:&quot;px&quot;,&quot;size&quot;:&quot;&quot;,&quot;sizes&quot;:[]},&quot;_transform_translateX_effect_hover_tablet&quot;:{&quot;unit&quot;:&quot;px&quot;,&quot;size&quot;:&quot;&quot;,&quot;sizes&quot;:[]},&quot;_transform_translateX_effect_hover_mobile&quot;:{&quot;unit&quot;:&quot;px&quot;,&quot;size&quot;:&quot;&quot;,&quot;sizes&quot;:[]},&quot;_transform_translateY_effect_hover_tablet&quot;:{&quot;unit&quot;:&quot;px&quot;,&quot;size&quot;:&quot;&quot;,&quot;sizes&quot;:[]},&quot;_transform_translateY_effect_hover_mobile&quot;:{&quot;unit&quot;:&quot;px&quot;,&quot;size&quot;:&quot;&quot;,&quot;sizes&quot;:[]}}\" data-widget_type=\"heading.default\">\n\t\t\t\t<div class=\"elementor-widget-container\">\n\t\t\t\t\t<h2 class=\"elementor-heading-title elementor-size-default\">CRTT Versailles<\/h2>\t\t\t\t<\/div>\n\t\t\t\t<\/div>\n\t\t\t\t<div class=\"elementor-element elementor-element-153dffc elementor-widget elementor-widget-heading\" data-id=\"153dffc\" data-element_type=\"widget\" data-widget_type=\"heading.default\">\n\t\t\t\t<div class=\"elementor-widget-container\">\n\t\t\t\t\t<div class=\"elementor-heading-title elementor-size-default\">Les s\u00e9ances de radioth\u00e9rapie ont lieu \u00e0 Versailles<\/div>\t\t\t\t<\/div>\n\t\t\t\t<\/div>\n\t\t\t\t<div class=\"elementor-element elementor-element-e812f3f elementor-widget elementor-widget-text-editor\" data-id=\"e812f3f\" data-element_type=\"widget\" data-widget_type=\"text-editor.default\">\n\t\t\t\t<div class=\"elementor-widget-container\">\n\t\t\t\t\t\t\t\t\t<p>T\u00e9l\u00e9phone : 01 30 83 16 15<br \/>Fax: 01 84 10 80 43<\/p><p>Mail : secretariat.rxth@gmail.com<\/p><h4>Acc\u00e8s<\/h4><p><b>Clinique des Franciscaines<br \/>H\u00f4pital Priv\u00e9 de Versailles<\/b> <br \/>7 bis B rue de la porte de Buc <br \/>78000 Versailles<\/p><p><a href=\"https:\/\/goo.gl\/maps\/Z14j5gVoTmgXz6yT6\" target=\"_blank\" rel=\"noopener\">Google maps<\/a><\/p><p>Une fois sur la rue de la Porte de Buc, prendre le souterrain,<\/p><p>L\u2019entr\u00e9e du centre de radioth\u00e9rapie se trouve au bout du souterrain, en face de l\u2019entr\u00e9e des urgences de la clinique des franciscaines<\/p>\t\t\t\t\t\t\t\t<\/div>\n\t\t\t\t<\/div>\n\t\t\t\t<div class=\"elementor-element elementor-element-720498d elementor-widget elementor-widget-text-editor\" data-id=\"720498d\" data-element_type=\"widget\" data-widget_type=\"text-editor.default\">\n\t\t\t\t<div class=\"elementor-widget-container\">\n\t\t\t\t\t\t\t\t\t<p>D\u00e9couvrez en vid\u00e9o le chemin pour rejoindre notre centre de radioth\u00e9rapie \u00e0 Versailles<\/p>\t\t\t\t\t\t\t\t<\/div>\n\t\t\t\t<\/div>\n\t\t\t\t<\/div>\n\t\t<div class=\"elementor-element elementor-element-f2ff487 e-con-full e-flex e-con e-child\" data-id=\"f2ff487\" data-element_type=\"container\">\n\t\t\t\t<div class=\"elementor-element elementor-element-9b3113a elementor-widget elementor-widget-video\" data-id=\"9b3113a\" data-element_type=\"widget\" data-settings=\"{&quot;youtube_url&quot;:&quot;https:\\\/\\\/www.youtube.com\\\/watch?v=wnmbZhwHVJA&quot;,&quot;video_type&quot;:&quot;youtube&quot;,&quot;controls&quot;:&quot;yes&quot;}\" data-widget_type=\"video.default\">\n\t\t\t\t<div class=\"elementor-widget-container\">\n\t\t\t\t\t\t\t<div class=\"elementor-wrapper elementor-open-inline\">\n\t\t\t<div class=\"elementor-video\"><\/div>\t\t<\/div>\n\t\t\t\t\t\t<\/div>\n\t\t\t\t<\/div>\n\t\t\t\t<\/div>\n\t\t\t\t<\/div>\n\t\t<div class=\"elementor-element elementor-element-4a090dd e-con-full e-flex elementor-invisible e-con e-child\" data-id=\"4a090dd\" data-element_type=\"container\" data-settings=\"{&quot;background_background&quot;:&quot;classic&quot;,&quot;animation&quot;:&quot;fadeInUp&quot;,&quot;animation_delay&quot;:&quot;100&quot;}\">\n\t\t<div class=\"elementor-element elementor-element-3b8f94c e-con-full e-flex e-con e-child\" data-id=\"3b8f94c\" data-element_type=\"container\">\n\t\t\t\t<div class=\"elementor-element elementor-element-95b535b elementor-widget__width-initial e-transform e-transform elementor-widget elementor-widget-heading\" data-id=\"95b535b\" data-element_type=\"widget\" data-settings=\"{&quot;_transform_translateY_effect&quot;:{&quot;unit&quot;:&quot;px&quot;,&quot;size&quot;:&quot;0&quot;,&quot;sizes&quot;:[]},&quot;_transform_translateY_effect_hover&quot;:{&quot;unit&quot;:&quot;px&quot;,&quot;size&quot;:&quot;-16&quot;,&quot;sizes&quot;:[]},&quot;_transform_translateX_effect&quot;:{&quot;unit&quot;:&quot;px&quot;,&quot;size&quot;:&quot;&quot;,&quot;sizes&quot;:[]},&quot;_transform_translateX_effect_tablet&quot;:{&quot;unit&quot;:&quot;px&quot;,&quot;size&quot;:&quot;&quot;,&quot;sizes&quot;:[]},&quot;_transform_translateX_effect_mobile&quot;:{&quot;unit&quot;:&quot;px&quot;,&quot;size&quot;:&quot;&quot;,&quot;sizes&quot;:[]},&quot;_transform_translateY_effect_tablet&quot;:{&quot;unit&quot;:&quot;px&quot;,&quot;size&quot;:&quot;&quot;,&quot;sizes&quot;:[]},&quot;_transform_translateY_effect_mobile&quot;:{&quot;unit&quot;:&quot;px&quot;,&quot;size&quot;:&quot;&quot;,&quot;sizes&quot;:[]},&quot;_transform_translateX_effect_hover&quot;:{&quot;unit&quot;:&quot;px&quot;,&quot;size&quot;:&quot;&quot;,&quot;sizes&quot;:[]},&quot;_transform_translateX_effect_hover_tablet&quot;:{&quot;unit&quot;:&quot;px&quot;,&quot;size&quot;:&quot;&quot;,&quot;sizes&quot;:[]},&quot;_transform_translateX_effect_hover_mobile&quot;:{&quot;unit&quot;:&quot;px&quot;,&quot;size&quot;:&quot;&quot;,&quot;sizes&quot;:[]},&quot;_transform_translateY_effect_hover_tablet&quot;:{&quot;unit&quot;:&quot;px&quot;,&quot;size&quot;:&quot;&quot;,&quot;sizes&quot;:[]},&quot;_transform_translateY_effect_hover_mobile&quot;:{&quot;unit&quot;:&quot;px&quot;,&quot;size&quot;:&quot;&quot;,&quot;sizes&quot;:[]}}\" data-widget_type=\"heading.default\">\n\t\t\t\t<div class=\"elementor-widget-container\">\n\t\t\t\t\t<h2 class=\"elementor-heading-title elementor-size-default\">CRTT Meudon<\/h2>\t\t\t\t<\/div>\n\t\t\t\t<\/div>\n\t\t\t\t<div class=\"elementor-element elementor-element-8a8998a elementor-widget elementor-widget-heading\" data-id=\"8a8998a\" data-element_type=\"widget\" data-widget_type=\"heading.default\">\n\t\t\t\t<div class=\"elementor-widget-container\">\n\t\t\t\t\t<div class=\"elementor-heading-title elementor-size-default\">Les s\u00e9ances de chimioth\u00e9rapie ont lieu \u00e0\u00a0Meudon<\/div>\t\t\t\t<\/div>\n\t\t\t\t<\/div>\n\t\t\t\t<div class=\"elementor-element elementor-element-a4209ac elementor-widget elementor-widget-text-editor\" data-id=\"a4209ac\" data-element_type=\"widget\" data-widget_type=\"text-editor.default\">\n\t\t\t\t<div class=\"elementor-widget-container\">\n\t\t\t\t\t\t\t\t\t<p>T\u00e9l\u00e9phone : 01 41 28 22 80<\/p><p>Fax: 01 84 10 75 49<\/p><p>Mail : rtt.crtt@gmail.com<\/p><h4>Acc\u00e8s<\/h4><p><b>Clinique de Meudon<\/b><br \/>3-5-7 Avenue de Villacoublay <br \/>92360 Meudon-La-For\u00eat<\/p><p><a href=\"https:\/\/goo.gl\/maps\/J4UPjwSozjCH3JBm8\" target=\"_blank\" rel=\"noopener\">Google maps<\/a><\/p><p><strong>Le CRTT est maintenant une structure totalement ind\u00e9pendante de la clinique de Meudon-La-For\u00eat.<\/strong><\/p><p>Les canc\u00e9rologues continuent d\u2019exercer dans les locaux de la clinique de Meudon-la-for\u00eat o\u00f9 ils effectuent certaines consultations et l\u2019ensemble des chimioth\u00e9rapies.<\/p>\t\t\t\t\t\t\t\t<\/div>\n\t\t\t\t<\/div>\n\t\t\t\t<\/div>\n\t\t<div class=\"elementor-element elementor-element-00073ec e-con-full e-flex e-con e-child\" data-id=\"00073ec\" data-element_type=\"container\">\n\t\t\t\t<div class=\"elementor-element elementor-element-cf48ce3 elementor-widget elementor-widget-image\" data-id=\"cf48ce3\" data-element_type=\"widget\" data-widget_type=\"image.default\">\n\t\t\t\t<div class=\"elementor-widget-container\">\n\t\t\t\t\t\t\t\t\t\t\t\t\t\t\t<img fetchpriority=\"high\" decoding=\"async\" width=\"800\" height=\"441\" src=\"https:\/\/crtt.net\/cancerologie\/wp-content\/uploads\/sites\/3\/2024\/08\/CRTT-cancerologie-45-1024x564.jpg\" class=\"attachment-large size-large wp-image-2987\" alt=\"\" srcset=\"https:\/\/crtt.net\/cancerologie\/wp-content\/uploads\/sites\/3\/2024\/08\/CRTT-cancerologie-45-1024x564.jpg 1024w, https:\/\/crtt.net\/cancerologie\/wp-content\/uploads\/sites\/3\/2024\/08\/CRTT-cancerologie-45-300x165.jpg 300w, https:\/\/crtt.net\/cancerologie\/wp-content\/uploads\/sites\/3\/2024\/08\/CRTT-cancerologie-45-768x423.jpg 768w, https:\/\/crtt.net\/cancerologie\/wp-content\/uploads\/sites\/3\/2024\/08\/CRTT-cancerologie-45-1536x846.jpg 1536w, https:\/\/crtt.net\/cancerologie\/wp-content\/uploads\/sites\/3\/2024\/08\/CRTT-cancerologie-45.jpg 1920w\" sizes=\"(max-width: 800px) 100vw, 800px\" \/>\t\t\t\t\t\t\t\t\t\t\t\t\t\t\t<\/div>\n\t\t\t\t<\/div>\n\t\t\t\t<\/div>\n\t\t\t\t<\/div>\n\t\t\t\t\t<\/div>\n\t\t\t\t<\/div>\n\t\t\t\t<\/div>\n\t\t","protected":false},"excerpt":{"rendered":"<p>Les consultations peuvent avoir lieu dans n\u2019importe lequel des 2 sites CRTT Versailles Les s\u00e9ances de radioth\u00e9rapie ont lieu \u00e0 Versailles T\u00e9l\u00e9phone : 01 30 83 16 15Fax: 01 84 10 80 43 Mail : secretariat.rxth@gmail.com Acc\u00e8s Clinique des FranciscainesH\u00f4pital Priv\u00e9 de Versailles 7 bis B rue de la porte de Buc 78000 Versailles Google [&hellip;]<\/p>\n","protected":false},"author":1,"featured_media":0,"parent":0,"menu_order":0,"comment_status":"closed","ping_status":"closed","template":"","meta":{"footnotes":""},"class_list":["post-14","page","type-page","status-publish","hentry"],"_links":{"self":[{"href":"https:\/\/crtt.net\/cancerologie\/wp-json\/wp\/v2\/pages\/14","targetHints":{"allow":["GET"]}}],"collection":[{"href":"https:\/\/crtt.net\/cancerologie\/wp-json\/wp\/v2\/pages"}],"about":[{"href":"https:\/\/crtt.net\/cancerologie\/wp-json\/wp\/v2\/types\/page"}],"author":[{"embeddable":true,"href":"https:\/\/crtt.net\/cancerologie\/wp-json\/wp\/v2\/users\/1"}],"replies":[{"embeddable":true,"href":"https:\/\/crtt.net\/cancerologie\/wp-json\/wp\/v2\/comments?post=14"}],"version-history":[{"count":18,"href":"https:\/\/crtt.net\/cancerologie\/wp-json\/wp\/v2\/pages\/14\/revisions"}],"predecessor-version":[{"id":3154,"href":"https:\/\/crtt.net\/cancerologie\/wp-json\/wp\/v2\/pages\/14\/revisions\/3154"}],"wp:attachment":[{"href":"https:\/\/crtt.net\/cancerologie\/wp-json\/wp\/v2\/media?parent=14"}],"curies":[{"name":"wp","href":"https:\/\/api.w.org\/{rel}","templated":true}]}}