{"id":1341,"date":"2012-09-26T15:53:13","date_gmt":"2012-09-26T15:53:13","guid":{"rendered":"http:\/\/michelongas.com\/?p=1341"},"modified":"2012-09-26T15:53:13","modified_gmt":"2012-09-26T15:53:13","slug":"radiotherapie-innovantes","status":"publish","type":"page","link":"https:\/\/crtt.net\/cancerologie\/faq\/radiotherapie-innovantes\/","title":{"rendered":"Radioth\u00e9rapie : mise en \u0153uvre de techniques de radioth\u00e9rapie innovantes"},"content":{"rendered":"<p><strong>Radioth\u00e9rapie conformationnelle en modulation d&rsquo;intensit\u00e9( RCMI) rotationnelle (VMAT) avec contr\u00f4le et recalage par imagerie embarqu\u00e9e 3D , technique op\u00e9rationnelle depuis mars 2012\u00a0<\/strong><\/p>\n<p>La pratique de la radioth\u00e9rapie conformationnelle en modulation d\u2019intensit\u00e9 (RCMI ou IMRT) rotationnelle (VMAT) avec contr\u00f4le par imagerie embarqu\u00e9e 3D (VMAT) install\u00e9e d\u00e9but 2012 au CRTT sur le site de Versailles fait appel \u00e0 la solution Vmat de la Soci\u00e9t\u00e9 ELEKTA.<\/p>\n<div>\n<p style=\"text-align: center\">Technique de RCMI (Vmat + IGRT)<\/p>\n<div style=\"width: 640px;\" class=\"wp-video\"><video class=\"wp-video-shortcode\" id=\"video-1341-1\" width=\"640\" height=\"360\" preload=\"metadata\" controls=\"controls\"><source type=\"video\/mp4\" src=\"https:\/\/crtt.net\/wp-content\/uploads\/2017\/01\/Elekta_VMAT.mp4?_=1\" \/><a href=\"https:\/\/crtt.net\/wp-content\/uploads\/2017\/01\/Elekta_VMAT.mp4\">https:\/\/crtt.net\/wp-content\/uploads\/2017\/01\/Elekta_VMAT.mp4<\/a><\/video><\/div>\n<p><span style=\"font-size: xx-small\">Vid\u00e9o fournie gracieusement par Elekta<\/span><\/p>\n<p style=\"text-align: left\">La mise au point de cette technique dans notre centre a n\u00e9cessit\u00e9 une ann\u00e9e de formation de l\u2019ensemble du personnel dans le cadre de la formation continue, elle s\u2019est adress\u00e9e aux m\u00e9decins, aux physiciens et au manipulateurs (trices) en radioth\u00e9rapie(MER). La r\u00e9alisation des contr\u00f4les qualit\u00e9s de l\u2019ensemble de l\u2019\u00e9quipement (machines, logicielles, dosim\u00e9trie) s\u2019est \u00e9tal\u00e9e sur une p\u00e9riode de 4 mois pour garantir la fiabilit\u00e9 des traitements et faire b\u00e9n\u00e9ficier aux plus grands nombres de patients de cette \u00e9volution majeure de traitements de radioth\u00e9rapie externe.<\/p>\n<\/div>\n<p>Les premiers traitements ont \u00e9t\u00e9 initi\u00e9s avec cette m\u00e9thode d\u00e8s le mois de mars 2012.<\/p>\n<p>Cette technologie (Arcth\u00e9rapie) de haute pr\u00e9cision permet de d\u00e9livrer une radioth\u00e9rapie de haute qualit\u00e9 en un temps r\u00e9duit, gr\u00e2ce \u00e0 :<\/p>\n<ul>\n<li>La rotation continue du bras de l&rsquo;acc\u00e9l\u00e9rateur autour du patient ;<\/li>\n<li>La fluctuation du d\u00e9bit de dose en temps r\u00e9el;<\/li>\n<li>La modification en temps r\u00e9el de la forme du faisceau en fonction des organes pr\u00e9sents sur le parcours<\/li>\n<\/ul>\n","protected":false},"excerpt":{"rendered":"<p>Radioth\u00e9rapie conformationnelle en modulation d&rsquo;intensit\u00e9( RCMI) rotationnelle (VMAT) avec contr\u00f4le et recalage par imagerie embarqu\u00e9e 3D , technique op\u00e9rationnelle depuis mars 2012\u00a0 La pratique de la radioth\u00e9rapie conformationnelle en modulation d\u2019intensit\u00e9 (RCMI ou IMRT) rotationnelle (VMAT) avec contr\u00f4le par imagerie embarqu\u00e9e 3D (VMAT) install\u00e9e d\u00e9but 2012 au CRTT sur le site de Versailles fait appel [&hellip;]<\/p>\n","protected":false},"author":1,"featured_media":0,"parent":55,"menu_order":0,"comment_status":"closed","ping_status":"closed","template":"","meta":{"footnotes":""},"class_list":["post-1341","page","type-page","status-publish","hentry"],"_links":{"self":[{"href":"https:\/\/crtt.net\/cancerologie\/wp-json\/wp\/v2\/pages\/1341","targetHints":{"allow":["GET"]}}],"collection":[{"href":"https:\/\/crtt.net\/cancerologie\/wp-json\/wp\/v2\/pages"}],"about":[{"href":"https:\/\/crtt.net\/cancerologie\/wp-json\/wp\/v2\/types\/page"}],"author":[{"embeddable":true,"href":"https:\/\/crtt.net\/cancerologie\/wp-json\/wp\/v2\/users\/1"}],"replies":[{"embeddable":true,"href":"https:\/\/crtt.net\/cancerologie\/wp-json\/wp\/v2\/comments?post=1341"}],"version-history":[{"count":0,"href":"https:\/\/crtt.net\/cancerologie\/wp-json\/wp\/v2\/pages\/1341\/revisions"}],"up":[{"embeddable":true,"href":"https:\/\/crtt.net\/cancerologie\/wp-json\/wp\/v2\/pages\/55"}],"wp:attachment":[{"href":"https:\/\/crtt.net\/cancerologie\/wp-json\/wp\/v2\/media?parent=1341"}],"curies":[{"name":"wp","href":"https:\/\/api.w.org\/{rel}","templated":true}]}}