{"id":1101,"date":"2012-09-15T10:29:33","date_gmt":"2012-09-15T10:29:33","guid":{"rendered":"http:\/\/michelongas.com\/?p=1101"},"modified":"2012-09-15T10:29:33","modified_gmt":"2012-09-15T10:29:33","slug":"chimiotherapie-effets-secondaires","status":"publish","type":"page","link":"https:\/\/crtt.net\/cancerologie\/faq\/chimiotherapie-effets-secondaires\/","title":{"rendered":"Chimioth\u00e9rapie : effets secondaires"},"content":{"rendered":"<h2 style=\"text-align: justify\">Chimioth\u00e9rapie : quels sont les effets secondaires possibles et comment y rem\u00e9dier?<\/h2>\n<h3 style=\"text-align: justify\"><strong>Naus\u00e9es \/ Vomissements<\/strong><\/h3>\n<p style=\"text-align: justify\">Il s&rsquo;agit le plus souvent de sensations d&rsquo;envie de vomir (naus\u00e9e) sans vomissements. Vous vous sentez sans app\u00e9tit, barbouill\u00e9. Vous pouvez aussi ressentir un mauvais go\u00fbt dans la bouche ou devenir sensible aux odeurs. Les naus\u00e9es surviennent habituellement le jour de l&rsquo;administration de la chimioth\u00e9rapie ou dans les jours suivants.\u00a0<br \/>Ces sympt\u00f4mes seront pr\u00e9venus gr\u00e2ce aux m\u00e9dicaments anti-\u00e9m\u00e9tiques ou anti-vomitifs soit en perfusion juste avant le traitement de votre chimioth\u00e9rapie soit en comprim\u00e9s, ou suppositoires \u00e0 domicile dans les jours qui suivent.<\/p>\n<p style=\"text-align: justify\"><strong>Conseils<\/strong><\/p>\n<ul style=\"text-align: justify\">\n<li>Evitez les fritures ou les aliments \u00e0 forte odeur<\/li>\n<li>Pr\u00e9f\u00e9rez les aliments froids ou r\u00e9chauff\u00e9s lentement<\/li>\n<li>Boire beaucoup de liquide \u00e0 petites gorg\u00e9es, les boissons gazeuses ou le th\u00e9 glac\u00e9<\/li>\n<li>Sucez des bonbons acidul\u00e9s ou menthol\u00e9s pour diminuer le go\u00fbt d\u00e9sagr\u00e9able parfois d\u00e9clench\u00e9 par la chimioth\u00e9rapie<\/li>\n<\/ul>\n<h3 style=\"text-align: justify\">Diarrh\u00e9e<\/h3>\n<p style=\"text-align: justify\">La diarrh\u00e9e est l&rsquo;apparition de selles plusieurs fois par jour, parfois de consistance molle ou liquide. Dans la plupart des cas, elle ne dure pas plus de 2 \u00e0 3 jours mais si elle se prolonge, avertissez votre m\u00e9decin traitant. Des m\u00e9dicaments contre la diarrh\u00e9e (m\u00e9dicament anti-diarrh\u00e9ique) pourront vous \u00eatre prescrits.<\/p>\n<p style=\"text-align: justify\">\u00a0<\/p>\n<table style=\"width: 100%;border: 1px solid #006600\" border=\"1\">\n<tbody>\n<tr>\n<td>\n<p style=\"text-align: center\"><strong>Aliments conseill\u00e9s<\/strong><\/p>\n<\/td>\n<td>\n<p style=\"text-align: center\"><strong>Aliments d\u00e9conseill\u00e9s<\/strong><\/p>\n<\/td>\n<\/tr>\n<tr>\n<td>\n<ul>\n<li>L\u00e9gumes : carottes, f\u00e9culents<\/li>\n<li>Fruits : bananes<\/li>\n<li>Fromages : \u00e0 p\u00e2te cuite ou \u00e0 tartiner<\/li>\n<li>Riz, semoule, farine, chocolat<\/li>\n<li>Boissons : boire beaucoup d&rsquo;eau<\/li>\n<\/ul>\n<\/td>\n<td>\n<ul>\n<li>L\u00e9gumes verts ou cuits et crudit\u00e9s<\/li>\n<li>Fruits : fruits frais ou jus de fruit<\/li>\n<li>Laitage : yaourt, lait<\/li>\n<li>Pain complet<\/li>\n<li>Epices, fritures, plats en sauce<\/li>\n<li>Boissons : caf\u00e9 ou th\u00e9 fort<\/li>\n<\/ul>\n<\/td>\n<\/tr>\n<\/tbody>\n<\/table>\n<h3 style=\"text-align: justify\">Diarrh\u00e9e<\/h3>\n<p style=\"text-align: justify\">La diarrh\u00e9e est l&rsquo;apparition de selles plusieurs fois par jour, parfois de consistance molle ou liquide. Dans la plupart des cas, elle ne dure pas plus de 2 \u00e0 3 jours mais si elle se prolonge, avertissez votre m\u00e9decin traitant. Des m\u00e9dicaments contre la diarrh\u00e9e (m\u00e9dicament anti-diarrh\u00e9ique) pourront vous \u00eatre prescrits.<\/p>\n<h3 style=\"text-align: justify\">Constipation<\/h3>\n<p style=\"text-align: justify\">La constipation est une diminution de la fr\u00e9quence des selles par rapport au rythme habituel. Une constipation tr\u00e8s s\u00e9v\u00e8re peut entra\u00eener un ballonnement abdominal et des naus\u00e9es.\u00a0Un traitement laxatif pour faciliter le transit pourra vous \u00eatre prescrit.<\/p>\n<p style=\"text-align: justify\"><strong style=\"color: #000000;font-family: Verdana, Arial, Helvetica, sans-serif;font-size: 12px;line-height: normal\">Conseils<\/strong><\/p>\n<ul style=\"color: #000000;font-family: Verdana, Arial, Helvetica, sans-serif;font-size: 12px;line-height: normal;text-align: justify\">\n<li>Buvez jusqu&rsquo;\u00e0 2 litres par jour<\/li>\n<li>Privil\u00e9gier les aliments riches en fibres : l\u00e9gumes, fruits et pruneaux<\/li>\n<li>Buvez un jus de fruit le matin au r\u00e9veil<\/li>\n<\/ul>\n<h3 style=\"text-align: justify\">Mucites<\/h3>\n<p style=\"text-align: justify\">Certaines chimioth\u00e9rapies et surtout celles qui sont associ\u00e9es \u00e0 la radioth\u00e9rapie peuvent entra\u00eener une inflammation de la bouche et\/ou de la gorge pouvant se compliquer d&rsquo;aphtes et de mycoses (muguet). Cette mucite peut g\u00eaner votre alimentation voire l&#8217;emp\u00eacher compl\u00e8tement.<\/p>\n<p style=\"text-align: justify\"><strong style=\"color: #000000;font-family: Verdana, Arial, Helvetica, sans-serif;font-size: 12px;line-height: normal\">Conseils<\/strong><\/p>\n<ul style=\"text-align: justify\">\n<li>Ayez une bonne hygi\u00e8ne buccale<\/li>\n<li>Faites des bains de bouche \u00e0 base de bicarbonate prescrits par votre m\u00e9decin. N&rsquo;avalez pas le liquide, gardez le dans la bouche 3 minutes puis recracher.<\/li>\n<li>Les bains de bouche se font au minimum 3 fois par jour apr\u00e8s les repas<\/li>\n<li>Sucez des gla\u00e7ons<\/li>\n<li>Buvez 1 \u00e0 2 litres d&rsquo;eau<\/li>\n<li>Evitez les aliments trop acides ou trop \u00e9pic\u00e9s<\/li>\n<li>Evitez le tabac et l&rsquo;alcool<\/li>\n<\/ul>\n<p style=\"text-align: justify\">Les bains de bouche sont compos\u00e9s d&rsquo;une solution de bicarbonate de sodium, m\u00e9lang\u00e9e \u00e0 un m\u00e9dicament antiseptique et \u00e0 un m\u00e9dicament contre les mycoses (anti-fongiques).<\/p>\n<p style=\"text-align: justify\">C&rsquo;est votre pharmacien qui les pr\u00e9pare sur ordonnance m\u00e9dicale.<\/p>\n<h3 style=\"text-align: justify\">Troubles sanguins &#8211; Num\u00e9ration Formule Sanguine (NFS)<\/h3>\n<p style=\"text-align: justify\">Certaines chimioth\u00e9rapies entra\u00eenent des baisses de vos globules et va n\u00e9cessiter des prises de sang r\u00e9alis\u00e9es \u00e0 domicile 1 \u00e0 2 fois par semaine selon le traitement. Cette prise de sang qui permet de compter les globules s&rsquo;appelle Num\u00e9ration Formule Sanguine ou NFS.<\/p>\n<h3 style=\"text-align: justify\"><strong><br \/>A\/ An\u00e9mie<\/strong><\/h3>\n<p style=\"text-align: justify\"><strong><\/strong>Les globules rouges ont pour but de transporter l&rsquo;oxyg\u00e8ne aux cellules du corps humain.<br \/>La baisse en globules rouges peut se traduire par une fatigue, une p\u00e2leur, un essoufflement \u00e0 l&rsquo;effort.<\/p>\n<p style=\"text-align: justify\"><strong style=\"color: #000000;font-family: Verdana, Arial, Helvetica, sans-serif;font-size: 12px;line-height: normal\">Conseils<\/strong><\/p>\n<ul style=\"text-align: justify\">\n<li>Reposez vous d\u00e8s que vous vous sentez fatigu\u00e9<\/li>\n<li>Demandez de l&rsquo;aide pour accomplir les travaux m\u00e9nagers<\/li>\n<li>Buvez beaucoup d&rsquo;eau<\/li>\n<\/ul>\n<div style=\"text-align: justify\">Dans certains cas, votre m\u00e9decin pourra vous prescrire des piq\u00fbres pour augmenter le nombre des globules rouges (ERYTHROPOIETINE)<\/div>\n<div style=\"text-align: justify\">Quand l&rsquo;h\u00e9moglobine est inf\u00e9rieure \u00e0 8g\/100ml, il faut envisager le plus souvent une transfusion de sang sur prescription m\u00e9dicale.<\/div>\n<h3 style=\"text-align: justify\"><strong><br \/>B\/Leucop\u00e9nie<\/strong><\/h3>\n<p style=\"text-align: justify\">Les globules blancs servent \u00e0 la lutte contre les infections. Parmi eux, on distingue les polynucl\u00e9aires neutrophiles (PNN) dont le r\u00f4le est la lutte contre les infections bact\u00e9riennes.<\/p>\n<p style=\"text-align: justify\">Certaines chimioth\u00e9rapies entra\u00eenent une diminution des globules blancs dans le sang ce qui vous rend plus fragile envers les infections. Pendant cette p\u00e9riode vous pouvez vous sentir fatigu\u00e9 et vous pouvez ressentir une baisse de moral.<\/p>\n<p style=\"text-align: justify\">Cela survient le plus souvent entre le 8\u00e8me et le 15\u00e8me jour suivant l&rsquo;administration de la cure de chimioth\u00e9rapie.<\/p>\n<p style=\"text-align: justify\"><strong style=\"color: #000000;font-family: Verdana, Arial, Helvetica, sans-serif;font-size: 12px;line-height: normal\">Conseils<\/strong><\/p>\n<ul style=\"text-align: justify\">\n<li>Evitez le contact avec les personnes atteintes de grippe, rhume ou herp\u00e8s pendant ces p\u00e9riodes.<\/li>\n<li>Lavez vous les mains plusieurs fois par jour (apr\u00e8s les toilettes et avant le repas)<\/li>\n<li>Evitez les petites blessures de la peau (jardinage, rasage)<\/li>\n<li>Si vous avez de la fi\u00e8vre sup\u00e9rieure ou \u00e9gale \u00e0, 38\u00b0C, avertissez votre m\u00e9decin pour r\u00e9aliser un pr\u00e9l\u00e8vement sanguin. Dans certains cas, votre m\u00e9decin vous donnera des antibiotiques pour traiter une \u00e9ventuelle infection.<\/li>\n<li>Ne prenez pas votre temp\u00e9rature syst\u00e9matiquement tous les jours mais uniquement si vous ne vous sentez pas bien ou si vous vous sentez f\u00e9brile.<\/li>\n<\/ul>\n<p style=\"text-align: justify\">Dans certains cas, votre m\u00e9decin pourra prescrire des piq\u00fbres pour augmenter la production de ces globules blancs.<em>A savoir :\u00a0<br \/><\/em><\/p>\n<ul style=\"text-align: justify\">\n<li>Si PNN sup\u00e9rieur \u00e0 1000\/mm3 : pas de probl\u00e8me<\/li>\n<li>Si PNN compris entre 500 et 1000\/mm3 : vous \u00eates autoris\u00e9 \u00e0 sortir dans les lieux publics mais il faut \u00e9viter le contact de personnes infect\u00e9es.<\/li>\n<li>Si PNN inf\u00e9rieurs \u00e0 500\/mm3 :\u00a0\n<ul>\n<li>si vous avez de la fi\u00e8vre, pr\u00e9venez votre m\u00e9decin traitant et prendre l&rsquo;antibiotique qui vous a \u00e9t\u00e9 prescrit<\/li>\n<li>si frissons ou persistance de la fi\u00e8vre plus de 24 heures sous antibiotiques, t\u00e9l\u00e9phoner \u00e0 votre m\u00e9decin traitant ou dans le service qui vous prend en charge<\/li>\n<li>il est possible que l&rsquo;on vous hospitalise quelques jours, pour passer les antibiotiques par voie veineuse jusqu&rsquo;\u00e0 ce que les globules blancs remontent.<\/li>\n<\/ul>\n<\/li>\n<\/ul>\n<h3 style=\"text-align: justify\"><strong>C\/Thrombop\u00e9nie<\/strong><\/h3>\n<p style=\"text-align: justify\"><strong><\/strong>Les plaquettes sont des cellules du sang qui permettent la coagulation du sang.<br \/>Certaines chimioth\u00e9rapies entra\u00eenent une diminution des plaquettes qui survient le plus souvent entre le 8\u00e8me et le 15\u00e8me jour suivant l&rsquo;administration de la cure de chimioth\u00e9rapie.<\/p>\n<p style=\"text-align: justify\">Ceci peut provoquer des saignements au niveau des gencives, du nez, du vagin, des h\u00e9matomes spontan\u00e9s sans choc.<\/p>\n<p style=\"text-align: justify\"><strong>Conseils<\/strong><\/p>\n<ul style=\"text-align: justify\">\n<li>Evitez les activit\u00e9s violentes<\/li>\n<li>Pour le rasage, pr\u00e9f\u00e9rez un rasoir \u00e9lectrique<\/li>\n<li>Pour le brossage des dents, pr\u00e9f\u00e9rez une brosse \u00e0 poils souples. Si vous saignez, prenez contact imm\u00e9diatement avec votre m\u00e9decin<\/li>\n<\/ul>\n<p style=\"text-align: justify\">Chute des cheveux (alop\u00e9cie)<br \/>Certaines chimioth\u00e9rapies peuvent entra\u00eener la chute des cheveux. Celle-ci est temporaire. Et la repousse des cheveux aura lieu une fois l&rsquo;ensemble de la chimioth\u00e9rapie termin\u00e9e.<\/p>\n<p style=\"text-align: justify\"><strong>Conseils<\/strong><\/p>\n<ul style=\"text-align: justify\">\n<li>Coupez vos cheveux tr\u00e8s courts avant le traitement.<\/li>\n<li>Choisissez si possible une perruque si vous le souhaitez avant la chute des cheveux.La perruque (ou proth\u00e8se capillaire) est rembours\u00e9e \u00e0 125 \u20ac par la S\u00e9curit\u00e9 Sociale. Avant de l&rsquo;acheter, demander \u00e0 votre mutuelle si elle paie un compl\u00e9ment.<\/li>\n<li>Utilisez une brosse \u00e0 cheveux douce ou un peigne \u00e0 dents \u00e9cart\u00e9es<\/li>\n<li>Utilisez des shampoings doux, neutres et ne vous lavez pas les cheveux les 5 jours qui suivent la cure de chimioth\u00e9rapie<\/li>\n<li>Evitez les teintures, permanentes, sprays, laques, bigoudis, s\u00e8che-cheveux<\/li>\n<\/ul>\n<p style=\"text-align: justify\">Dans certains cas, l&rsquo;\u00e9quipe soignante vous proposera un casque r\u00e9frig\u00e9rant \u00e0 porter pendant toute la dur\u00e9e de la cure de chimioth\u00e9rapie pour diminuer le risque de la chute de cheveux. La sensation provoqu\u00e9e par le contact du casque peut \u00eatre d\u00e9sagr\u00e9able.<\/p>\n<p style=\"text-align: justify\">Avec certaines chimioth\u00e9rapies, ce casque ne peut pas vous \u00eatre propos\u00e9.<\/p>\n<h3 style=\"text-align: justify\">Fourmillement<\/h3>\n<p style=\"text-align: justify\">Certains traitements peuvent entra\u00eener des sensations de fourmillement ou de picotements au niveau des mains et des pieds.<\/p>\n<p style=\"text-align: justify\">L&rsquo;exposition au froid peut d\u00e9clencher et aggraver ces effets.\u00a0<br \/>En cas de picotements qui durent plusieurs jours, veuillez en informer votre m\u00e9decin.<\/p>\n<p style=\"text-align: justify\"><strong style=\"color: #000000;font-family: Verdana, Arial, Helvetica, sans-serif;font-size: 12px;line-height: normal\">Conseils<\/strong><\/p>\n<ul style=\"text-align: justify\">\n<li>Evitez de rester dehors si il fait froid<\/li>\n<li>Evitez le contact avec le froid : r\u00e9frig\u00e9rateur, cong\u00e9lateur<\/li>\n<li>Ne vous lavez pas les mains \u00e0 l&rsquo;eau froide<\/li>\n<li>Ne mangez pas d&rsquo;aliments froids<\/li>\n<li>Ne buvez pas de boissons fra\u00eeches<\/li>\n<\/ul>\n<h3 style=\"text-align: justify\">La modification de la peau et des ongles<strong>\u00a0<\/strong><\/h3>\n<p style=\"text-align: justify\"><strong><\/strong>Certains m\u00e9dicaments entra\u00eenent une hypersensibilit\u00e9 au soleil qui peut favoriser l&rsquo;apparition de coup de soleil.<\/p>\n<p style=\"text-align: justify\">Vous devez alors \u00e9viter de vous exposer au soleil sans protection (cr\u00e8me, lunette, chapeau) et de fa\u00e7on prolong\u00e9e.<br \/>Certains m\u00e9dicaments de chimioth\u00e9rapie entra\u00eenent une toxicit\u00e9 de vos ongles. Leur croissance est stopp\u00e9e et ils peuvent parfois tomber. Cette toxicit\u00e9 est toujours r\u00e9versible.<\/p>\n<p style=\"text-align: justify\"><strong>Conseils<\/strong><\/p>\n<ul style=\"text-align: justify\">\n<li>Appliquez un vernis \u00e0 ongles \u00e9pais et opaque pendant la dur\u00e9e de la chimioth\u00e9rapie<\/li>\n<li>Masser vos doigts avec une cr\u00e8me type AVIBON\u00ae<\/li>\n<\/ul>\n<h3 style=\"text-align: justify\">Fatigue<\/h3>\n<p style=\"text-align: justify\">La fatigue est l&rsquo;un des sympt\u00f4mes les plus fr\u00e9quents ressentis par les patients.\u00a0Elle peut \u00eatre li\u00e9e \u00e0 plusieurs causes :<\/p>\n<ul style=\"text-align: justify\">\n<li>Vos d\u00e9placements hospitaliers fr\u00e9quents, la dur\u00e9e des attentes, les traitements et les examens<\/li>\n<li>Les effets secondaires des traitements<\/li>\n<li>La maladie elle-m\u00eame<\/li>\n<li>L&rsquo;an\u00e9mie<\/li>\n<li>La faiblesse musculaire due \u00e0 un traitement prolong\u00e9 de cortico\u00efdes<\/li>\n<li>Une baisse de moral avec des id\u00e9es noires et\/ ou des troubles du sommeil.<\/li>\n<\/ul>\n<p style=\"text-align: justify\">Si vous le souhaitez et si cela vous est possible, vous pourrez obtenir un arr\u00eat de travail.<\/p>\n<p style=\"text-align: justify\">En cas de fatigue, essayer de faire le moins de t\u00e2ches m\u00e9nag\u00e8res si possible.\u00a0<\/p>\n<p style=\"text-align: justify\">Donnez la priorit\u00e9 aux activit\u00e9s qui vous font plaisir.<\/p>\n<p style=\"text-align: justify\">Pour certains, le maintien d&rsquo;une activit\u00e9 professionnelle \u00e0 temps partiel permet de se changer les id\u00e9es. Il peut aussi s&rsquo;agir de loisir.<\/p>\n<p style=\"text-align: justify\">D&rsquo;autres pr\u00e9f\u00e8rent se reposer. Mais le maintien d&rsquo;une activit\u00e9 physique r\u00e9guli\u00e8re est favorable \u00e0 l&rsquo;entretien musculaire, stimule l&rsquo;app\u00e9tit et le transit intestinal.<\/p>\n<p style=\"text-align: justify\">La marche et la natation sont les plus adapt\u00e9es.<\/p>\n<p style=\"text-align: justify\"><strong>En cas de signe de fatigue, parlez en \u00e0 votre m\u00e9decin.<\/strong><\/p>\n","protected":false},"excerpt":{"rendered":"<p>Chimioth\u00e9rapie : quels sont les effets secondaires possibles et comment y rem\u00e9dier? Naus\u00e9es \/ Vomissements Il s&rsquo;agit le plus souvent de sensations d&rsquo;envie de vomir (naus\u00e9e) sans vomissements. Vous vous sentez sans app\u00e9tit, barbouill\u00e9. Vous pouvez aussi ressentir un mauvais go\u00fbt dans la bouche ou devenir sensible aux odeurs. Les naus\u00e9es surviennent habituellement le jour [&hellip;]<\/p>\n","protected":false},"author":1,"featured_media":0,"parent":55,"menu_order":0,"comment_status":"closed","ping_status":"closed","template":"","meta":{"footnotes":""},"class_list":["post-1101","page","type-page","status-publish","hentry"],"_links":{"self":[{"href":"https:\/\/crtt.net\/cancerologie\/wp-json\/wp\/v2\/pages\/1101","targetHints":{"allow":["GET"]}}],"collection":[{"href":"https:\/\/crtt.net\/cancerologie\/wp-json\/wp\/v2\/pages"}],"about":[{"href":"https:\/\/crtt.net\/cancerologie\/wp-json\/wp\/v2\/types\/page"}],"author":[{"embeddable":true,"href":"https:\/\/crtt.net\/cancerologie\/wp-json\/wp\/v2\/users\/1"}],"replies":[{"embeddable":true,"href":"https:\/\/crtt.net\/cancerologie\/wp-json\/wp\/v2\/comments?post=1101"}],"version-history":[{"count":0,"href":"https:\/\/crtt.net\/cancerologie\/wp-json\/wp\/v2\/pages\/1101\/revisions"}],"up":[{"embeddable":true,"href":"https:\/\/crtt.net\/cancerologie\/wp-json\/wp\/v2\/pages\/55"}],"wp:attachment":[{"href":"https:\/\/crtt.net\/cancerologie\/wp-json\/wp\/v2\/media?parent=1101"}],"curies":[{"name":"wp","href":"https:\/\/api.w.org\/{rel}","templated":true}]}}